{"id":1004,"date":"2022-05-16T15:21:23","date_gmt":"2022-05-16T13:21:23","guid":{"rendered":"https:\/\/vancleven.be\/installaties\/"},"modified":"2022-05-31T14:06:20","modified_gmt":"2022-05-31T12:06:20","slug":"installations","status":"publish","type":"page","link":"https:\/\/vancleven.be\/fr\/installations\/","title":{"rendered":"Installations"},"content":{"rendered":"<section class=\"l-section wpb_row us_custom_264e2b36 height_auto\"><div class=\"l-section-h i-cf\"><div class=\"g-cols vc_row via_flex valign_top type_default stacking_default\"><div class=\"vc_col-sm-12 wpb_column vc_column_container\"><div class=\"vc_column-inner\"><div class=\"wpb_wrapper\"><\/div><\/div><\/div><\/div><\/div><\/section><section class=\"l-section wpb_row height_large\"><div class=\"l-section-h i-cf\"><div class=\"g-cols vc_row via_flex valign_top type_default stacking_default\"><div class=\"vc_col-sm-12 wpb_column vc_column_container\"><div class=\"vc_column-inner\"><div class=\"wpb_wrapper\"><div class=\"wpb_text_column us_custom_6745946f has_text_color\"><div class=\"wpb_wrapper\"><h1>Installations de refroidissement<\/h1>\n<\/div><\/div><div class=\"w-separator us_custom_29a0f245 margin0 size_small with_line width_50 thick_1 style_solid color_secondary align_center\"><div class=\"w-separator-h\"><\/div><\/div><div class=\"w-grid type_grid layout_176 cols_3\" id=\"us_grid_1\" data-filterable=\"true\"><style>#us_grid_1 .w-grid-item{padding:1.5rem}#us_grid_1 .w-grid-list{margin:-1.5rem}.w-grid + #us_grid_1 .w-grid-list,.w-grid-none + #us_grid_1 .w-grid-list{margin-top:1.5rem}@media (max-width:899px){#us_grid_1 .w-grid-item{width:50%}}@media (max-width:599px){#us_grid_1 .w-grid-list{margin:0}#us_grid_1 .w-grid-item{width:100%;padding:0;margin-bottom:1.5rem}}.layout_176 .w-grid-item-h{}<\/style><div class=\"w-grid-list\">\t<article class=\"w-grid-item size_1x1 post-1035 page type-page status-publish has-post-thumbnail hentry\" data-id=\"1035\">\r\n\t\t<div class=\"w-grid-item-h\">\r\n\t\t\t\t\t\t\t<a class=\"w-grid-item-anchor\" href=\"https:\/\/vancleven.be\/fr\/installations\/refroidissement\/\" rel=\"bookmark\" aria-label=\"Refroidissement\"><\/a>\r\n\t\t\t\t\t\t<div class=\"w-post-elm post_image usg_post_image_1 has_ratio\"><div style=\"padding-bottom:43.8889%\"><\/div><a href=\"https:\/\/vancleven.be\/fr\/installations\/refroidissement\/\" aria-label=\"Refroidissement\"><img loading=\"lazy\" decoding=\"async\" width=\"360\" height=\"158\" src=\"https:\/\/vancleven.be\/wp-content\/uploads\/2022\/05\/1.jpg\" class=\"attachment-large size-large wp-post-image\" alt=\"\" srcset=\"https:\/\/vancleven.be\/wp-content\/uploads\/2022\/05\/1.jpg 360w, https:\/\/vancleven.be\/wp-content\/uploads\/2022\/05\/1-300x132.jpg 300w\" sizes=\"auto, (max-width: 360px) 100vw, 360px\" \/><\/a><\/div><span class=\"w-post-elm post_title usg_post_title_1 buttongrid align_center entry-title color_link_inherit\"><a href=\"https:\/\/vancleven.be\/fr\/installations\/refroidissement\/\">Refroidissement<\/a><\/span>\t\t<\/div>\r\n\t<\/article>\r\n\t<article class=\"w-grid-item size_1x1 post-1059 page type-page status-publish has-post-thumbnail hentry\" data-id=\"1059\">\r\n\t\t<div class=\"w-grid-item-h\">\r\n\t\t\t\t\t\t\t<a class=\"w-grid-item-anchor\" href=\"https:\/\/vancleven.be\/fr\/installations\/air-conditionne\/\" rel=\"bookmark\" aria-label=\"Air conditionn\u00e9\"><\/a>\r\n\t\t\t\t\t\t<div class=\"w-post-elm post_image usg_post_image_1 has_ratio\"><div style=\"padding-bottom:43.8889%\"><\/div><a href=\"https:\/\/vancleven.be\/fr\/installations\/air-conditionne\/\" aria-label=\"Air conditionn\u00e9\"><img loading=\"lazy\" decoding=\"async\" width=\"360\" height=\"158\" src=\"https:\/\/vancleven.be\/wp-content\/uploads\/2022\/05\/3.jpg\" class=\"attachment-large size-large wp-post-image\" alt=\"\" srcset=\"https:\/\/vancleven.be\/wp-content\/uploads\/2022\/05\/3.jpg 360w, https:\/\/vancleven.be\/wp-content\/uploads\/2022\/05\/3-300x132.jpg 300w\" sizes=\"auto, (max-width: 360px) 100vw, 360px\" \/><\/a><\/div><span class=\"w-post-elm post_title usg_post_title_1 buttongrid align_center entry-title color_link_inherit\"><a href=\"https:\/\/vancleven.be\/fr\/installations\/air-conditionne\/\">Air conditionn\u00e9<\/a><\/span>\t\t<\/div>\r\n\t<\/article>\r\n\t<article class=\"w-grid-item size_1x1 post-1068 page type-page status-publish has-post-thumbnail hentry\" data-id=\"1068\">\r\n\t\t<div class=\"w-grid-item-h\">\r\n\t\t\t\t\t\t\t<a class=\"w-grid-item-anchor\" href=\"https:\/\/vancleven.be\/fr\/installations\/traitement-de-lair\/\" rel=\"bookmark\" aria-label=\"Traitement de l\u2019air\"><\/a>\r\n\t\t\t\t\t\t<div class=\"w-post-elm post_image usg_post_image_1 has_ratio\"><div style=\"padding-bottom:43.8889%\"><\/div><a href=\"https:\/\/vancleven.be\/fr\/installations\/traitement-de-lair\/\" aria-label=\"Traitement de l\u2019air\"><img loading=\"lazy\" decoding=\"async\" width=\"360\" height=\"158\" src=\"https:\/\/vancleven.be\/wp-content\/uploads\/2022\/05\/5.jpg\" class=\"attachment-large size-large wp-post-image\" alt=\"\" srcset=\"https:\/\/vancleven.be\/wp-content\/uploads\/2022\/05\/5.jpg 360w, https:\/\/vancleven.be\/wp-content\/uploads\/2022\/05\/5-300x132.jpg 300w\" sizes=\"auto, (max-width: 360px) 100vw, 360px\" \/><\/a><\/div><span class=\"w-post-elm post_title usg_post_title_1 buttongrid align_center entry-title color_link_inherit\"><a href=\"https:\/\/vancleven.be\/fr\/installations\/traitement-de-lair\/\">Traitement de l\u2019air<\/a><\/span>\t\t<\/div>\r\n\t<\/article>\r\n\t<article class=\"w-grid-item size_1x1 post-1077 page type-page status-publish has-post-thumbnail hentry\" data-id=\"1077\">\r\n\t\t<div class=\"w-grid-item-h\">\r\n\t\t\t\t\t\t\t<a class=\"w-grid-item-anchor\" href=\"https:\/\/vancleven.be\/fr\/installations\/salles-blanches\/\" rel=\"bookmark\" aria-label=\"Salles blanches\"><\/a>\r\n\t\t\t\t\t\t<div class=\"w-post-elm post_image usg_post_image_1 has_ratio\"><div style=\"padding-bottom:43.8889%\"><\/div><a href=\"https:\/\/vancleven.be\/fr\/installations\/salles-blanches\/\" aria-label=\"Salles blanches\"><img loading=\"lazy\" decoding=\"async\" width=\"360\" height=\"158\" src=\"https:\/\/vancleven.be\/wp-content\/uploads\/2022\/05\/2.jpg\" class=\"attachment-large size-large wp-post-image\" alt=\"\" srcset=\"https:\/\/vancleven.be\/wp-content\/uploads\/2022\/05\/2.jpg 360w, https:\/\/vancleven.be\/wp-content\/uploads\/2022\/05\/2-300x132.jpg 300w\" sizes=\"auto, (max-width: 360px) 100vw, 360px\" \/><\/a><\/div><span class=\"w-post-elm post_title usg_post_title_1 buttongrid align_center entry-title color_link_inherit\"><a href=\"https:\/\/vancleven.be\/fr\/installations\/salles-blanches\/\">Salles blanches<\/a><\/span>\t\t<\/div>\r\n\t<\/article>\r\n\t<article class=\"w-grid-item size_1x1 post-1080 page type-page status-publish has-post-thumbnail hentry\" data-id=\"1080\">\r\n\t\t<div class=\"w-grid-item-h\">\r\n\t\t\t\t\t\t\t<a class=\"w-grid-item-anchor\" href=\"https:\/\/vancleven.be\/fr\/installations\/constructions-isotherme\/\" rel=\"bookmark\" aria-label=\"Constructions isotherme\"><\/a>\r\n\t\t\t\t\t\t<div class=\"w-post-elm post_image usg_post_image_1 has_ratio\"><div style=\"padding-bottom:43.8889%\"><\/div><a href=\"https:\/\/vancleven.be\/fr\/installations\/constructions-isotherme\/\" aria-label=\"Constructions isotherme\"><img loading=\"lazy\" decoding=\"async\" width=\"360\" height=\"158\" src=\"https:\/\/vancleven.be\/wp-content\/uploads\/2022\/05\/4.jpg\" class=\"attachment-large size-large wp-post-image\" alt=\"\" srcset=\"https:\/\/vancleven.be\/wp-content\/uploads\/2022\/05\/4.jpg 360w, https:\/\/vancleven.be\/wp-content\/uploads\/2022\/05\/4-300x132.jpg 300w\" sizes=\"auto, (max-width: 360px) 100vw, 360px\" \/><\/a><\/div><span class=\"w-post-elm post_title usg_post_title_1 buttongrid align_center entry-title color_link_inherit\"><a href=\"https:\/\/vancleven.be\/fr\/installations\/constructions-isotherme\/\">Constructions isotherme<\/a><\/span>\t\t<\/div>\r\n\t<\/article>\r\n<\/div><div class=\"w-grid-preloader\"><div class=\"g-preloader type_1\">\r\n\t<div><\/div>\r\n<\/div>\r\n<\/div>\t<div class=\"w-grid-json hidden\" onclick='return {&quot;action&quot;:&quot;us_ajax_grid&quot;,&quot;ajax_url&quot;:&quot;https:\\\/\\\/vancleven.be\\\/wp-admin\\\/admin-ajax.php&quot;,&quot;infinite_scroll&quot;:0,&quot;max_num_pages&quot;:1,&quot;pagination&quot;:&quot;none&quot;,&quot;permalink_url&quot;:&quot;https:\\\/\\\/vancleven.be\\\/fr\\\/wp-json\\\/wp\\\/v2\\\/pages\\\/1004\\\/&quot;,&quot;template_vars&quot;:{&quot;columns&quot;:&quot;3&quot;,&quot;exclude_items&quot;:&quot;none&quot;,&quot;img_size&quot;:&quot;default&quot;,&quot;ignore_items_size&quot;:false,&quot;items_layout&quot;:&quot;176&quot;,&quot;items_offset&quot;:&quot;1&quot;,&quot;load_animation&quot;:&quot;none&quot;,&quot;overriding_link&quot;:&quot;post&quot;,&quot;post_id&quot;:1004,&quot;query_args&quot;:{&quot;post_parent&quot;:1004,&quot;post_type&quot;:&quot;any&quot;,&quot;ignore_sticky_posts&quot;:1,&quot;posts_per_page&quot;:&quot;6&quot;},&quot;orderby_query_args&quot;:{&quot;orderby&quot;:{&quot;date&quot;:&quot;DESC&quot;}},&quot;type&quot;:&quot;grid&quot;,&quot;us_grid_ajax_index&quot;:1,&quot;us_grid_filter_params&quot;:null,&quot;us_grid_index&quot;:1,&quot;_us_grid_post_type&quot;:&quot;current_child_pages&quot;,&quot;lang&quot;:&quot;fr&quot;}}'><\/div>\r\n\t<\/div><\/div><\/div><\/div><\/div><\/div><\/section>\n","protected":false},"excerpt":{"rendered":"Constructions isotherme Nos panneaux \u00e0 fixer au mur ou au plafond : le refroidissement sur mesure Nous avons d\u00e9j\u00e0 plus de cinquante ans d\u2019exp\u00e9rience dans les solutions de refroidissement. Van Cleven, \u00e0 Hasselt dans le Limbourg, est le fournisseur \u00e0 qui faire confiance si vous souhaitez une solution sur mesure pour cellules de refroidissement, cellules...","protected":false},"author":1,"featured_media":0,"parent":0,"menu_order":1,"comment_status":"closed","ping_status":"closed","template":"","meta":{"footnotes":""},"class_list":["post-1004","page","type-page","status-publish","hentry"],"yoast_head":"<!-- This site is optimized with the Yoast SEO plugin v27.5 - https:\/\/yoast.com\/product\/yoast-seo-wordpress\/ -->\n<title>Installations de refroidissement | Van Cleven Refroidissemment<\/title>\n<meta name=\"description\" content=\"Nous disposons de notre propre service d\u2019\u00e9tude o\u00f9 chaque projet est pr\u00e9par\u00e9 de mani\u00e8re personnalis\u00e9e Nos monteurs installent votre appareil de traitement de l\u2019air ou votre solution de refroidissement sur demande, et programment un syst\u00e8me de commande PLC Notre service apr\u00e8s vente et d\u2019entretien est joignable 24h 24\" \/>\n<meta name=\"robots\" content=\"index, follow, max-snippet:-1, max-image-preview:large, max-video-preview:-1\" \/>\n<link rel=\"canonical\" href=\"https:\/\/vancleven.be\/fr\/installations\/\" \/>\n<meta property=\"og:locale\" content=\"fr_FR\" \/>\n<meta property=\"og:type\" content=\"article\" \/>\n<meta property=\"og:title\" content=\"Installations de refroidissement | Van Cleven Refroidissemment\" \/>\n<meta property=\"og:description\" content=\"Nous disposons de notre propre service d\u2019\u00e9tude o\u00f9 chaque projet est pr\u00e9par\u00e9 de mani\u00e8re personnalis\u00e9e Nos monteurs installent votre appareil de traitement de l\u2019air ou votre solution de refroidissement sur demande, et programment un syst\u00e8me de commande PLC Notre service apr\u00e8s vente et d\u2019entretien est joignable 24h 24\" \/>\n<meta property=\"og:url\" content=\"https:\/\/vancleven.be\/fr\/installations\/\" \/>\n<meta property=\"og:site_name\" content=\"Van Cleven\" \/>\n<meta property=\"article:modified_time\" content=\"2022-05-31T12:06:20+00:00\" \/>\n<meta name=\"twitter:card\" content=\"summary_large_image\" \/>\n<meta name=\"twitter:label1\" content=\"Dur\u00e9e de lecture est.\" \/>\n\t<meta name=\"twitter:data1\" content=\"1 minute\" \/>\n<script type=\"application\/ld+json\" class=\"yoast-schema-graph\">{\"@context\":\"https:\\\/\\\/schema.org\",\"@graph\":[{\"@type\":\"WebPage\",\"@id\":\"https:\\\/\\\/vancleven.be\\\/fr\\\/installations\\\/\",\"url\":\"https:\\\/\\\/vancleven.be\\\/fr\\\/installations\\\/\",\"name\":\"Installations de refroidissement | Van Cleven Refroidissemment\",\"isPartOf\":{\"@id\":\"https:\\\/\\\/vancleven.be\\\/fr\\\/#website\"},\"datePublished\":\"2022-05-16T13:21:23+00:00\",\"dateModified\":\"2022-05-31T12:06:20+00:00\",\"description\":\"Nous disposons de notre propre service d\u2019\u00e9tude o\u00f9 chaque projet est pr\u00e9par\u00e9 de mani\u00e8re personnalis\u00e9e Nos monteurs installent votre appareil de traitement de l\u2019air ou votre solution de refroidissement sur demande, et programment un syst\u00e8me de commande PLC Notre service apr\u00e8s vente et d\u2019entretien est joignable 24h 24\",\"breadcrumb\":{\"@id\":\"https:\\\/\\\/vancleven.be\\\/fr\\\/installations\\\/#breadcrumb\"},\"inLanguage\":\"fr-BE\",\"potentialAction\":[{\"@type\":\"ReadAction\",\"target\":[\"https:\\\/\\\/vancleven.be\\\/fr\\\/installations\\\/\"]}]},{\"@type\":\"BreadcrumbList\",\"@id\":\"https:\\\/\\\/vancleven.be\\\/fr\\\/installations\\\/#breadcrumb\",\"itemListElement\":[{\"@type\":\"ListItem\",\"position\":1,\"name\":\"Home\",\"item\":\"https:\\\/\\\/vancleven.be\\\/fr\\\/\"},{\"@type\":\"ListItem\",\"position\":2,\"name\":\"Installations\"}]},{\"@type\":\"WebSite\",\"@id\":\"https:\\\/\\\/vancleven.be\\\/fr\\\/#website\",\"url\":\"https:\\\/\\\/vancleven.be\\\/fr\\\/\",\"name\":\"Van Cleven\",\"description\":\"\",\"potentialAction\":[{\"@type\":\"SearchAction\",\"target\":{\"@type\":\"EntryPoint\",\"urlTemplate\":\"https:\\\/\\\/vancleven.be\\\/fr\\\/?s={search_term_string}\"},\"query-input\":{\"@type\":\"PropertyValueSpecification\",\"valueRequired\":true,\"valueName\":\"search_term_string\"}}],\"inLanguage\":\"fr-BE\"}]}<\/script>\n<!-- \/ Yoast SEO plugin. -->","yoast_head_json":{"title":"Installations de refroidissement | Van Cleven Refroidissemment","description":"Nous disposons de notre propre service d\u2019\u00e9tude o\u00f9 chaque projet est pr\u00e9par\u00e9 de mani\u00e8re personnalis\u00e9e Nos monteurs installent votre appareil de traitement de l\u2019air ou votre solution de refroidissement sur demande, et programment un syst\u00e8me de commande PLC Notre service apr\u00e8s vente et d\u2019entretien est joignable 24h 24","robots":{"index":"index","follow":"follow","max-snippet":"max-snippet:-1","max-image-preview":"max-image-preview:large","max-video-preview":"max-video-preview:-1"},"canonical":"https:\/\/vancleven.be\/fr\/installations\/","og_locale":"fr_FR","og_type":"article","og_title":"Installations de refroidissement | Van Cleven Refroidissemment","og_description":"Nous disposons de notre propre service d\u2019\u00e9tude o\u00f9 chaque projet est pr\u00e9par\u00e9 de mani\u00e8re personnalis\u00e9e Nos monteurs installent votre appareil de traitement de l\u2019air ou votre solution de refroidissement sur demande, et programment un syst\u00e8me de commande PLC Notre service apr\u00e8s vente et d\u2019entretien est joignable 24h 24","og_url":"https:\/\/vancleven.be\/fr\/installations\/","og_site_name":"Van Cleven","article_modified_time":"2022-05-31T12:06:20+00:00","twitter_card":"summary_large_image","twitter_misc":{"Dur\u00e9e de lecture est.":"1 minute"},"schema":{"@context":"https:\/\/schema.org","@graph":[{"@type":"WebPage","@id":"https:\/\/vancleven.be\/fr\/installations\/","url":"https:\/\/vancleven.be\/fr\/installations\/","name":"Installations de refroidissement | Van Cleven Refroidissemment","isPartOf":{"@id":"https:\/\/vancleven.be\/fr\/#website"},"datePublished":"2022-05-16T13:21:23+00:00","dateModified":"2022-05-31T12:06:20+00:00","description":"Nous disposons de notre propre service d\u2019\u00e9tude o\u00f9 chaque projet est pr\u00e9par\u00e9 de mani\u00e8re personnalis\u00e9e Nos monteurs installent votre appareil de traitement de l\u2019air ou votre solution de refroidissement sur demande, et programment un syst\u00e8me de commande PLC Notre service apr\u00e8s vente et d\u2019entretien est joignable 24h 24","breadcrumb":{"@id":"https:\/\/vancleven.be\/fr\/installations\/#breadcrumb"},"inLanguage":"fr-BE","potentialAction":[{"@type":"ReadAction","target":["https:\/\/vancleven.be\/fr\/installations\/"]}]},{"@type":"BreadcrumbList","@id":"https:\/\/vancleven.be\/fr\/installations\/#breadcrumb","itemListElement":[{"@type":"ListItem","position":1,"name":"Home","item":"https:\/\/vancleven.be\/fr\/"},{"@type":"ListItem","position":2,"name":"Installations"}]},{"@type":"WebSite","@id":"https:\/\/vancleven.be\/fr\/#website","url":"https:\/\/vancleven.be\/fr\/","name":"Van Cleven","description":"","potentialAction":[{"@type":"SearchAction","target":{"@type":"EntryPoint","urlTemplate":"https:\/\/vancleven.be\/fr\/?s={search_term_string}"},"query-input":{"@type":"PropertyValueSpecification","valueRequired":true,"valueName":"search_term_string"}}],"inLanguage":"fr-BE"}]}},"_links":{"self":[{"href":"https:\/\/vancleven.be\/fr\/wp-json\/wp\/v2\/pages\/1004","targetHints":{"allow":["GET"]}}],"collection":[{"href":"https:\/\/vancleven.be\/fr\/wp-json\/wp\/v2\/pages"}],"about":[{"href":"https:\/\/vancleven.be\/fr\/wp-json\/wp\/v2\/types\/page"}],"author":[{"embeddable":true,"href":"https:\/\/vancleven.be\/fr\/wp-json\/wp\/v2\/users\/1"}],"replies":[{"embeddable":true,"href":"https:\/\/vancleven.be\/fr\/wp-json\/wp\/v2\/comments?post=1004"}],"version-history":[{"count":1,"href":"https:\/\/vancleven.be\/fr\/wp-json\/wp\/v2\/pages\/1004\/revisions"}],"predecessor-version":[{"id":1005,"href":"https:\/\/vancleven.be\/fr\/wp-json\/wp\/v2\/pages\/1004\/revisions\/1005"}],"wp:attachment":[{"href":"https:\/\/vancleven.be\/fr\/wp-json\/wp\/v2\/media?parent=1004"}],"curies":[{"name":"wp","href":"https:\/\/api.w.org\/{rel}","templated":true}]}}