{"id":1011,"date":"2022-05-16T15:21:23","date_gmt":"2022-05-16T13:21:23","guid":{"rendered":"https:\/\/vancleven.be\/realisaties\/"},"modified":"2022-06-10T11:20:48","modified_gmt":"2022-06-10T09:20:48","slug":"realisations","status":"publish","type":"page","link":"https:\/\/vancleven.be\/fr\/realisations\/","title":{"rendered":"R\u00e9alisations"},"content":{"rendered":"<section class=\"l-section wpb_row us_custom_264e2b36 height_auto\"><div class=\"l-section-h i-cf\"><div class=\"g-cols vc_row via_flex valign_top type_default stacking_default\"><div class=\"vc_col-sm-12 wpb_column vc_column_container\"><div class=\"vc_column-inner\"><div class=\"wpb_wrapper\"><\/div><\/div><\/div><\/div><\/div><\/section><section class=\"l-section wpb_row height_large\"><div class=\"l-section-h i-cf\"><div class=\"g-cols vc_row via_flex valign_top type_default stacking_default\"><div class=\"vc_col-sm-12 wpb_column vc_column_container\"><div class=\"vc_column-inner\"><div class=\"wpb_wrapper\"><div class=\"wpb_text_column us_custom_6745946f has_text_color\"><div class=\"wpb_wrapper\"><h1>Nos r\u00e9alisations<\/h1>\n<\/div><\/div><div class=\"w-separator us_custom_29a0f245 margin0 size_small with_line width_50 thick_1 style_solid color_secondary align_center\"><div class=\"w-separator-h\"><\/div><\/div><div class=\"wpb_text_column\"><div class=\"wpb_wrapper\"><p>Pour <a href=\"https:\/\/vancleven.be\/fr\/\">Van Cleven NV<\/a>, chaque projet est unique. Chaque mission re\u00e7oit l&rsquo;attention particuli\u00e8re qu&rsquo;elle m\u00e9rite. Vous trouverez ici un aper\u00e7u de certains de nos projets. Nous sommes \u00e9galement toujours \u00e0 votre service pour fournir des informations suppl\u00e9mentaires. N&rsquo;h\u00e9sitez pas \u00e0 nous contacter pour plus d&rsquo;informations.<\/p>\n<\/div><\/div><div class=\"w-separator us_custom_29a0f245 margin0 size_small\"><\/div><div class=\"w-grid type_grid layout_176 cols_4\" id=\"us_grid_1\" data-filterable=\"true\"><style>#us_grid_1 .w-grid-item{padding:1.5rem}#us_grid_1 .w-grid-list{margin:-1.5rem}.w-grid + #us_grid_1 .w-grid-list,.w-grid-none + #us_grid_1 .w-grid-list{margin-top:1.5rem}@media (max-width:1199px){#us_grid_1 .w-grid-item{width:33.3333%}}@media (max-width:899px){#us_grid_1 .w-grid-item{width:50%}}@media (max-width:599px){#us_grid_1 .w-grid-list{margin:0}#us_grid_1 .w-grid-item{width:100%;padding:0;margin-bottom:1.5rem}}.layout_176 .w-grid-item-h{}<\/style><div class=\"w-grid-list\">\t<article class=\"w-grid-item size_1x1 post-1083 page type-page status-publish has-post-thumbnail hentry\" data-id=\"1083\">\r\n\t\t<div class=\"w-grid-item-h\">\r\n\t\t\t\t\t\t\t<a class=\"w-grid-item-anchor\" href=\"https:\/\/vancleven.be\/fr\/realisations\/secteur-medical\/\" rel=\"bookmark\" aria-label=\"Secteur m\u00e9dical\"><\/a>\r\n\t\t\t\t\t\t<div class=\"w-post-elm post_image usg_post_image_1 has_ratio\"><div style=\"padding-bottom:43.8889%\"><\/div><a href=\"https:\/\/vancleven.be\/fr\/realisations\/secteur-medical\/\" aria-label=\"Secteur m\u00e9dical\"><img loading=\"lazy\" decoding=\"async\" width=\"540\" height=\"239\" src=\"https:\/\/vancleven.be\/wp-content\/uploads\/2022\/05\/p_phar.jpeg\" class=\"attachment-large size-large wp-post-image\" alt=\"\" srcset=\"https:\/\/vancleven.be\/wp-content\/uploads\/2022\/05\/p_phar.jpeg 540w, https:\/\/vancleven.be\/wp-content\/uploads\/2022\/05\/p_phar-300x133.jpeg 300w\" sizes=\"auto, (max-width: 540px) 100vw, 540px\" \/><\/a><\/div><span class=\"w-post-elm post_title usg_post_title_1 buttongrid align_center entry-title color_link_inherit\"><a href=\"https:\/\/vancleven.be\/fr\/realisations\/secteur-medical\/\">Secteur m\u00e9dical<\/a><\/span>\t\t<\/div>\r\n\t<\/article>\r\n\t<article class=\"w-grid-item size_1x1 post-1087 page type-page status-publish has-post-thumbnail hentry\" data-id=\"1087\">\r\n\t\t<div class=\"w-grid-item-h\">\r\n\t\t\t\t\t\t\t<a class=\"w-grid-item-anchor\" href=\"https:\/\/vancleven.be\/fr\/realisations\/industrie\/\" rel=\"bookmark\" aria-label=\"Industrie\"><\/a>\r\n\t\t\t\t\t\t<div class=\"w-post-elm post_image usg_post_image_1 has_ratio\"><div style=\"padding-bottom:43.8889%\"><\/div><a href=\"https:\/\/vancleven.be\/fr\/realisations\/industrie\/\" aria-label=\"Industrie\"><img loading=\"lazy\" decoding=\"async\" width=\"540\" height=\"239\" src=\"https:\/\/vancleven.be\/wp-content\/uploads\/2022\/05\/p_ind.jpeg\" class=\"attachment-large size-large wp-post-image\" alt=\"\" srcset=\"https:\/\/vancleven.be\/wp-content\/uploads\/2022\/05\/p_ind.jpeg 540w, https:\/\/vancleven.be\/wp-content\/uploads\/2022\/05\/p_ind-300x133.jpeg 300w\" sizes=\"auto, (max-width: 540px) 100vw, 540px\" \/><\/a><\/div><span class=\"w-post-elm post_title usg_post_title_1 buttongrid align_center entry-title color_link_inherit\"><a href=\"https:\/\/vancleven.be\/fr\/realisations\/industrie\/\">Industrie<\/a><\/span>\t\t<\/div>\r\n\t<\/article>\r\n\t<article class=\"w-grid-item size_1x1 post-1090 page type-page status-publish has-post-thumbnail hentry\" data-id=\"1090\">\r\n\t\t<div class=\"w-grid-item-h\">\r\n\t\t\t\t\t\t\t<a class=\"w-grid-item-anchor\" href=\"https:\/\/vancleven.be\/fr\/realisations\/industrie-alimentaire\/\" rel=\"bookmark\" aria-label=\"Industrie alimentaire\"><\/a>\r\n\t\t\t\t\t\t<div class=\"w-post-elm post_image usg_post_image_1 has_ratio\"><div style=\"padding-bottom:43.8889%\"><\/div><a href=\"https:\/\/vancleven.be\/fr\/realisations\/industrie-alimentaire\/\" aria-label=\"Industrie alimentaire\"><img loading=\"lazy\" decoding=\"async\" width=\"540\" height=\"239\" src=\"https:\/\/vancleven.be\/wp-content\/uploads\/2022\/05\/p_voe.jpeg\" class=\"attachment-large size-large wp-post-image\" alt=\"\" srcset=\"https:\/\/vancleven.be\/wp-content\/uploads\/2022\/05\/p_voe.jpeg 540w, https:\/\/vancleven.be\/wp-content\/uploads\/2022\/05\/p_voe-300x133.jpeg 300w\" sizes=\"auto, (max-width: 540px) 100vw, 540px\" \/><\/a><\/div><span class=\"w-post-elm post_title usg_post_title_1 buttongrid align_center entry-title color_link_inherit\"><a href=\"https:\/\/vancleven.be\/fr\/realisations\/industrie-alimentaire\/\">Industrie alimentaire<\/a><\/span>\t\t<\/div>\r\n\t<\/article>\r\n\t<article class=\"w-grid-item size_1x1 post-1093 page type-page status-publish has-post-thumbnail hentry\" data-id=\"1093\">\r\n\t\t<div class=\"w-grid-item-h\">\r\n\t\t\t\t\t\t\t<a class=\"w-grid-item-anchor\" href=\"https:\/\/vancleven.be\/fr\/realisations\/secteur-agricole\/\" rel=\"bookmark\" aria-label=\"Secteur agricole\"><\/a>\r\n\t\t\t\t\t\t<div class=\"w-post-elm post_image usg_post_image_1 has_ratio\"><div style=\"padding-bottom:43.8889%\"><\/div><a href=\"https:\/\/vancleven.be\/fr\/realisations\/secteur-agricole\/\" aria-label=\"Secteur agricole\"><img loading=\"lazy\" decoding=\"async\" width=\"540\" height=\"239\" src=\"https:\/\/vancleven.be\/wp-content\/uploads\/2022\/05\/p_agr.jpeg\" class=\"attachment-large size-large wp-post-image\" alt=\"\" srcset=\"https:\/\/vancleven.be\/wp-content\/uploads\/2022\/05\/p_agr.jpeg 540w, https:\/\/vancleven.be\/wp-content\/uploads\/2022\/05\/p_agr-300x133.jpeg 300w\" sizes=\"auto, (max-width: 540px) 100vw, 540px\" \/><\/a><\/div><span class=\"w-post-elm post_title usg_post_title_1 buttongrid align_center entry-title color_link_inherit\"><a href=\"https:\/\/vancleven.be\/fr\/realisations\/secteur-agricole\/\">Secteur agricole<\/a><\/span>\t\t<\/div>\r\n\t<\/article>\r\n<\/div><div class=\"w-grid-preloader\"><div class=\"g-preloader type_1\">\r\n\t<div><\/div>\r\n<\/div>\r\n<\/div>\t<div class=\"w-grid-json hidden\" onclick='return {&quot;action&quot;:&quot;us_ajax_grid&quot;,&quot;ajax_url&quot;:&quot;https:\\\/\\\/vancleven.be\\\/wp-admin\\\/admin-ajax.php&quot;,&quot;infinite_scroll&quot;:0,&quot;max_num_pages&quot;:1,&quot;pagination&quot;:&quot;none&quot;,&quot;permalink_url&quot;:&quot;https:\\\/\\\/vancleven.be\\\/fr\\\/wp-json\\\/wp\\\/v2\\\/pages\\\/1011\\\/&quot;,&quot;template_vars&quot;:{&quot;columns&quot;:&quot;4&quot;,&quot;exclude_items&quot;:&quot;none&quot;,&quot;img_size&quot;:&quot;default&quot;,&quot;ignore_items_size&quot;:false,&quot;items_layout&quot;:&quot;176&quot;,&quot;items_offset&quot;:&quot;1&quot;,&quot;load_animation&quot;:&quot;none&quot;,&quot;overriding_link&quot;:&quot;post&quot;,&quot;post_id&quot;:1011,&quot;query_args&quot;:{&quot;post_parent&quot;:1011,&quot;post_type&quot;:&quot;any&quot;,&quot;ignore_sticky_posts&quot;:1,&quot;posts_per_page&quot;:&quot;4&quot;},&quot;orderby_query_args&quot;:{&quot;orderby&quot;:{&quot;date&quot;:&quot;DESC&quot;}},&quot;type&quot;:&quot;grid&quot;,&quot;us_grid_ajax_index&quot;:1,&quot;us_grid_filter_params&quot;:null,&quot;us_grid_index&quot;:1,&quot;_us_grid_post_type&quot;:&quot;current_child_pages&quot;,&quot;lang&quot;:&quot;fr&quot;}}'><\/div>\r\n\t<\/div><\/div><\/div><\/div><\/div><\/div><\/section>\n","protected":false},"excerpt":{"rendered":"Secteur agricole Nos solutions pour le secteur agricole","protected":false},"author":1,"featured_media":0,"parent":0,"menu_order":3,"comment_status":"closed","ping_status":"closed","template":"","meta":{"footnotes":""},"class_list":["post-1011","page","type-page","status-publish","hentry"],"yoast_head":"<!-- This site is optimized with the Yoast SEO plugin v27.5 - https:\/\/yoast.com\/product\/yoast-seo-wordpress\/ -->\n<title>R\u00e9alisations | Van Cleven Refroidissemment<\/title>\n<meta name=\"description\" content=\"Pour Van Cleven NV, chaque projet est unique Chaque mission re\u00e7oit l attention particuli\u00e8re qu elle m\u00e9rite Vous trouverez ici un aper\u00e7u de certains de nos projets Nous sommes \u00e9galement toujours \u00e0 votre service pour fournir des informations suppl\u00e9mentaires N h\u00e9sitez pas \u00e0 nous contacter pour plus d informations\" \/>\n<meta name=\"robots\" content=\"index, follow, max-snippet:-1, max-image-preview:large, max-video-preview:-1\" \/>\n<link rel=\"canonical\" href=\"https:\/\/vancleven.be\/fr\/realisations\/\" \/>\n<meta property=\"og:locale\" content=\"fr_FR\" \/>\n<meta property=\"og:type\" content=\"article\" \/>\n<meta property=\"og:title\" content=\"R\u00e9alisations | Van Cleven Refroidissemment\" \/>\n<meta property=\"og:description\" content=\"Pour Van Cleven NV, chaque projet est unique Chaque mission re\u00e7oit l attention particuli\u00e8re qu elle m\u00e9rite Vous trouverez ici un aper\u00e7u de certains de nos projets Nous sommes \u00e9galement toujours \u00e0 votre service pour fournir des informations suppl\u00e9mentaires N h\u00e9sitez pas \u00e0 nous contacter pour plus d informations\" \/>\n<meta property=\"og:url\" content=\"https:\/\/vancleven.be\/fr\/realisations\/\" \/>\n<meta property=\"og:site_name\" content=\"Van Cleven\" \/>\n<meta property=\"article:modified_time\" content=\"2022-06-10T09:20:48+00:00\" \/>\n<meta name=\"twitter:card\" content=\"summary_large_image\" \/>\n<meta name=\"twitter:label1\" content=\"Dur\u00e9e de lecture est.\" \/>\n\t<meta name=\"twitter:data1\" content=\"1 minute\" \/>\n<script type=\"application\/ld+json\" class=\"yoast-schema-graph\">{\"@context\":\"https:\\\/\\\/schema.org\",\"@graph\":[{\"@type\":\"WebPage\",\"@id\":\"https:\\\/\\\/vancleven.be\\\/fr\\\/realisations\\\/\",\"url\":\"https:\\\/\\\/vancleven.be\\\/fr\\\/realisations\\\/\",\"name\":\"R\u00e9alisations | Van Cleven Refroidissemment\",\"isPartOf\":{\"@id\":\"https:\\\/\\\/vancleven.be\\\/fr\\\/#website\"},\"datePublished\":\"2022-05-16T13:21:23+00:00\",\"dateModified\":\"2022-06-10T09:20:48+00:00\",\"description\":\"Pour Van Cleven NV, chaque projet est unique Chaque mission re\u00e7oit l attention particuli\u00e8re qu elle m\u00e9rite Vous trouverez ici un aper\u00e7u de certains de nos projets Nous sommes \u00e9galement toujours \u00e0 votre service pour fournir des informations suppl\u00e9mentaires N h\u00e9sitez pas \u00e0 nous contacter pour plus d informations\",\"breadcrumb\":{\"@id\":\"https:\\\/\\\/vancleven.be\\\/fr\\\/realisations\\\/#breadcrumb\"},\"inLanguage\":\"fr-BE\",\"potentialAction\":[{\"@type\":\"ReadAction\",\"target\":[\"https:\\\/\\\/vancleven.be\\\/fr\\\/realisations\\\/\"]}]},{\"@type\":\"BreadcrumbList\",\"@id\":\"https:\\\/\\\/vancleven.be\\\/fr\\\/realisations\\\/#breadcrumb\",\"itemListElement\":[{\"@type\":\"ListItem\",\"position\":1,\"name\":\"Home\",\"item\":\"https:\\\/\\\/vancleven.be\\\/fr\\\/\"},{\"@type\":\"ListItem\",\"position\":2,\"name\":\"R\u00e9alisations\"}]},{\"@type\":\"WebSite\",\"@id\":\"https:\\\/\\\/vancleven.be\\\/fr\\\/#website\",\"url\":\"https:\\\/\\\/vancleven.be\\\/fr\\\/\",\"name\":\"Van Cleven\",\"description\":\"\",\"potentialAction\":[{\"@type\":\"SearchAction\",\"target\":{\"@type\":\"EntryPoint\",\"urlTemplate\":\"https:\\\/\\\/vancleven.be\\\/fr\\\/?s={search_term_string}\"},\"query-input\":{\"@type\":\"PropertyValueSpecification\",\"valueRequired\":true,\"valueName\":\"search_term_string\"}}],\"inLanguage\":\"fr-BE\"}]}<\/script>\n<!-- \/ Yoast SEO plugin. -->","yoast_head_json":{"title":"R\u00e9alisations | Van Cleven Refroidissemment","description":"Pour Van Cleven NV, chaque projet est unique Chaque mission re\u00e7oit l attention particuli\u00e8re qu elle m\u00e9rite Vous trouverez ici un aper\u00e7u de certains de nos projets Nous sommes \u00e9galement toujours \u00e0 votre service pour fournir des informations suppl\u00e9mentaires N h\u00e9sitez pas \u00e0 nous contacter pour plus d informations","robots":{"index":"index","follow":"follow","max-snippet":"max-snippet:-1","max-image-preview":"max-image-preview:large","max-video-preview":"max-video-preview:-1"},"canonical":"https:\/\/vancleven.be\/fr\/realisations\/","og_locale":"fr_FR","og_type":"article","og_title":"R\u00e9alisations | Van Cleven Refroidissemment","og_description":"Pour Van Cleven NV, chaque projet est unique Chaque mission re\u00e7oit l attention particuli\u00e8re qu elle m\u00e9rite Vous trouverez ici un aper\u00e7u de certains de nos projets Nous sommes \u00e9galement toujours \u00e0 votre service pour fournir des informations suppl\u00e9mentaires N h\u00e9sitez pas \u00e0 nous contacter pour plus d informations","og_url":"https:\/\/vancleven.be\/fr\/realisations\/","og_site_name":"Van Cleven","article_modified_time":"2022-06-10T09:20:48+00:00","twitter_card":"summary_large_image","twitter_misc":{"Dur\u00e9e de lecture est.":"1 minute"},"schema":{"@context":"https:\/\/schema.org","@graph":[{"@type":"WebPage","@id":"https:\/\/vancleven.be\/fr\/realisations\/","url":"https:\/\/vancleven.be\/fr\/realisations\/","name":"R\u00e9alisations | Van Cleven Refroidissemment","isPartOf":{"@id":"https:\/\/vancleven.be\/fr\/#website"},"datePublished":"2022-05-16T13:21:23+00:00","dateModified":"2022-06-10T09:20:48+00:00","description":"Pour Van Cleven NV, chaque projet est unique Chaque mission re\u00e7oit l attention particuli\u00e8re qu elle m\u00e9rite Vous trouverez ici un aper\u00e7u de certains de nos projets Nous sommes \u00e9galement toujours \u00e0 votre service pour fournir des informations suppl\u00e9mentaires N h\u00e9sitez pas \u00e0 nous contacter pour plus d informations","breadcrumb":{"@id":"https:\/\/vancleven.be\/fr\/realisations\/#breadcrumb"},"inLanguage":"fr-BE","potentialAction":[{"@type":"ReadAction","target":["https:\/\/vancleven.be\/fr\/realisations\/"]}]},{"@type":"BreadcrumbList","@id":"https:\/\/vancleven.be\/fr\/realisations\/#breadcrumb","itemListElement":[{"@type":"ListItem","position":1,"name":"Home","item":"https:\/\/vancleven.be\/fr\/"},{"@type":"ListItem","position":2,"name":"R\u00e9alisations"}]},{"@type":"WebSite","@id":"https:\/\/vancleven.be\/fr\/#website","url":"https:\/\/vancleven.be\/fr\/","name":"Van Cleven","description":"","potentialAction":[{"@type":"SearchAction","target":{"@type":"EntryPoint","urlTemplate":"https:\/\/vancleven.be\/fr\/?s={search_term_string}"},"query-input":{"@type":"PropertyValueSpecification","valueRequired":true,"valueName":"search_term_string"}}],"inLanguage":"fr-BE"}]}},"_links":{"self":[{"href":"https:\/\/vancleven.be\/fr\/wp-json\/wp\/v2\/pages\/1011","targetHints":{"allow":["GET"]}}],"collection":[{"href":"https:\/\/vancleven.be\/fr\/wp-json\/wp\/v2\/pages"}],"about":[{"href":"https:\/\/vancleven.be\/fr\/wp-json\/wp\/v2\/types\/page"}],"author":[{"embeddable":true,"href":"https:\/\/vancleven.be\/fr\/wp-json\/wp\/v2\/users\/1"}],"replies":[{"embeddable":true,"href":"https:\/\/vancleven.be\/fr\/wp-json\/wp\/v2\/comments?post=1011"}],"version-history":[{"count":5,"href":"https:\/\/vancleven.be\/fr\/wp-json\/wp\/v2\/pages\/1011\/revisions"}],"predecessor-version":[{"id":1251,"href":"https:\/\/vancleven.be\/fr\/wp-json\/wp\/v2\/pages\/1011\/revisions\/1251"}],"wp:attachment":[{"href":"https:\/\/vancleven.be\/fr\/wp-json\/wp\/v2\/media?parent=1011"}],"curies":[{"name":"wp","href":"https:\/\/api.w.org\/{rel}","templated":true}]}}