{"id":1015,"date":"2022-05-16T15:21:23","date_gmt":"2022-05-16T13:21:23","guid":{"rendered":"https:\/\/vancleven.be\/links\/"},"modified":"2022-06-10T11:21:32","modified_gmt":"2022-06-10T09:21:32","slug":"liens","status":"publish","type":"page","link":"https:\/\/vancleven.be\/fr\/liens\/","title":{"rendered":"Liens"},"content":{"rendered":"<section class=\"l-section wpb_row us_custom_317d847f height_auto\"><div class=\"l-section-h i-cf\"><div class=\"g-cols vc_row via_flex valign_top type_default stacking_default\"><div class=\"vc_col-sm-12 wpb_column vc_column_container\"><div class=\"vc_column-inner\"><div class=\"wpb_wrapper\"><\/div><\/div><\/div><\/div><\/div><\/section><section class=\"l-section wpb_row height_medium\"><div class=\"l-section-h i-cf\"><div class=\"g-cols vc_row via_flex valign_top type_default stacking_default\"><div class=\"vc_col-sm-12 wpb_column vc_column_container\"><div class=\"vc_column-inner\"><div class=\"wpb_wrapper\"><div class=\"wpb_text_column us_custom_6745946f has_text_color\"><div class=\"wpb_wrapper\"><h1>Liens<\/h1>\n<\/div><\/div><div class=\"w-separator us_custom_29a0f245 margin0 size_small with_line width_50 thick_1 style_solid color_secondary align_center\"><div class=\"w-separator-h\"><\/div><\/div><\/div><\/div><\/div><div class=\"vc_col-sm-8 wpb_column vc_column_container\"><div class=\"vc_column-inner\"><div class=\"wpb_wrapper\"><div class=\"wpb_text_column us_custom_1e9d6bf7 has_text_color\"><div class=\"wpb_wrapper\"><h2>R\u00e9glementation<\/h2>\n<\/div><\/div><div class=\"w-separator size_small\"><\/div><div class=\"wpb_text_column\"><div class=\"wpb_wrapper\"><div id=\"m3827\" class=\"module text\">\n<div id=\"m3827\" class=\"module text\">\n<p class=\"bodytext\">Les conditions pour le fonctionnement des syst\u00e8mes de r\u00e9frig\u00e9ration sont diff\u00e9rents pour chaque r\u00e9gion<\/p>\n<p class=\"bodytext\"><a href=\"https:\/\/www.lne.be\/wettelijke-verplichtingen-aircos-en-koelinstallaties\" target=\"_blank\" rel=\"noopener\" data-track-event=\"click\" data-track-action=\"link_clicked\">Flandre<\/a><\/p>\n<p class=\"bodytext\"><a href=\"http:\/\/environnement.wallonie.be\/LEGIS\/air\/air049.htm\" target=\"_blank\" rel=\"noopener\" data-track-event=\"click\" data-track-action=\"link_clicked\">Wallonie<\/a><\/p>\n<p class=\"bodytext\"><a href=\"http:\/\/www.environnement.brussels\/pro\" target=\"_blank\" rel=\"noopener\" data-track-event=\"click\" data-track-action=\"link_clicked\">R\u00e9gion de Bruxelles-Capitale<\/a><\/p>\n<\/div>\n<\/div>\n<\/div><\/div><div class=\"w-separator size_small\"><\/div><div class=\"wpb_text_column us_custom_1e9d6bf7 has_text_color\"><div class=\"wpb_wrapper\"><h2>Certificats<\/h2>\n<\/div><\/div><div class=\"w-separator size_small\"><\/div><div class=\"wpb_text_column\"><div class=\"wpb_wrapper\"><div id=\"m3827\" class=\"module text\">\n<div class=\"module text\">\n<div class=\"module text\">\n<p class=\"bodytext\">Pour effectuer des op\u00e9rations sur les syst\u00e8mes de r\u00e9frig\u00e9ration est un certificat requis de l&rsquo;entreprise de r\u00e9frig\u00e9ration:<\/p>\n<p class=\"bodytext\"><a href=\"https:\/\/www.vancleven.be\/uploads\/fANCp4lU\/ErkenningVO2021.pdf\" target=\"_blank\" rel=\"noopener\" download=\"\" data-track-event=\"click\" data-track-action=\"file_download\">Preuve de reconnaissance en tant qu&rsquo;entreprise de r\u00e9frig\u00e9ration par le gouvernement flamand<\/a><\/p>\n<\/div>\n<\/div>\n<\/div>\n<\/div><\/div><div class=\"w-separator size_small\"><\/div><div class=\"wpb_text_column us_custom_1e9d6bf7 has_text_color\"><div class=\"wpb_wrapper\"><h2>Conditions de vente<\/h2>\n<\/div><\/div><div class=\"w-separator size_small\"><\/div><div class=\"wpb_text_column\"><div class=\"wpb_wrapper\"><div id=\"m3827\" class=\"module text\">\n<div class=\"module text\">\n<div class=\"module text\">\n<p class=\"bodytext\"><a href=\"https:\/\/www.vancleven.be\/uploads\/swgHZowh\/VCH-AV980-fr2K.pdf\" download=\"\" data-track-event=\"click\" data-track-action=\"file_download\">VCH-AV980-fr<\/a><\/p>\n<\/div>\n<\/div>\n<\/div>\n<\/div><\/div><div class=\"w-separator size_small\"><\/div><div class=\"wpb_text_column us_custom_1e9d6bf7 has_text_color\"><div class=\"wpb_wrapper\"><h2>Declaration privacy<\/h2>\n<\/div><\/div><div class=\"w-separator size_small\"><\/div><div class=\"wpb_text_column\"><div class=\"wpb_wrapper\"><p>Lees onze <strong>privacyverklaring<\/strong> in onderstaande PDF.<\/p>\n<p><a href=\"https:\/\/vancleven.be\/wp-content\/uploads\/2022\/05\/Privacyverklaringinternet_VC01.fr_.pdf\">Privacyverklaring<\/a><\/p>\n<\/div><\/div><\/div><\/div><\/div><div class=\"vc_col-sm-4 wpb_column vc_column_container\"><div class=\"vc_column-inner\"><div class=\"wpb_wrapper\"><section class=\"l-section wpb_row height_auto\"><div class=\"l-section-h i-cf\"><div class=\"g-cols vc_row via_flex valign_top type_default stacking_default\" style=\"--additional-gap:10px;\"><div class=\"vc_col-sm-12 wpb_column vc_column_container has_bg_color\"><div class=\"vc_column-inner us_custom_a4c66758\"><div class=\"wpb_wrapper\"><div class=\"wpb_text_column us_custom_4e55af8d has_text_color\"><div class=\"wpb_wrapper\"><h2 class=\"smallsubtitle\">Pourquoi choisir Van Cleven ?<\/h2>\n<\/div><\/div><div class=\"w-separator size_small\"><\/div><div class=\"w-iconbox iconpos_left style_default color_primary align_left no_text\"><div class=\"w-iconbox-icon\" style=\"font-size:1rem;\"><i class=\"fas fa-check\"><\/i><\/div><div class=\"w-iconbox-meta\"><p class=\"w-iconbox-title\">Propre service de conception<\/p><\/div><\/div><div class=\"w-iconbox iconpos_left style_default color_primary align_left no_text\"><div class=\"w-iconbox-icon\" style=\"font-size:1rem;\"><i class=\"fas fa-check\"><\/i><\/div><div class=\"w-iconbox-meta\"><p class=\"w-iconbox-title\">Propre service de placement<\/p><\/div><\/div><div class=\"w-iconbox iconpos_left style_default color_primary align_left no_text\"><div class=\"w-iconbox-icon\" style=\"font-size:1rem;\"><i class=\"fas fa-check\"><\/i><\/div><div class=\"w-iconbox-meta\"><p class=\"w-iconbox-title\">Propre service de r\u00e9paration<\/p><\/div><\/div><\/div><\/div><\/div><div class=\"vc_col-sm-12 wpb_column vc_column_container\"><div class=\"vc_column-inner us_custom_8591a7b2\"><div class=\"wpb_wrapper\"><div class=\"w-btn-wrapper width_full\"><a class=\"w-btn us-btn-style_4 icon_atleft\" title=\"R\u00e9alisations\" href=\"http:\/\/vancleven.be\/fr\/realisations\/\"><i class=\"fas fa-chevron-right\"><\/i><span class=\"w-btn-label\">D\u00e9couvrez nos realisations<\/span><\/a><\/div><div class=\"w-btn-wrapper width_full\"><a class=\"w-btn us-btn-style_2 icon_atleft\" title=\"Contact\" href=\"http:\/\/vancleven.be\/fr\/contact\/\"><i class=\"fas fa-chevron-right\"><\/i><span class=\"w-btn-label\">Demandez votre devis<\/span><\/a><\/div><\/div><\/div><\/div><\/div><\/div><\/section>\n<\/div><\/div><\/div><\/div><\/div><\/section>\n","protected":false},"excerpt":{"rendered":"Liens R\u00e9glementation Les conditions pour le fonctionnement des syst\u00e8mes de r\u00e9frig\u00e9ration sont diff\u00e9rents pour chaque r\u00e9gion Flandre Wallonie R\u00e9gion de Bruxelles-Capitale Certificats Pour effectuer des op\u00e9rations sur les syst\u00e8mes de r\u00e9frig\u00e9ration est un certificat requis de l&rsquo;entreprise de r\u00e9frig\u00e9ration: Preuve de reconnaissance en tant qu&rsquo;entreprise de r\u00e9frig\u00e9ration par le gouvernement flamand Conditions de vente VCH-AV980-fr...","protected":false},"author":1,"featured_media":0,"parent":0,"menu_order":5,"comment_status":"closed","ping_status":"closed","template":"","meta":{"footnotes":""},"class_list":["post-1015","page","type-page","status-publish","hentry"],"yoast_head":"<!-- This site is optimized with the Yoast SEO plugin v27.5 - https:\/\/yoast.com\/product\/yoast-seo-wordpress\/ -->\n<title>R\u00e9glementation, certificats | Van Cleven Refroidissemment<\/title>\n<meta name=\"description\" content=\"Les conditions pour le fonctionnement des syst\u00e8mes de r\u00e9frig\u00e9ration sont diff\u00e9rents pour chaque r\u00e9gion Van Cleven nv \u00e0 Hasselt est au courant de la r\u00e9glementation Nous avons tous les certificats qui vous assurent un qualit\u00e9 sup\u00e9rieure\" \/>\n<meta name=\"robots\" content=\"index, follow, max-snippet:-1, max-image-preview:large, max-video-preview:-1\" \/>\n<link rel=\"canonical\" href=\"https:\/\/vancleven.be\/fr\/liens\/\" \/>\n<meta property=\"og:locale\" content=\"fr_FR\" \/>\n<meta property=\"og:type\" content=\"article\" \/>\n<meta property=\"og:title\" content=\"R\u00e9glementation, certificats | Van Cleven Refroidissemment\" \/>\n<meta property=\"og:description\" content=\"Les conditions pour le fonctionnement des syst\u00e8mes de r\u00e9frig\u00e9ration sont diff\u00e9rents pour chaque r\u00e9gion Van Cleven nv \u00e0 Hasselt est au courant de la r\u00e9glementation Nous avons tous les certificats qui vous assurent un qualit\u00e9 sup\u00e9rieure\" \/>\n<meta property=\"og:url\" content=\"https:\/\/vancleven.be\/fr\/liens\/\" \/>\n<meta property=\"og:site_name\" content=\"Van Cleven\" \/>\n<meta property=\"article:modified_time\" content=\"2022-06-10T09:21:32+00:00\" \/>\n<meta name=\"twitter:card\" content=\"summary_large_image\" \/>\n<meta name=\"twitter:label1\" content=\"Dur\u00e9e de lecture est.\" \/>\n\t<meta name=\"twitter:data1\" content=\"1 minute\" \/>\n<script type=\"application\/ld+json\" class=\"yoast-schema-graph\">{\"@context\":\"https:\\\/\\\/schema.org\",\"@graph\":[{\"@type\":\"WebPage\",\"@id\":\"https:\\\/\\\/vancleven.be\\\/fr\\\/liens\\\/\",\"url\":\"https:\\\/\\\/vancleven.be\\\/fr\\\/liens\\\/\",\"name\":\"R\u00e9glementation, certificats | Van Cleven Refroidissemment\",\"isPartOf\":{\"@id\":\"https:\\\/\\\/vancleven.be\\\/fr\\\/#website\"},\"datePublished\":\"2022-05-16T13:21:23+00:00\",\"dateModified\":\"2022-06-10T09:21:32+00:00\",\"description\":\"Les conditions pour le fonctionnement des syst\u00e8mes de r\u00e9frig\u00e9ration sont diff\u00e9rents pour chaque r\u00e9gion Van Cleven nv \u00e0 Hasselt est au courant de la r\u00e9glementation Nous avons tous les certificats qui vous assurent un qualit\u00e9 sup\u00e9rieure\",\"breadcrumb\":{\"@id\":\"https:\\\/\\\/vancleven.be\\\/fr\\\/liens\\\/#breadcrumb\"},\"inLanguage\":\"fr-BE\",\"potentialAction\":[{\"@type\":\"ReadAction\",\"target\":[\"https:\\\/\\\/vancleven.be\\\/fr\\\/liens\\\/\"]}]},{\"@type\":\"BreadcrumbList\",\"@id\":\"https:\\\/\\\/vancleven.be\\\/fr\\\/liens\\\/#breadcrumb\",\"itemListElement\":[{\"@type\":\"ListItem\",\"position\":1,\"name\":\"Home\",\"item\":\"https:\\\/\\\/vancleven.be\\\/fr\\\/\"},{\"@type\":\"ListItem\",\"position\":2,\"name\":\"Liens\"}]},{\"@type\":\"WebSite\",\"@id\":\"https:\\\/\\\/vancleven.be\\\/fr\\\/#website\",\"url\":\"https:\\\/\\\/vancleven.be\\\/fr\\\/\",\"name\":\"Van Cleven\",\"description\":\"\",\"potentialAction\":[{\"@type\":\"SearchAction\",\"target\":{\"@type\":\"EntryPoint\",\"urlTemplate\":\"https:\\\/\\\/vancleven.be\\\/fr\\\/?s={search_term_string}\"},\"query-input\":{\"@type\":\"PropertyValueSpecification\",\"valueRequired\":true,\"valueName\":\"search_term_string\"}}],\"inLanguage\":\"fr-BE\"}]}<\/script>\n<!-- \/ Yoast SEO plugin. -->","yoast_head_json":{"title":"R\u00e9glementation, certificats | Van Cleven Refroidissemment","description":"Les conditions pour le fonctionnement des syst\u00e8mes de r\u00e9frig\u00e9ration sont diff\u00e9rents pour chaque r\u00e9gion Van Cleven nv \u00e0 Hasselt est au courant de la r\u00e9glementation Nous avons tous les certificats qui vous assurent un qualit\u00e9 sup\u00e9rieure","robots":{"index":"index","follow":"follow","max-snippet":"max-snippet:-1","max-image-preview":"max-image-preview:large","max-video-preview":"max-video-preview:-1"},"canonical":"https:\/\/vancleven.be\/fr\/liens\/","og_locale":"fr_FR","og_type":"article","og_title":"R\u00e9glementation, certificats | Van Cleven Refroidissemment","og_description":"Les conditions pour le fonctionnement des syst\u00e8mes de r\u00e9frig\u00e9ration sont diff\u00e9rents pour chaque r\u00e9gion Van Cleven nv \u00e0 Hasselt est au courant de la r\u00e9glementation Nous avons tous les certificats qui vous assurent un qualit\u00e9 sup\u00e9rieure","og_url":"https:\/\/vancleven.be\/fr\/liens\/","og_site_name":"Van Cleven","article_modified_time":"2022-06-10T09:21:32+00:00","twitter_card":"summary_large_image","twitter_misc":{"Dur\u00e9e de lecture est.":"1 minute"},"schema":{"@context":"https:\/\/schema.org","@graph":[{"@type":"WebPage","@id":"https:\/\/vancleven.be\/fr\/liens\/","url":"https:\/\/vancleven.be\/fr\/liens\/","name":"R\u00e9glementation, certificats | Van Cleven Refroidissemment","isPartOf":{"@id":"https:\/\/vancleven.be\/fr\/#website"},"datePublished":"2022-05-16T13:21:23+00:00","dateModified":"2022-06-10T09:21:32+00:00","description":"Les conditions pour le fonctionnement des syst\u00e8mes de r\u00e9frig\u00e9ration sont diff\u00e9rents pour chaque r\u00e9gion Van Cleven nv \u00e0 Hasselt est au courant de la r\u00e9glementation Nous avons tous les certificats qui vous assurent un qualit\u00e9 sup\u00e9rieure","breadcrumb":{"@id":"https:\/\/vancleven.be\/fr\/liens\/#breadcrumb"},"inLanguage":"fr-BE","potentialAction":[{"@type":"ReadAction","target":["https:\/\/vancleven.be\/fr\/liens\/"]}]},{"@type":"BreadcrumbList","@id":"https:\/\/vancleven.be\/fr\/liens\/#breadcrumb","itemListElement":[{"@type":"ListItem","position":1,"name":"Home","item":"https:\/\/vancleven.be\/fr\/"},{"@type":"ListItem","position":2,"name":"Liens"}]},{"@type":"WebSite","@id":"https:\/\/vancleven.be\/fr\/#website","url":"https:\/\/vancleven.be\/fr\/","name":"Van Cleven","description":"","potentialAction":[{"@type":"SearchAction","target":{"@type":"EntryPoint","urlTemplate":"https:\/\/vancleven.be\/fr\/?s={search_term_string}"},"query-input":{"@type":"PropertyValueSpecification","valueRequired":true,"valueName":"search_term_string"}}],"inLanguage":"fr-BE"}]}},"_links":{"self":[{"href":"https:\/\/vancleven.be\/fr\/wp-json\/wp\/v2\/pages\/1015","targetHints":{"allow":["GET"]}}],"collection":[{"href":"https:\/\/vancleven.be\/fr\/wp-json\/wp\/v2\/pages"}],"about":[{"href":"https:\/\/vancleven.be\/fr\/wp-json\/wp\/v2\/types\/page"}],"author":[{"embeddable":true,"href":"https:\/\/vancleven.be\/fr\/wp-json\/wp\/v2\/users\/1"}],"replies":[{"embeddable":true,"href":"https:\/\/vancleven.be\/fr\/wp-json\/wp\/v2\/comments?post=1015"}],"version-history":[{"count":4,"href":"https:\/\/vancleven.be\/fr\/wp-json\/wp\/v2\/pages\/1015\/revisions"}],"predecessor-version":[{"id":1262,"href":"https:\/\/vancleven.be\/fr\/wp-json\/wp\/v2\/pages\/1015\/revisions\/1262"}],"wp:attachment":[{"href":"https:\/\/vancleven.be\/fr\/wp-json\/wp\/v2\/media?parent=1015"}],"curies":[{"name":"wp","href":"https:\/\/api.w.org\/{rel}","templated":true}]}}