{"id":1035,"date":"2022-05-16T15:22:15","date_gmt":"2022-05-16T13:22:15","guid":{"rendered":"https:\/\/vancleven.be\/installations\/koeltechniek\/"},"modified":"2022-06-10T11:07:52","modified_gmt":"2022-06-10T09:07:52","slug":"refroidissement","status":"publish","type":"page","link":"https:\/\/vancleven.be\/fr\/installations\/refroidissement\/","title":{"rendered":"Refroidissement"},"content":{"rendered":"<section class=\"l-section wpb_row us_custom_317d847f height_auto\"><div class=\"l-section-h i-cf\"><div class=\"g-cols vc_row via_flex valign_top type_default stacking_default\"><div class=\"vc_col-sm-12 wpb_column vc_column_container\"><div class=\"vc_column-inner\"><div class=\"wpb_wrapper\"><\/div><\/div><\/div><\/div><\/div><\/section><section class=\"l-section wpb_row height_medium\"><div class=\"l-section-h i-cf\"><div class=\"g-cols vc_row via_flex valign_top type_default stacking_default\"><div class=\"vc_col-sm-12 wpb_column vc_column_container\"><div class=\"vc_column-inner\"><div class=\"wpb_wrapper\"><div class=\"wpb_text_column us_custom_6745946f has_text_color\"><div class=\"wpb_wrapper\"><h1>Refroidissement<\/h1>\n<\/div><\/div><div class=\"w-separator us_custom_29a0f245 margin0 size_small with_line width_50 thick_1 style_solid color_secondary align_center\"><div class=\"w-separator-h\"><\/div><\/div><\/div><\/div><\/div><div class=\"vc_col-sm-8 wpb_column vc_column_container\"><div class=\"vc_column-inner\"><div class=\"wpb_wrapper\"><div class=\"wpb_text_column us_custom_1e9d6bf7 has_text_color\"><div class=\"wpb_wrapper\"><h2>Nous avons la bonne solution de refroidissement pour votre produit ou proc\u00e9dure<\/h2>\n<\/div><\/div><div class=\"w-separator size_small\"><\/div><div class=\"wpb_text_column\"><div class=\"wpb_wrapper\"><p>Les <strong>techniques de refroidissement<\/strong> permet \u00e0 votre produit d\u2019\u00eatre conserv\u00e9 dans des <strong>conditions optimales<\/strong> et \u00e0 une <strong>proc\u00e9dure industrielle sp\u00e9cifique<\/strong> de se d\u00e9rouler \u00e0 la bonne temp\u00e9rature. Van Cleven propose des solutions de r\u00e9frig\u00e9ration pour l\u2019industrie et le commerce.<\/p>\n<p>Nos <strong>solutions de refroidissement<\/strong> cr\u00e9ent les bonnes conditions de traitement et de stockage pour prolonger la dur\u00e9e de conservation des confiseries, des fleurs, des fruits et l\u00e9gumes et de la viande. Nous concevons, produisons et mettons en place des installations de refroidissement et\/ou de cong\u00e9lation \u00e0 l\u2019efficacit\u00e9 maximale pour une consommation d\u2019\u00e9nergie minimale.<\/p>\n<p><strong>Faites confiance aux techniques de refroidissement de Van Cleven !<\/strong><\/p>\n<\/div><\/div><\/div><\/div><\/div><div class=\"vc_col-sm-4 wpb_column vc_column_container\"><div class=\"vc_column-inner\"><div class=\"wpb_wrapper\"><section class=\"l-section wpb_row height_auto\"><div class=\"l-section-h i-cf\"><div class=\"g-cols vc_row via_flex valign_top type_default stacking_default\" style=\"--additional-gap:10px;\"><div class=\"vc_col-sm-12 wpb_column vc_column_container has_bg_color\"><div class=\"vc_column-inner us_custom_a4c66758\"><div class=\"wpb_wrapper\"><div class=\"wpb_text_column us_custom_4e55af8d has_text_color\"><div class=\"wpb_wrapper\"><h2 class=\"smallsubtitle\">Pourquoi choisir Van Cleven ?<\/h2>\n<\/div><\/div><div class=\"w-separator size_small\"><\/div><div class=\"w-iconbox iconpos_left style_default color_primary align_left no_text\"><div class=\"w-iconbox-icon\" style=\"font-size:1rem;\"><i class=\"fas fa-check\"><\/i><\/div><div class=\"w-iconbox-meta\"><p class=\"w-iconbox-title\">Propre service de conception<\/p><\/div><\/div><div class=\"w-iconbox iconpos_left style_default color_primary align_left no_text\"><div class=\"w-iconbox-icon\" style=\"font-size:1rem;\"><i class=\"fas fa-check\"><\/i><\/div><div class=\"w-iconbox-meta\"><p class=\"w-iconbox-title\">Propre service de placement<\/p><\/div><\/div><div class=\"w-iconbox iconpos_left style_default color_primary align_left no_text\"><div class=\"w-iconbox-icon\" style=\"font-size:1rem;\"><i class=\"fas fa-check\"><\/i><\/div><div class=\"w-iconbox-meta\"><p class=\"w-iconbox-title\">Propre service de r\u00e9paration<\/p><\/div><\/div><\/div><\/div><\/div><div class=\"vc_col-sm-12 wpb_column vc_column_container\"><div class=\"vc_column-inner us_custom_8591a7b2\"><div class=\"wpb_wrapper\"><div class=\"w-btn-wrapper width_full\"><a class=\"w-btn us-btn-style_4 icon_atleft\" title=\"R\u00e9alisations\" href=\"http:\/\/vancleven.be\/fr\/realisations\/\"><i class=\"fas fa-chevron-right\"><\/i><span class=\"w-btn-label\">D\u00e9couvrez nos realisations<\/span><\/a><\/div><div class=\"w-btn-wrapper width_full\"><a class=\"w-btn us-btn-style_2 icon_atleft\" title=\"Contact\" href=\"http:\/\/vancleven.be\/fr\/contact\/\"><i class=\"fas fa-chevron-right\"><\/i><span class=\"w-btn-label\">Demandez votre devis<\/span><\/a><\/div><\/div><\/div><\/div><\/div><\/div><\/section>\n<\/div><\/div><\/div><\/div><\/div><\/section>\n","protected":false},"excerpt":{"rendered":"Refroidissement Nous avons la bonne solution de refroidissement pour votre produit ou proc\u00e9dure Les techniques de refroidissement permet \u00e0 votre produit d\u2019\u00eatre conserv\u00e9 dans des conditions optimales et \u00e0 une proc\u00e9dure industrielle sp\u00e9cifique de se d\u00e9rouler \u00e0 la bonne temp\u00e9rature. Van Cleven propose des solutions de r\u00e9frig\u00e9ration pour l\u2019industrie et le commerce. Nos solutions de...","protected":false},"author":1,"featured_media":188,"parent":1004,"menu_order":1,"comment_status":"closed","ping_status":"closed","template":"","meta":{"footnotes":""},"class_list":["post-1035","page","type-page","status-publish","has-post-thumbnail","hentry"],"yoast_head":"<!-- This site is optimized with the Yoast SEO plugin v27.5 - https:\/\/yoast.com\/product\/yoast-seo-wordpress\/ -->\n<title>Solutions de refroidissement | Van Cleven Refroidissemment<\/title>\n<meta name=\"description\" content=\"Les techniques de refroidissement permet \u00e0 votre produit d\u2019\u00eatre conserv\u00e9 dans des conditions optimales et \u00e0 une proc\u00e9dure industrielle sp\u00e9cifique de se d\u00e9rouler \u00e0 la bonne temp\u00e9rature Van Cleven propose des solutions de r\u00e9frig\u00e9ration pour l\u2019industrie et le commerce\" \/>\n<meta name=\"robots\" content=\"index, follow, max-snippet:-1, max-image-preview:large, max-video-preview:-1\" \/>\n<link rel=\"canonical\" href=\"https:\/\/vancleven.be\/fr\/installations\/refroidissement\/\" \/>\n<meta property=\"og:locale\" content=\"fr_FR\" \/>\n<meta property=\"og:type\" content=\"article\" \/>\n<meta property=\"og:title\" content=\"Solutions de refroidissement | Van Cleven Refroidissemment\" \/>\n<meta property=\"og:description\" content=\"Les techniques de refroidissement permet \u00e0 votre produit d\u2019\u00eatre conserv\u00e9 dans des conditions optimales et \u00e0 une proc\u00e9dure industrielle sp\u00e9cifique de se d\u00e9rouler \u00e0 la bonne temp\u00e9rature Van Cleven propose des solutions de r\u00e9frig\u00e9ration pour l\u2019industrie et le commerce\" \/>\n<meta property=\"og:url\" content=\"https:\/\/vancleven.be\/fr\/installations\/refroidissement\/\" \/>\n<meta property=\"og:site_name\" content=\"Van Cleven\" \/>\n<meta property=\"article:modified_time\" content=\"2022-06-10T09:07:52+00:00\" \/>\n<meta property=\"og:image\" content=\"https:\/\/vancleven.be\/wp-content\/uploads\/2022\/05\/1.jpg\" \/>\n\t<meta property=\"og:image:width\" content=\"360\" \/>\n\t<meta property=\"og:image:height\" content=\"158\" \/>\n\t<meta property=\"og:image:type\" content=\"image\/jpeg\" \/>\n<meta name=\"twitter:card\" content=\"summary_large_image\" \/>\n<meta name=\"twitter:label1\" content=\"Dur\u00e9e de lecture est.\" \/>\n\t<meta name=\"twitter:data1\" content=\"1 minute\" \/>\n<script type=\"application\/ld+json\" class=\"yoast-schema-graph\">{\"@context\":\"https:\\\/\\\/schema.org\",\"@graph\":[{\"@type\":\"WebPage\",\"@id\":\"https:\\\/\\\/vancleven.be\\\/fr\\\/installations\\\/refroidissement\\\/\",\"url\":\"https:\\\/\\\/vancleven.be\\\/fr\\\/installations\\\/refroidissement\\\/\",\"name\":\"Solutions de refroidissement | Van Cleven Refroidissemment\",\"isPartOf\":{\"@id\":\"https:\\\/\\\/vancleven.be\\\/fr\\\/#website\"},\"primaryImageOfPage\":{\"@id\":\"https:\\\/\\\/vancleven.be\\\/fr\\\/installations\\\/refroidissement\\\/#primaryimage\"},\"image\":{\"@id\":\"https:\\\/\\\/vancleven.be\\\/fr\\\/installations\\\/refroidissement\\\/#primaryimage\"},\"thumbnailUrl\":\"https:\\\/\\\/vancleven.be\\\/wp-content\\\/uploads\\\/2022\\\/05\\\/1.jpg\",\"datePublished\":\"2022-05-16T13:22:15+00:00\",\"dateModified\":\"2022-06-10T09:07:52+00:00\",\"description\":\"Les techniques de refroidissement permet \u00e0 votre produit d\u2019\u00eatre conserv\u00e9 dans des conditions optimales et \u00e0 une proc\u00e9dure industrielle sp\u00e9cifique de se d\u00e9rouler \u00e0 la bonne temp\u00e9rature Van Cleven propose des solutions de r\u00e9frig\u00e9ration pour l\u2019industrie et le commerce\",\"breadcrumb\":{\"@id\":\"https:\\\/\\\/vancleven.be\\\/fr\\\/installations\\\/refroidissement\\\/#breadcrumb\"},\"inLanguage\":\"fr-BE\",\"potentialAction\":[{\"@type\":\"ReadAction\",\"target\":[\"https:\\\/\\\/vancleven.be\\\/fr\\\/installations\\\/refroidissement\\\/\"]}]},{\"@type\":\"ImageObject\",\"inLanguage\":\"fr-BE\",\"@id\":\"https:\\\/\\\/vancleven.be\\\/fr\\\/installations\\\/refroidissement\\\/#primaryimage\",\"url\":\"https:\\\/\\\/vancleven.be\\\/wp-content\\\/uploads\\\/2022\\\/05\\\/1.jpg\",\"contentUrl\":\"https:\\\/\\\/vancleven.be\\\/wp-content\\\/uploads\\\/2022\\\/05\\\/1.jpg\",\"width\":360,\"height\":158},{\"@type\":\"BreadcrumbList\",\"@id\":\"https:\\\/\\\/vancleven.be\\\/fr\\\/installations\\\/refroidissement\\\/#breadcrumb\",\"itemListElement\":[{\"@type\":\"ListItem\",\"position\":1,\"name\":\"Home\",\"item\":\"https:\\\/\\\/vancleven.be\\\/fr\\\/\"},{\"@type\":\"ListItem\",\"position\":2,\"name\":\"Installations\",\"item\":\"https:\\\/\\\/vancleven.be\\\/fr\\\/installations\\\/\"},{\"@type\":\"ListItem\",\"position\":3,\"name\":\"Refroidissement\"}]},{\"@type\":\"WebSite\",\"@id\":\"https:\\\/\\\/vancleven.be\\\/fr\\\/#website\",\"url\":\"https:\\\/\\\/vancleven.be\\\/fr\\\/\",\"name\":\"Van Cleven\",\"description\":\"\",\"potentialAction\":[{\"@type\":\"SearchAction\",\"target\":{\"@type\":\"EntryPoint\",\"urlTemplate\":\"https:\\\/\\\/vancleven.be\\\/fr\\\/?s={search_term_string}\"},\"query-input\":{\"@type\":\"PropertyValueSpecification\",\"valueRequired\":true,\"valueName\":\"search_term_string\"}}],\"inLanguage\":\"fr-BE\"}]}<\/script>\n<!-- \/ Yoast SEO plugin. -->","yoast_head_json":{"title":"Solutions de refroidissement | Van Cleven Refroidissemment","description":"Les techniques de refroidissement permet \u00e0 votre produit d\u2019\u00eatre conserv\u00e9 dans des conditions optimales et \u00e0 une proc\u00e9dure industrielle sp\u00e9cifique de se d\u00e9rouler \u00e0 la bonne temp\u00e9rature Van Cleven propose des solutions de r\u00e9frig\u00e9ration pour l\u2019industrie et le commerce","robots":{"index":"index","follow":"follow","max-snippet":"max-snippet:-1","max-image-preview":"max-image-preview:large","max-video-preview":"max-video-preview:-1"},"canonical":"https:\/\/vancleven.be\/fr\/installations\/refroidissement\/","og_locale":"fr_FR","og_type":"article","og_title":"Solutions de refroidissement | Van Cleven Refroidissemment","og_description":"Les techniques de refroidissement permet \u00e0 votre produit d\u2019\u00eatre conserv\u00e9 dans des conditions optimales et \u00e0 une proc\u00e9dure industrielle sp\u00e9cifique de se d\u00e9rouler \u00e0 la bonne temp\u00e9rature Van Cleven propose des solutions de r\u00e9frig\u00e9ration pour l\u2019industrie et le commerce","og_url":"https:\/\/vancleven.be\/fr\/installations\/refroidissement\/","og_site_name":"Van Cleven","article_modified_time":"2022-06-10T09:07:52+00:00","og_image":[{"width":360,"height":158,"url":"https:\/\/vancleven.be\/wp-content\/uploads\/2022\/05\/1.jpg","type":"image\/jpeg"}],"twitter_card":"summary_large_image","twitter_misc":{"Dur\u00e9e de lecture est.":"1 minute"},"schema":{"@context":"https:\/\/schema.org","@graph":[{"@type":"WebPage","@id":"https:\/\/vancleven.be\/fr\/installations\/refroidissement\/","url":"https:\/\/vancleven.be\/fr\/installations\/refroidissement\/","name":"Solutions de refroidissement | Van Cleven Refroidissemment","isPartOf":{"@id":"https:\/\/vancleven.be\/fr\/#website"},"primaryImageOfPage":{"@id":"https:\/\/vancleven.be\/fr\/installations\/refroidissement\/#primaryimage"},"image":{"@id":"https:\/\/vancleven.be\/fr\/installations\/refroidissement\/#primaryimage"},"thumbnailUrl":"https:\/\/vancleven.be\/wp-content\/uploads\/2022\/05\/1.jpg","datePublished":"2022-05-16T13:22:15+00:00","dateModified":"2022-06-10T09:07:52+00:00","description":"Les techniques de refroidissement permet \u00e0 votre produit d\u2019\u00eatre conserv\u00e9 dans des conditions optimales et \u00e0 une proc\u00e9dure industrielle sp\u00e9cifique de se d\u00e9rouler \u00e0 la bonne temp\u00e9rature Van Cleven propose des solutions de r\u00e9frig\u00e9ration pour l\u2019industrie et le commerce","breadcrumb":{"@id":"https:\/\/vancleven.be\/fr\/installations\/refroidissement\/#breadcrumb"},"inLanguage":"fr-BE","potentialAction":[{"@type":"ReadAction","target":["https:\/\/vancleven.be\/fr\/installations\/refroidissement\/"]}]},{"@type":"ImageObject","inLanguage":"fr-BE","@id":"https:\/\/vancleven.be\/fr\/installations\/refroidissement\/#primaryimage","url":"https:\/\/vancleven.be\/wp-content\/uploads\/2022\/05\/1.jpg","contentUrl":"https:\/\/vancleven.be\/wp-content\/uploads\/2022\/05\/1.jpg","width":360,"height":158},{"@type":"BreadcrumbList","@id":"https:\/\/vancleven.be\/fr\/installations\/refroidissement\/#breadcrumb","itemListElement":[{"@type":"ListItem","position":1,"name":"Home","item":"https:\/\/vancleven.be\/fr\/"},{"@type":"ListItem","position":2,"name":"Installations","item":"https:\/\/vancleven.be\/fr\/installations\/"},{"@type":"ListItem","position":3,"name":"Refroidissement"}]},{"@type":"WebSite","@id":"https:\/\/vancleven.be\/fr\/#website","url":"https:\/\/vancleven.be\/fr\/","name":"Van Cleven","description":"","potentialAction":[{"@type":"SearchAction","target":{"@type":"EntryPoint","urlTemplate":"https:\/\/vancleven.be\/fr\/?s={search_term_string}"},"query-input":{"@type":"PropertyValueSpecification","valueRequired":true,"valueName":"search_term_string"}}],"inLanguage":"fr-BE"}]}},"_links":{"self":[{"href":"https:\/\/vancleven.be\/fr\/wp-json\/wp\/v2\/pages\/1035","targetHints":{"allow":["GET"]}}],"collection":[{"href":"https:\/\/vancleven.be\/fr\/wp-json\/wp\/v2\/pages"}],"about":[{"href":"https:\/\/vancleven.be\/fr\/wp-json\/wp\/v2\/types\/page"}],"author":[{"embeddable":true,"href":"https:\/\/vancleven.be\/fr\/wp-json\/wp\/v2\/users\/1"}],"replies":[{"embeddable":true,"href":"https:\/\/vancleven.be\/fr\/wp-json\/wp\/v2\/comments?post=1035"}],"version-history":[{"count":5,"href":"https:\/\/vancleven.be\/fr\/wp-json\/wp\/v2\/pages\/1035\/revisions"}],"predecessor-version":[{"id":1234,"href":"https:\/\/vancleven.be\/fr\/wp-json\/wp\/v2\/pages\/1035\/revisions\/1234"}],"up":[{"embeddable":true,"href":"https:\/\/vancleven.be\/fr\/wp-json\/wp\/v2\/pages\/1004"}],"wp:featuredmedia":[{"embeddable":true,"href":"https:\/\/vancleven.be\/fr\/wp-json\/wp\/v2\/media\/188"}],"wp:attachment":[{"href":"https:\/\/vancleven.be\/fr\/wp-json\/wp\/v2\/media?parent=1035"}],"curies":[{"name":"wp","href":"https:\/\/api.w.org\/{rel}","templated":true}]}}