{"id":1038,"date":"2022-05-16T15:24:29","date_gmt":"2022-05-16T13:24:29","guid":{"rendered":"https:\/\/vancleven.be\/installations\/refroidissement\/industriele-koeltechnieken\/"},"modified":"2022-06-10T11:08:11","modified_gmt":"2022-06-10T09:08:11","slug":"refroidissement-industriel","status":"publish","type":"page","link":"https:\/\/vancleven.be\/fr\/installations\/refroidissement\/refroidissement-industriel\/","title":{"rendered":"Refroidissement industriel"},"content":{"rendered":"<section class=\"l-section wpb_row us_custom_317d847f height_auto\"><div class=\"l-section-h i-cf\"><div class=\"g-cols vc_row via_flex valign_top type_default stacking_default\"><div class=\"vc_col-sm-12 wpb_column vc_column_container\"><div class=\"vc_column-inner\"><div class=\"wpb_wrapper\"><\/div><\/div><\/div><\/div><\/div><\/section><section class=\"l-section wpb_row height_medium\"><div class=\"l-section-h i-cf\"><div class=\"g-cols vc_row via_flex valign_top type_default stacking_default\"><div class=\"vc_col-sm-12 wpb_column vc_column_container\"><div class=\"vc_column-inner\"><div class=\"wpb_wrapper\"><div class=\"wpb_text_column us_custom_6745946f has_text_color\"><div class=\"wpb_wrapper\"><h1>Refroidissement industriel<\/h1>\n<\/div><\/div><div class=\"w-separator us_custom_29a0f245 margin0 size_small with_line width_50 thick_1 style_solid color_secondary align_center\"><div class=\"w-separator-h\"><\/div><\/div><\/div><\/div><\/div><div class=\"vc_col-sm-8 wpb_column vc_column_container\"><div class=\"vc_column-inner\"><div class=\"wpb_wrapper\"><div class=\"wpb_text_column us_custom_1e9d6bf7 has_text_color\"><div class=\"wpb_wrapper\"><h2>Des produits, des espaces de travail et des proc\u00e9dures parfaitement conditionn\u00e9s<\/h2>\n<\/div><\/div><div class=\"w-separator size_small\"><\/div><div class=\"wpb_text_column\"><div class=\"wpb_wrapper\"><p><a href=\"https:\/\/vancleven.be\/fr\/\">Van Cleven<\/a> (Hasselt, Limbourg) est <strong>le sp\u00e9cialiste des solutions de refroidissement pour l\u2019industrie<\/strong>. Nous d\u00e9veloppons, concevons, fabriquons, installons et entretenons diverses installations de <strong>refroidissement industrielles<\/strong> et de cong\u00e9lation afin de cr\u00e9er les conditions de production, de distribution et de stockage parfaites pour la production, le traitement et le stockage d\u2019aliments solides et liquides.<\/p>\n<p>Nos collaborateurs, exp\u00e9riment\u00e9s dans la r\u00e9frig\u00e9ration, savent \u00e0 quel point il est important de prendre en compte, avec pr\u00e9cision, le lieu \u00e0 r\u00e9frig\u00e9rer mais aussi vos souhaits et exigences. L\u2019isolation, la r\u00e9sistance \u00e0 la corrosion, le type de construction&#8230; Tout cela doit \u00eatre pris en consid\u00e9ration. Nous avons sans aucun doute une solution pour vous, quel que soit votre souhait, par exemple des espaces de travail climatis\u00e9s, <a href=\"https:\/\/vancleven.be\/fr\/installations\/refroidissement\/tunnels-de-refroidissement\/\">des tunnels de refroidissement<\/a> et de cong\u00e9lation, <a href=\"https:\/\/vancleven.be\/fr\/installations\/refroidissement\/chambres-denvironnement\/\">des chambres d\u2019environnement<\/a>, des refroidisseurs, des groupes d\u2019eau glac\u00e9e, le <a href=\"https:\/\/vancleven.be\/fr\/installations\/refroidissement\/refroidissement-industriel\/\">refroidissement industriel<\/a>, des centrales de refroidissement, des rideaux d&rsquo;air, des moyens de refroidissement naturels ou encore le refroidissement au CO2.<\/p>\n<p><strong>Van Cleven fournit des solutions de refroidissement et de cong\u00e9lation pour <a href=\"https:\/\/vancleven.be\/fr\/realisations\/secteur-agricole\/\">l\u2019industrie agroalimentaire<\/a>, <a href=\"https:\/\/vancleven.be\/fr\/realisations\/secteur-medical\/\">l\u2019industrie pharmaceutique<\/a>, la logistique, la distribution et d&rsquo;autres secteurs.<\/strong><\/p>\n<p><strong>Les installations de refroidissement et de cong\u00e9lation pour soci\u00e9t\u00e9s et entreprises industrielles de Van Cleven, \u00e0 Hasselt, dans le Limbourg<\/strong><\/p>\n<\/div><\/div><\/div><\/div><\/div><div class=\"vc_col-sm-4 wpb_column vc_column_container\"><div class=\"vc_column-inner\"><div class=\"wpb_wrapper\"><section class=\"l-section wpb_row height_auto\"><div class=\"l-section-h i-cf\"><div class=\"g-cols vc_row via_flex valign_top type_default stacking_default\" style=\"--additional-gap:10px;\"><div class=\"vc_col-sm-12 wpb_column vc_column_container has_bg_color\"><div class=\"vc_column-inner us_custom_a4c66758\"><div class=\"wpb_wrapper\"><div class=\"wpb_text_column us_custom_4e55af8d has_text_color\"><div class=\"wpb_wrapper\"><h2 class=\"smallsubtitle\">Pourquoi choisir Van Cleven ?<\/h2>\n<\/div><\/div><div class=\"w-separator size_small\"><\/div><div class=\"w-iconbox iconpos_left style_default color_primary align_left no_text\"><div class=\"w-iconbox-icon\" style=\"font-size:1rem;\"><i class=\"fas fa-check\"><\/i><\/div><div class=\"w-iconbox-meta\"><p class=\"w-iconbox-title\">Propre service de conception<\/p><\/div><\/div><div class=\"w-iconbox iconpos_left style_default color_primary align_left no_text\"><div class=\"w-iconbox-icon\" style=\"font-size:1rem;\"><i class=\"fas fa-check\"><\/i><\/div><div class=\"w-iconbox-meta\"><p class=\"w-iconbox-title\">Propre service de placement<\/p><\/div><\/div><div class=\"w-iconbox iconpos_left style_default color_primary align_left no_text\"><div class=\"w-iconbox-icon\" style=\"font-size:1rem;\"><i class=\"fas fa-check\"><\/i><\/div><div class=\"w-iconbox-meta\"><p class=\"w-iconbox-title\">Propre service de r\u00e9paration<\/p><\/div><\/div><\/div><\/div><\/div><div class=\"vc_col-sm-12 wpb_column vc_column_container\"><div class=\"vc_column-inner us_custom_8591a7b2\"><div class=\"wpb_wrapper\"><div class=\"w-btn-wrapper width_full\"><a class=\"w-btn us-btn-style_4 icon_atleft\" title=\"R\u00e9alisations\" href=\"http:\/\/vancleven.be\/fr\/realisations\/\"><i class=\"fas fa-chevron-right\"><\/i><span class=\"w-btn-label\">D\u00e9couvrez nos realisations<\/span><\/a><\/div><div class=\"w-btn-wrapper width_full\"><a class=\"w-btn us-btn-style_2 icon_atleft\" title=\"Contact\" href=\"http:\/\/vancleven.be\/fr\/contact\/\"><i class=\"fas fa-chevron-right\"><\/i><span class=\"w-btn-label\">Demandez votre devis<\/span><\/a><\/div><\/div><\/div><\/div><\/div><\/div><\/section>\n<\/div><\/div><\/div><\/div><\/div><\/section>\n","protected":false},"excerpt":{"rendered":"Refroidissement industriel Des produits, des espaces de travail et des proc\u00e9dures parfaitement conditionn\u00e9s Van Cleven (Hasselt, Limbourg) est le sp\u00e9cialiste des solutions de refroidissement pour l\u2019industrie. Nous d\u00e9veloppons, concevons, fabriquons, installons et entretenons diverses installations de refroidissement industrielles et de cong\u00e9lation afin de cr\u00e9er les conditions de production, de distribution et de stockage parfaites pour...","protected":false},"author":1,"featured_media":0,"parent":1035,"menu_order":0,"comment_status":"closed","ping_status":"closed","template":"","meta":{"footnotes":""},"class_list":["post-1038","page","type-page","status-publish","hentry"],"yoast_head":"<!-- This site is optimized with the Yoast SEO plugin v27.4 - https:\/\/yoast.com\/product\/yoast-seo-wordpress\/ -->\n<title>Refroidissement industriel | Van Cleven Refroidissemment<\/title>\n<meta name=\"description\" content=\"Van Cleven Hasselt, Limbourg est le sp\u00e9cialiste des solutions de refroidissement pour l\u2019industrie\" \/>\n<meta name=\"robots\" content=\"index, follow, max-snippet:-1, max-image-preview:large, max-video-preview:-1\" \/>\n<link rel=\"canonical\" href=\"https:\/\/vancleven.be\/fr\/installations\/refroidissement\/refroidissement-industriel\/\" \/>\n<meta property=\"og:locale\" content=\"fr_FR\" \/>\n<meta property=\"og:type\" content=\"article\" \/>\n<meta property=\"og:title\" content=\"Refroidissement industriel | Van Cleven Refroidissemment\" \/>\n<meta property=\"og:description\" content=\"Van Cleven Hasselt, Limbourg est le sp\u00e9cialiste des solutions de refroidissement pour l\u2019industrie\" \/>\n<meta property=\"og:url\" content=\"https:\/\/vancleven.be\/fr\/installations\/refroidissement\/refroidissement-industriel\/\" \/>\n<meta property=\"og:site_name\" content=\"Van Cleven\" \/>\n<meta property=\"article:modified_time\" content=\"2022-06-10T09:08:11+00:00\" \/>\n<meta name=\"twitter:card\" content=\"summary_large_image\" \/>\n<meta name=\"twitter:label1\" content=\"Dur\u00e9e de lecture est.\" \/>\n\t<meta name=\"twitter:data1\" content=\"2 minutes\" \/>\n<script type=\"application\/ld+json\" class=\"yoast-schema-graph\">{\"@context\":\"https:\\\/\\\/schema.org\",\"@graph\":[{\"@type\":\"WebPage\",\"@id\":\"https:\\\/\\\/vancleven.be\\\/fr\\\/installations\\\/refroidissement\\\/refroidissement-industriel\\\/\",\"url\":\"https:\\\/\\\/vancleven.be\\\/fr\\\/installations\\\/refroidissement\\\/refroidissement-industriel\\\/\",\"name\":\"Refroidissement industriel | Van Cleven Refroidissemment\",\"isPartOf\":{\"@id\":\"https:\\\/\\\/vancleven.be\\\/fr\\\/#website\"},\"datePublished\":\"2022-05-16T13:24:29+00:00\",\"dateModified\":\"2022-06-10T09:08:11+00:00\",\"description\":\"Van Cleven Hasselt, Limbourg est le sp\u00e9cialiste des solutions de refroidissement pour l\u2019industrie\",\"breadcrumb\":{\"@id\":\"https:\\\/\\\/vancleven.be\\\/fr\\\/installations\\\/refroidissement\\\/refroidissement-industriel\\\/#breadcrumb\"},\"inLanguage\":\"fr-BE\",\"potentialAction\":[{\"@type\":\"ReadAction\",\"target\":[\"https:\\\/\\\/vancleven.be\\\/fr\\\/installations\\\/refroidissement\\\/refroidissement-industriel\\\/\"]}]},{\"@type\":\"BreadcrumbList\",\"@id\":\"https:\\\/\\\/vancleven.be\\\/fr\\\/installations\\\/refroidissement\\\/refroidissement-industriel\\\/#breadcrumb\",\"itemListElement\":[{\"@type\":\"ListItem\",\"position\":1,\"name\":\"Home\",\"item\":\"https:\\\/\\\/vancleven.be\\\/fr\\\/\"},{\"@type\":\"ListItem\",\"position\":2,\"name\":\"Installations\",\"item\":\"https:\\\/\\\/vancleven.be\\\/fr\\\/installations\\\/\"},{\"@type\":\"ListItem\",\"position\":3,\"name\":\"Refroidissement\",\"item\":\"https:\\\/\\\/vancleven.be\\\/fr\\\/installations\\\/refroidissement\\\/\"},{\"@type\":\"ListItem\",\"position\":4,\"name\":\"Refroidissement industriel\"}]},{\"@type\":\"WebSite\",\"@id\":\"https:\\\/\\\/vancleven.be\\\/fr\\\/#website\",\"url\":\"https:\\\/\\\/vancleven.be\\\/fr\\\/\",\"name\":\"Van Cleven\",\"description\":\"\",\"potentialAction\":[{\"@type\":\"SearchAction\",\"target\":{\"@type\":\"EntryPoint\",\"urlTemplate\":\"https:\\\/\\\/vancleven.be\\\/fr\\\/?s={search_term_string}\"},\"query-input\":{\"@type\":\"PropertyValueSpecification\",\"valueRequired\":true,\"valueName\":\"search_term_string\"}}],\"inLanguage\":\"fr-BE\"}]}<\/script>\n<!-- \/ Yoast SEO plugin. -->","yoast_head_json":{"title":"Refroidissement industriel | Van Cleven Refroidissemment","description":"Van Cleven Hasselt, Limbourg est le sp\u00e9cialiste des solutions de refroidissement pour l\u2019industrie","robots":{"index":"index","follow":"follow","max-snippet":"max-snippet:-1","max-image-preview":"max-image-preview:large","max-video-preview":"max-video-preview:-1"},"canonical":"https:\/\/vancleven.be\/fr\/installations\/refroidissement\/refroidissement-industriel\/","og_locale":"fr_FR","og_type":"article","og_title":"Refroidissement industriel | Van Cleven Refroidissemment","og_description":"Van Cleven Hasselt, Limbourg est le sp\u00e9cialiste des solutions de refroidissement pour l\u2019industrie","og_url":"https:\/\/vancleven.be\/fr\/installations\/refroidissement\/refroidissement-industriel\/","og_site_name":"Van Cleven","article_modified_time":"2022-06-10T09:08:11+00:00","twitter_card":"summary_large_image","twitter_misc":{"Dur\u00e9e de lecture est.":"2 minutes"},"schema":{"@context":"https:\/\/schema.org","@graph":[{"@type":"WebPage","@id":"https:\/\/vancleven.be\/fr\/installations\/refroidissement\/refroidissement-industriel\/","url":"https:\/\/vancleven.be\/fr\/installations\/refroidissement\/refroidissement-industriel\/","name":"Refroidissement industriel | Van Cleven Refroidissemment","isPartOf":{"@id":"https:\/\/vancleven.be\/fr\/#website"},"datePublished":"2022-05-16T13:24:29+00:00","dateModified":"2022-06-10T09:08:11+00:00","description":"Van Cleven Hasselt, Limbourg est le sp\u00e9cialiste des solutions de refroidissement pour l\u2019industrie","breadcrumb":{"@id":"https:\/\/vancleven.be\/fr\/installations\/refroidissement\/refroidissement-industriel\/#breadcrumb"},"inLanguage":"fr-BE","potentialAction":[{"@type":"ReadAction","target":["https:\/\/vancleven.be\/fr\/installations\/refroidissement\/refroidissement-industriel\/"]}]},{"@type":"BreadcrumbList","@id":"https:\/\/vancleven.be\/fr\/installations\/refroidissement\/refroidissement-industriel\/#breadcrumb","itemListElement":[{"@type":"ListItem","position":1,"name":"Home","item":"https:\/\/vancleven.be\/fr\/"},{"@type":"ListItem","position":2,"name":"Installations","item":"https:\/\/vancleven.be\/fr\/installations\/"},{"@type":"ListItem","position":3,"name":"Refroidissement","item":"https:\/\/vancleven.be\/fr\/installations\/refroidissement\/"},{"@type":"ListItem","position":4,"name":"Refroidissement industriel"}]},{"@type":"WebSite","@id":"https:\/\/vancleven.be\/fr\/#website","url":"https:\/\/vancleven.be\/fr\/","name":"Van Cleven","description":"","potentialAction":[{"@type":"SearchAction","target":{"@type":"EntryPoint","urlTemplate":"https:\/\/vancleven.be\/fr\/?s={search_term_string}"},"query-input":{"@type":"PropertyValueSpecification","valueRequired":true,"valueName":"search_term_string"}}],"inLanguage":"fr-BE"}]}},"_links":{"self":[{"href":"https:\/\/vancleven.be\/fr\/wp-json\/wp\/v2\/pages\/1038","targetHints":{"allow":["GET"]}}],"collection":[{"href":"https:\/\/vancleven.be\/fr\/wp-json\/wp\/v2\/pages"}],"about":[{"href":"https:\/\/vancleven.be\/fr\/wp-json\/wp\/v2\/types\/page"}],"author":[{"embeddable":true,"href":"https:\/\/vancleven.be\/fr\/wp-json\/wp\/v2\/users\/1"}],"replies":[{"embeddable":true,"href":"https:\/\/vancleven.be\/fr\/wp-json\/wp\/v2\/comments?post=1038"}],"version-history":[{"count":4,"href":"https:\/\/vancleven.be\/fr\/wp-json\/wp\/v2\/pages\/1038\/revisions"}],"predecessor-version":[{"id":1235,"href":"https:\/\/vancleven.be\/fr\/wp-json\/wp\/v2\/pages\/1038\/revisions\/1235"}],"up":[{"embeddable":true,"href":"https:\/\/vancleven.be\/fr\/wp-json\/wp\/v2\/pages\/1035"}],"wp:attachment":[{"href":"https:\/\/vancleven.be\/fr\/wp-json\/wp\/v2\/media?parent=1038"}],"curies":[{"name":"wp","href":"https:\/\/api.w.org\/{rel}","templated":true}]}}