{"id":1041,"date":"2022-05-16T15:24:29","date_gmt":"2022-05-16T13:24:29","guid":{"rendered":"https:\/\/vancleven.be\/installations\/refroidissement\/commerciele-koeltechnieken\/"},"modified":"2022-06-10T11:08:31","modified_gmt":"2022-06-10T09:08:31","slug":"refroidissement-commerciale","status":"publish","type":"page","link":"https:\/\/vancleven.be\/fr\/installations\/refroidissement\/refroidissement-commerciale\/","title":{"rendered":"Refroidissement commerciale"},"content":{"rendered":"<section class=\"l-section wpb_row us_custom_317d847f height_auto\"><div class=\"l-section-h i-cf\"><div class=\"g-cols vc_row via_flex valign_top type_default stacking_default\"><div class=\"vc_col-sm-12 wpb_column vc_column_container\"><div class=\"vc_column-inner\"><div class=\"wpb_wrapper\"><\/div><\/div><\/div><\/div><\/div><\/section><section class=\"l-section wpb_row height_medium\"><div class=\"l-section-h i-cf\"><div class=\"g-cols vc_row via_flex valign_top type_default stacking_default\"><div class=\"vc_col-sm-12 wpb_column vc_column_container\"><div class=\"vc_column-inner\"><div class=\"wpb_wrapper\"><div class=\"wpb_text_column us_custom_6745946f has_text_color\"><div class=\"wpb_wrapper\"><h1>Refroidissement commerciale<\/h1>\n<\/div><\/div><div class=\"w-separator us_custom_29a0f245 margin0 size_small with_line width_50 thick_1 style_solid color_secondary align_center\"><div class=\"w-separator-h\"><\/div><\/div><\/div><\/div><\/div><div class=\"vc_col-sm-8 wpb_column vc_column_container\"><div class=\"vc_column-inner\"><div class=\"wpb_wrapper\"><div class=\"wpb_text_column us_custom_1e9d6bf7 has_text_color\"><div class=\"wpb_wrapper\"><h2>Installations de refroidissement et de cong\u00e9lation pour le commerce<\/h2>\n<\/div><\/div><div class=\"w-separator size_small\"><\/div><div class=\"wpb_text_column\"><div class=\"wpb_wrapper\"><p>Vous voulez pr\u00e9senter \u00e0 votre client des produits frais ? <strong>Van Cleven<\/strong> a une solution sur mesure adapt\u00e9e \u00e0 chaque utilisation. Besoin d\u2019un <strong>syst\u00e8me de refroidissement<\/strong> pour supermarch\u00e9s, magasins, restaurants et horeca, stations d\u2019essence et autres espaces commerciaux ? Nous proposons des solutions standard et personnalis\u00e9es.<\/p>\n<p>Rendez-vous aussi chez <a href=\"https:\/\/vancleven.be\/fr\/\">Van Cleven<\/a> si vous avez besoin d&rsquo;un rideau d&rsquo;air. Tous les syst\u00e8mes que nous installons sont \u00e9conomiques et efficaces, fiables et faciles \u00e0 entretenir.<\/p>\n<p><strong>Demandez de plus amples informations sur nos installations de refroidissement et appelez Van Cleven au <a href=\"tel:011263840\">011 26 38 40<\/a> !<\/strong><\/p>\n<\/div><\/div><\/div><\/div><\/div><div class=\"vc_col-sm-4 wpb_column vc_column_container\"><div class=\"vc_column-inner\"><div class=\"wpb_wrapper\"><section class=\"l-section wpb_row height_auto\"><div class=\"l-section-h i-cf\"><div class=\"g-cols vc_row via_flex valign_top type_default stacking_default\" style=\"--additional-gap:10px;\"><div class=\"vc_col-sm-12 wpb_column vc_column_container has_bg_color\"><div class=\"vc_column-inner us_custom_a4c66758\"><div class=\"wpb_wrapper\"><div class=\"wpb_text_column us_custom_4e55af8d has_text_color\"><div class=\"wpb_wrapper\"><h2 class=\"smallsubtitle\">Pourquoi choisir Van Cleven ?<\/h2>\n<\/div><\/div><div class=\"w-separator size_small\"><\/div><div class=\"w-iconbox iconpos_left style_default color_primary align_left no_text\"><div class=\"w-iconbox-icon\" style=\"font-size:1rem;\"><i class=\"fas fa-check\"><\/i><\/div><div class=\"w-iconbox-meta\"><p class=\"w-iconbox-title\">Propre service de conception<\/p><\/div><\/div><div class=\"w-iconbox iconpos_left style_default color_primary align_left no_text\"><div class=\"w-iconbox-icon\" style=\"font-size:1rem;\"><i class=\"fas fa-check\"><\/i><\/div><div class=\"w-iconbox-meta\"><p class=\"w-iconbox-title\">Propre service de placement<\/p><\/div><\/div><div class=\"w-iconbox iconpos_left style_default color_primary align_left no_text\"><div class=\"w-iconbox-icon\" style=\"font-size:1rem;\"><i class=\"fas fa-check\"><\/i><\/div><div class=\"w-iconbox-meta\"><p class=\"w-iconbox-title\">Propre service de r\u00e9paration<\/p><\/div><\/div><\/div><\/div><\/div><div class=\"vc_col-sm-12 wpb_column vc_column_container\"><div class=\"vc_column-inner us_custom_8591a7b2\"><div class=\"wpb_wrapper\"><div class=\"w-btn-wrapper width_full\"><a class=\"w-btn us-btn-style_4 icon_atleft\" title=\"R\u00e9alisations\" href=\"http:\/\/vancleven.be\/fr\/realisations\/\"><i class=\"fas fa-chevron-right\"><\/i><span class=\"w-btn-label\">D\u00e9couvrez nos realisations<\/span><\/a><\/div><div class=\"w-btn-wrapper width_full\"><a class=\"w-btn us-btn-style_2 icon_atleft\" title=\"Contact\" href=\"http:\/\/vancleven.be\/fr\/contact\/\"><i class=\"fas fa-chevron-right\"><\/i><span class=\"w-btn-label\">Demandez votre devis<\/span><\/a><\/div><\/div><\/div><\/div><\/div><\/div><\/section>\n<\/div><\/div><\/div><\/div><\/div><\/section>\n","protected":false},"excerpt":{"rendered":"Refroidissement commerciale Installations de refroidissement et de cong\u00e9lation pour le commerce Vous voulez pr\u00e9senter \u00e0 votre client des produits frais ? Van Cleven a une solution sur mesure adapt\u00e9e \u00e0 chaque utilisation. Besoin d\u2019un syst\u00e8me de refroidissement pour supermarch\u00e9s, magasins, restaurants et horeca, stations d\u2019essence et autres espaces commerciaux ? Nous proposons des solutions standard...","protected":false},"author":1,"featured_media":0,"parent":1035,"menu_order":1,"comment_status":"closed","ping_status":"closed","template":"","meta":{"footnotes":""},"class_list":["post-1041","page","type-page","status-publish","hentry"],"yoast_head":"<!-- This site is optimized with the Yoast SEO plugin v27.6 - https:\/\/yoast.com\/product\/yoast-seo-wordpress\/ -->\n<title>Refroidissement pour le commerce | Van Cleven Refroidissemment<\/title>\n<meta name=\"description\" content=\"Vous voulez pr\u00e9senter \u00e0 votre client des produits frais Van Cleven a une solution sur mesure adapt\u00e9e \u00e0 chaque utilisation Besoin d\u2019un syst\u00e8me de refroidissement pour supermarch\u00e9s, magasins, restaurants et horeca, stations d\u2019essence et autres espaces commerciaux Nous proposons des solutions standard et personnalis\u00e9es\" \/>\n<meta name=\"robots\" content=\"index, follow, max-snippet:-1, max-image-preview:large, max-video-preview:-1\" \/>\n<link rel=\"canonical\" href=\"https:\/\/vancleven.be\/fr\/installations\/refroidissement\/refroidissement-commerciale\/\" \/>\n<meta property=\"og:locale\" content=\"fr_FR\" \/>\n<meta property=\"og:type\" content=\"article\" \/>\n<meta property=\"og:title\" content=\"Refroidissement pour le commerce | Van Cleven Refroidissemment\" \/>\n<meta property=\"og:description\" content=\"Vous voulez pr\u00e9senter \u00e0 votre client des produits frais Van Cleven a une solution sur mesure adapt\u00e9e \u00e0 chaque utilisation Besoin d\u2019un syst\u00e8me de refroidissement pour supermarch\u00e9s, magasins, restaurants et horeca, stations d\u2019essence et autres espaces commerciaux Nous proposons des solutions standard et personnalis\u00e9es\" \/>\n<meta property=\"og:url\" content=\"https:\/\/vancleven.be\/fr\/installations\/refroidissement\/refroidissement-commerciale\/\" \/>\n<meta property=\"og:site_name\" content=\"Van Cleven\" \/>\n<meta property=\"article:modified_time\" content=\"2022-06-10T09:08:31+00:00\" \/>\n<meta name=\"twitter:card\" content=\"summary_large_image\" \/>\n<meta name=\"twitter:label1\" content=\"Dur\u00e9e de lecture est.\" \/>\n\t<meta name=\"twitter:data1\" content=\"1 minute\" \/>\n<script type=\"application\/ld+json\" class=\"yoast-schema-graph\">{\"@context\":\"https:\\\/\\\/schema.org\",\"@graph\":[{\"@type\":\"WebPage\",\"@id\":\"https:\\\/\\\/vancleven.be\\\/fr\\\/installations\\\/refroidissement\\\/refroidissement-commerciale\\\/\",\"url\":\"https:\\\/\\\/vancleven.be\\\/fr\\\/installations\\\/refroidissement\\\/refroidissement-commerciale\\\/\",\"name\":\"Refroidissement pour le commerce | Van Cleven Refroidissemment\",\"isPartOf\":{\"@id\":\"https:\\\/\\\/vancleven.be\\\/fr\\\/#website\"},\"datePublished\":\"2022-05-16T13:24:29+00:00\",\"dateModified\":\"2022-06-10T09:08:31+00:00\",\"description\":\"Vous voulez pr\u00e9senter \u00e0 votre client des produits frais Van Cleven a une solution sur mesure adapt\u00e9e \u00e0 chaque utilisation Besoin d\u2019un syst\u00e8me de refroidissement pour supermarch\u00e9s, magasins, restaurants et horeca, stations d\u2019essence et autres espaces commerciaux Nous proposons des solutions standard et personnalis\u00e9es\",\"breadcrumb\":{\"@id\":\"https:\\\/\\\/vancleven.be\\\/fr\\\/installations\\\/refroidissement\\\/refroidissement-commerciale\\\/#breadcrumb\"},\"inLanguage\":\"fr-BE\",\"potentialAction\":[{\"@type\":\"ReadAction\",\"target\":[\"https:\\\/\\\/vancleven.be\\\/fr\\\/installations\\\/refroidissement\\\/refroidissement-commerciale\\\/\"]}]},{\"@type\":\"BreadcrumbList\",\"@id\":\"https:\\\/\\\/vancleven.be\\\/fr\\\/installations\\\/refroidissement\\\/refroidissement-commerciale\\\/#breadcrumb\",\"itemListElement\":[{\"@type\":\"ListItem\",\"position\":1,\"name\":\"Home\",\"item\":\"https:\\\/\\\/vancleven.be\\\/fr\\\/\"},{\"@type\":\"ListItem\",\"position\":2,\"name\":\"Installations\",\"item\":\"https:\\\/\\\/vancleven.be\\\/fr\\\/installations\\\/\"},{\"@type\":\"ListItem\",\"position\":3,\"name\":\"Refroidissement\",\"item\":\"https:\\\/\\\/vancleven.be\\\/fr\\\/installations\\\/refroidissement\\\/\"},{\"@type\":\"ListItem\",\"position\":4,\"name\":\"Refroidissement commerciale\"}]},{\"@type\":\"WebSite\",\"@id\":\"https:\\\/\\\/vancleven.be\\\/fr\\\/#website\",\"url\":\"https:\\\/\\\/vancleven.be\\\/fr\\\/\",\"name\":\"Van Cleven\",\"description\":\"\",\"potentialAction\":[{\"@type\":\"SearchAction\",\"target\":{\"@type\":\"EntryPoint\",\"urlTemplate\":\"https:\\\/\\\/vancleven.be\\\/fr\\\/?s={search_term_string}\"},\"query-input\":{\"@type\":\"PropertyValueSpecification\",\"valueRequired\":true,\"valueName\":\"search_term_string\"}}],\"inLanguage\":\"fr-BE\"}]}<\/script>\n<!-- \/ Yoast SEO plugin. -->","yoast_head_json":{"title":"Refroidissement pour le commerce | Van Cleven Refroidissemment","description":"Vous voulez pr\u00e9senter \u00e0 votre client des produits frais Van Cleven a une solution sur mesure adapt\u00e9e \u00e0 chaque utilisation Besoin d\u2019un syst\u00e8me de refroidissement pour supermarch\u00e9s, magasins, restaurants et horeca, stations d\u2019essence et autres espaces commerciaux Nous proposons des solutions standard et personnalis\u00e9es","robots":{"index":"index","follow":"follow","max-snippet":"max-snippet:-1","max-image-preview":"max-image-preview:large","max-video-preview":"max-video-preview:-1"},"canonical":"https:\/\/vancleven.be\/fr\/installations\/refroidissement\/refroidissement-commerciale\/","og_locale":"fr_FR","og_type":"article","og_title":"Refroidissement pour le commerce | Van Cleven Refroidissemment","og_description":"Vous voulez pr\u00e9senter \u00e0 votre client des produits frais Van Cleven a une solution sur mesure adapt\u00e9e \u00e0 chaque utilisation Besoin d\u2019un syst\u00e8me de refroidissement pour supermarch\u00e9s, magasins, restaurants et horeca, stations d\u2019essence et autres espaces commerciaux Nous proposons des solutions standard et personnalis\u00e9es","og_url":"https:\/\/vancleven.be\/fr\/installations\/refroidissement\/refroidissement-commerciale\/","og_site_name":"Van Cleven","article_modified_time":"2022-06-10T09:08:31+00:00","twitter_card":"summary_large_image","twitter_misc":{"Dur\u00e9e de lecture est.":"1 minute"},"schema":{"@context":"https:\/\/schema.org","@graph":[{"@type":"WebPage","@id":"https:\/\/vancleven.be\/fr\/installations\/refroidissement\/refroidissement-commerciale\/","url":"https:\/\/vancleven.be\/fr\/installations\/refroidissement\/refroidissement-commerciale\/","name":"Refroidissement pour le commerce | Van Cleven Refroidissemment","isPartOf":{"@id":"https:\/\/vancleven.be\/fr\/#website"},"datePublished":"2022-05-16T13:24:29+00:00","dateModified":"2022-06-10T09:08:31+00:00","description":"Vous voulez pr\u00e9senter \u00e0 votre client des produits frais Van Cleven a une solution sur mesure adapt\u00e9e \u00e0 chaque utilisation Besoin d\u2019un syst\u00e8me de refroidissement pour supermarch\u00e9s, magasins, restaurants et horeca, stations d\u2019essence et autres espaces commerciaux Nous proposons des solutions standard et personnalis\u00e9es","breadcrumb":{"@id":"https:\/\/vancleven.be\/fr\/installations\/refroidissement\/refroidissement-commerciale\/#breadcrumb"},"inLanguage":"fr-BE","potentialAction":[{"@type":"ReadAction","target":["https:\/\/vancleven.be\/fr\/installations\/refroidissement\/refroidissement-commerciale\/"]}]},{"@type":"BreadcrumbList","@id":"https:\/\/vancleven.be\/fr\/installations\/refroidissement\/refroidissement-commerciale\/#breadcrumb","itemListElement":[{"@type":"ListItem","position":1,"name":"Home","item":"https:\/\/vancleven.be\/fr\/"},{"@type":"ListItem","position":2,"name":"Installations","item":"https:\/\/vancleven.be\/fr\/installations\/"},{"@type":"ListItem","position":3,"name":"Refroidissement","item":"https:\/\/vancleven.be\/fr\/installations\/refroidissement\/"},{"@type":"ListItem","position":4,"name":"Refroidissement commerciale"}]},{"@type":"WebSite","@id":"https:\/\/vancleven.be\/fr\/#website","url":"https:\/\/vancleven.be\/fr\/","name":"Van Cleven","description":"","potentialAction":[{"@type":"SearchAction","target":{"@type":"EntryPoint","urlTemplate":"https:\/\/vancleven.be\/fr\/?s={search_term_string}"},"query-input":{"@type":"PropertyValueSpecification","valueRequired":true,"valueName":"search_term_string"}}],"inLanguage":"fr-BE"}]}},"_links":{"self":[{"href":"https:\/\/vancleven.be\/fr\/wp-json\/wp\/v2\/pages\/1041","targetHints":{"allow":["GET"]}}],"collection":[{"href":"https:\/\/vancleven.be\/fr\/wp-json\/wp\/v2\/pages"}],"about":[{"href":"https:\/\/vancleven.be\/fr\/wp-json\/wp\/v2\/types\/page"}],"author":[{"embeddable":true,"href":"https:\/\/vancleven.be\/fr\/wp-json\/wp\/v2\/users\/1"}],"replies":[{"embeddable":true,"href":"https:\/\/vancleven.be\/fr\/wp-json\/wp\/v2\/comments?post=1041"}],"version-history":[{"count":3,"href":"https:\/\/vancleven.be\/fr\/wp-json\/wp\/v2\/pages\/1041\/revisions"}],"predecessor-version":[{"id":1236,"href":"https:\/\/vancleven.be\/fr\/wp-json\/wp\/v2\/pages\/1041\/revisions\/1236"}],"up":[{"embeddable":true,"href":"https:\/\/vancleven.be\/fr\/wp-json\/wp\/v2\/pages\/1035"}],"wp:attachment":[{"href":"https:\/\/vancleven.be\/fr\/wp-json\/wp\/v2\/media?parent=1041"}],"curies":[{"name":"wp","href":"https:\/\/api.w.org\/{rel}","templated":true}]}}