{"id":1047,"date":"2022-05-16T15:25:25","date_gmt":"2022-05-16T13:25:25","guid":{"rendered":"https:\/\/vancleven.be\/koel-vriescellen-agro\/"},"modified":"2022-06-10T11:07:15","modified_gmt":"2022-06-10T09:07:15","slug":"cellules-de-refroidissement-agro","status":"publish","type":"page","link":"https:\/\/vancleven.be\/fr\/cellules-de-refroidissement-agro\/","title":{"rendered":"Cellules de refroidissement (agro)"},"content":{"rendered":"<section class=\"l-section wpb_row us_custom_317d847f height_auto\"><div class=\"l-section-h i-cf\"><div class=\"g-cols vc_row via_flex valign_top type_default stacking_default\"><div class=\"vc_col-sm-12 wpb_column vc_column_container\"><div class=\"vc_column-inner\"><div class=\"wpb_wrapper\"><\/div><\/div><\/div><\/div><\/div><\/section><section class=\"l-section wpb_row height_medium\"><div class=\"l-section-h i-cf\"><div class=\"g-cols vc_row via_flex valign_top type_default stacking_default\"><div class=\"vc_col-sm-12 wpb_column vc_column_container\"><div class=\"vc_column-inner\"><div class=\"wpb_wrapper\"><div class=\"wpb_text_column us_custom_6745946f has_text_color\"><div class=\"wpb_wrapper\"><h1>Cellules de refroidissement agro<\/h1>\n<\/div><\/div><div class=\"w-separator us_custom_29a0f245 margin0 size_small with_line width_50 thick_1 style_solid color_secondary align_center\"><div class=\"w-separator-h\"><\/div><\/div><\/div><\/div><\/div><div class=\"vc_col-sm-8 wpb_column vc_column_container\"><div class=\"vc_column-inner\"><div class=\"wpb_wrapper\"><div class=\"wpb_text_column us_custom_1e9d6bf7 has_text_color\"><div class=\"wpb_wrapper\"><h2>Une solution de refroidissement adapt\u00e9e \u00e0 tous les produits agricoles<\/h2>\n<\/div><\/div><div class=\"w-separator size_small\"><\/div><div class=\"wpb_text_column\"><div class=\"wpb_wrapper\"><p>Avec plus de cinquante ans d\u2019exp\u00e9rience dans la r\u00e9frig\u00e9ration, <a href=\"https:\/\/vancleven.be\/fr\/\">Van Cleven<\/a>, entreprise install\u00e9e \u00e0 Hasselt, sait l\u2019importance de la fiabilit\u00e9 de l\u2019installation de <a href=\"https:\/\/vancleven.be\/fr\/installations\/refroidissement\/\">refroidissement<\/a> pour le secteur agricole et l\u2019industrie agroalimentaire. Car, pour \u00eatre rentables, les aliments doivent pouvoir \u00e9chapper aussi longtemps que possible aux limites de leur dur\u00e9e de conservation.<\/p>\n<p>Nous vous fournissons des <a href=\"https:\/\/vancleven.be\/fr\/installations\/refroidissement\/chambres-denvironnement\/\">chambres d\u2019environnement<\/a>, <strong>des cellules de refroidissement et de cong\u00e9lation<\/strong> pour <strong>une conservation et un traitement optimaux des fruits et l\u00e9gumes<\/strong>. Les murs et plafonds ont une grande valeur d\u2019isolation, sont imperm\u00e9ables \u00e0 la vapeur, r\u00e9sistants \u00e0 la corrosion et aux bact\u00e9ries. Toutes nos installations personnalis\u00e9es sont de construction robuste pour r\u00e9sister aux surcharges. Les installations de refroidissement que nous concevons et montons vous permettent d\u2019\u00e9conomiser de l\u2019\u00e9nergie et ont un co\u00fbt op\u00e9rationnel peu \u00e9lev\u00e9 et une longue dur\u00e9e de vie.<\/p>\n<p><strong>Int\u00e9ress\u00e9 ? T\u00e9l\u00e9phonez \u00e0 Van Cleven au <a href=\"tel:011263840\">011 26 38 40<\/a> !<\/strong><\/p>\n<\/div><\/div><\/div><\/div><\/div><div class=\"vc_col-sm-4 wpb_column vc_column_container\"><div class=\"vc_column-inner\"><div class=\"wpb_wrapper\"><section class=\"l-section wpb_row height_auto\"><div class=\"l-section-h i-cf\"><div class=\"g-cols vc_row via_flex valign_top type_default stacking_default\" style=\"--additional-gap:10px;\"><div class=\"vc_col-sm-12 wpb_column vc_column_container has_bg_color\"><div class=\"vc_column-inner us_custom_a4c66758\"><div class=\"wpb_wrapper\"><div class=\"wpb_text_column us_custom_4e55af8d has_text_color\"><div class=\"wpb_wrapper\"><h2 class=\"smallsubtitle\">Pourquoi choisir Van Cleven ?<\/h2>\n<\/div><\/div><div class=\"w-separator size_small\"><\/div><div class=\"w-iconbox iconpos_left style_default color_primary align_left no_text\"><div class=\"w-iconbox-icon\" style=\"font-size:1rem;\"><i class=\"fas fa-check\"><\/i><\/div><div class=\"w-iconbox-meta\"><p class=\"w-iconbox-title\">Propre service de conception<\/p><\/div><\/div><div class=\"w-iconbox iconpos_left style_default color_primary align_left no_text\"><div class=\"w-iconbox-icon\" style=\"font-size:1rem;\"><i class=\"fas fa-check\"><\/i><\/div><div class=\"w-iconbox-meta\"><p class=\"w-iconbox-title\">Propre service de placement<\/p><\/div><\/div><div class=\"w-iconbox iconpos_left style_default color_primary align_left no_text\"><div class=\"w-iconbox-icon\" style=\"font-size:1rem;\"><i class=\"fas fa-check\"><\/i><\/div><div class=\"w-iconbox-meta\"><p class=\"w-iconbox-title\">Propre service de r\u00e9paration<\/p><\/div><\/div><\/div><\/div><\/div><div class=\"vc_col-sm-12 wpb_column vc_column_container\"><div class=\"vc_column-inner us_custom_8591a7b2\"><div class=\"wpb_wrapper\"><div class=\"w-btn-wrapper width_full\"><a class=\"w-btn us-btn-style_4 icon_atleft\" title=\"R\u00e9alisations\" href=\"http:\/\/vancleven.be\/fr\/realisations\/\"><i class=\"fas fa-chevron-right\"><\/i><span class=\"w-btn-label\">D\u00e9couvrez nos realisations<\/span><\/a><\/div><div class=\"w-btn-wrapper width_full\"><a class=\"w-btn us-btn-style_2 icon_atleft\" title=\"Contact\" href=\"http:\/\/vancleven.be\/fr\/contact\/\"><i class=\"fas fa-chevron-right\"><\/i><span class=\"w-btn-label\">Demandez votre devis<\/span><\/a><\/div><\/div><\/div><\/div><\/div><\/div><\/section>\n<\/div><\/div><\/div><\/div><\/div><\/section>\n","protected":false},"excerpt":{"rendered":"Cellules de refroidissement agro Une solution de refroidissement adapt\u00e9e \u00e0 tous les produits agricoles Avec plus de cinquante ans d\u2019exp\u00e9rience dans la r\u00e9frig\u00e9ration, Van Cleven, entreprise install\u00e9e \u00e0 Hasselt, sait l\u2019importance de la fiabilit\u00e9 de l\u2019installation de refroidissement pour le secteur agricole et l\u2019industrie agroalimentaire. Car, pour \u00eatre rentables, les aliments doivent pouvoir \u00e9chapper aussi...","protected":false},"author":1,"featured_media":0,"parent":0,"menu_order":0,"comment_status":"closed","ping_status":"closed","template":"","meta":{"footnotes":""},"class_list":["post-1047","page","type-page","status-publish","hentry"],"yoast_head":"<!-- This site is optimized with the Yoast SEO plugin v27.4 - https:\/\/yoast.com\/product\/yoast-seo-wordpress\/ -->\n<title>Cellules de refroidissement agro | Van Cleven Refroidissemment<\/title>\n<meta name=\"description\" content=\"Nous vous fournissons des chambres d\u2019environnement, des cellules de refroidissement et de cong\u00e9lation pour une conservation et un traitement optimaux des fruits et l\u00e9gumes Les murs et plafonds ont une grande valeur d\u2019isolation, sont imperm\u00e9ables \u00e0 la vapeur, r\u00e9sistants \u00e0 la corrosion et aux bact\u00e9ries\" \/>\n<meta name=\"robots\" content=\"index, follow, max-snippet:-1, max-image-preview:large, max-video-preview:-1\" \/>\n<link rel=\"canonical\" href=\"https:\/\/vancleven.be\/fr\/cellules-de-refroidissement-agro\/\" \/>\n<meta property=\"og:locale\" content=\"fr_FR\" \/>\n<meta property=\"og:type\" content=\"article\" \/>\n<meta property=\"og:title\" content=\"Cellules de refroidissement agro | Van Cleven Refroidissemment\" \/>\n<meta property=\"og:description\" content=\"Nous vous fournissons des chambres d\u2019environnement, des cellules de refroidissement et de cong\u00e9lation pour une conservation et un traitement optimaux des fruits et l\u00e9gumes Les murs et plafonds ont une grande valeur d\u2019isolation, sont imperm\u00e9ables \u00e0 la vapeur, r\u00e9sistants \u00e0 la corrosion et aux bact\u00e9ries\" \/>\n<meta property=\"og:url\" content=\"https:\/\/vancleven.be\/fr\/cellules-de-refroidissement-agro\/\" \/>\n<meta property=\"og:site_name\" content=\"Van Cleven\" \/>\n<meta property=\"article:modified_time\" content=\"2022-06-10T09:07:15+00:00\" \/>\n<meta name=\"twitter:card\" content=\"summary_large_image\" \/>\n<meta name=\"twitter:label1\" content=\"Dur\u00e9e de lecture est.\" \/>\n\t<meta name=\"twitter:data1\" content=\"1 minute\" \/>\n<script type=\"application\/ld+json\" class=\"yoast-schema-graph\">{\"@context\":\"https:\\\/\\\/schema.org\",\"@graph\":[{\"@type\":\"WebPage\",\"@id\":\"https:\\\/\\\/vancleven.be\\\/fr\\\/cellules-de-refroidissement-agro\\\/\",\"url\":\"https:\\\/\\\/vancleven.be\\\/fr\\\/cellules-de-refroidissement-agro\\\/\",\"name\":\"Cellules de refroidissement agro | Van Cleven Refroidissemment\",\"isPartOf\":{\"@id\":\"https:\\\/\\\/vancleven.be\\\/fr\\\/#website\"},\"datePublished\":\"2022-05-16T13:25:25+00:00\",\"dateModified\":\"2022-06-10T09:07:15+00:00\",\"description\":\"Nous vous fournissons des chambres d\u2019environnement, des cellules de refroidissement et de cong\u00e9lation pour une conservation et un traitement optimaux des fruits et l\u00e9gumes Les murs et plafonds ont une grande valeur d\u2019isolation, sont imperm\u00e9ables \u00e0 la vapeur, r\u00e9sistants \u00e0 la corrosion et aux bact\u00e9ries\",\"breadcrumb\":{\"@id\":\"https:\\\/\\\/vancleven.be\\\/fr\\\/cellules-de-refroidissement-agro\\\/#breadcrumb\"},\"inLanguage\":\"fr-BE\",\"potentialAction\":[{\"@type\":\"ReadAction\",\"target\":[\"https:\\\/\\\/vancleven.be\\\/fr\\\/cellules-de-refroidissement-agro\\\/\"]}]},{\"@type\":\"BreadcrumbList\",\"@id\":\"https:\\\/\\\/vancleven.be\\\/fr\\\/cellules-de-refroidissement-agro\\\/#breadcrumb\",\"itemListElement\":[{\"@type\":\"ListItem\",\"position\":1,\"name\":\"Home\",\"item\":\"https:\\\/\\\/vancleven.be\\\/fr\\\/\"},{\"@type\":\"ListItem\",\"position\":2,\"name\":\"Cellules de refroidissement (agro)\"}]},{\"@type\":\"WebSite\",\"@id\":\"https:\\\/\\\/vancleven.be\\\/fr\\\/#website\",\"url\":\"https:\\\/\\\/vancleven.be\\\/fr\\\/\",\"name\":\"Van Cleven\",\"description\":\"\",\"potentialAction\":[{\"@type\":\"SearchAction\",\"target\":{\"@type\":\"EntryPoint\",\"urlTemplate\":\"https:\\\/\\\/vancleven.be\\\/fr\\\/?s={search_term_string}\"},\"query-input\":{\"@type\":\"PropertyValueSpecification\",\"valueRequired\":true,\"valueName\":\"search_term_string\"}}],\"inLanguage\":\"fr-BE\"}]}<\/script>\n<!-- \/ Yoast SEO plugin. -->","yoast_head_json":{"title":"Cellules de refroidissement agro | Van Cleven Refroidissemment","description":"Nous vous fournissons des chambres d\u2019environnement, des cellules de refroidissement et de cong\u00e9lation pour une conservation et un traitement optimaux des fruits et l\u00e9gumes Les murs et plafonds ont une grande valeur d\u2019isolation, sont imperm\u00e9ables \u00e0 la vapeur, r\u00e9sistants \u00e0 la corrosion et aux bact\u00e9ries","robots":{"index":"index","follow":"follow","max-snippet":"max-snippet:-1","max-image-preview":"max-image-preview:large","max-video-preview":"max-video-preview:-1"},"canonical":"https:\/\/vancleven.be\/fr\/cellules-de-refroidissement-agro\/","og_locale":"fr_FR","og_type":"article","og_title":"Cellules de refroidissement agro | Van Cleven Refroidissemment","og_description":"Nous vous fournissons des chambres d\u2019environnement, des cellules de refroidissement et de cong\u00e9lation pour une conservation et un traitement optimaux des fruits et l\u00e9gumes Les murs et plafonds ont une grande valeur d\u2019isolation, sont imperm\u00e9ables \u00e0 la vapeur, r\u00e9sistants \u00e0 la corrosion et aux bact\u00e9ries","og_url":"https:\/\/vancleven.be\/fr\/cellules-de-refroidissement-agro\/","og_site_name":"Van Cleven","article_modified_time":"2022-06-10T09:07:15+00:00","twitter_card":"summary_large_image","twitter_misc":{"Dur\u00e9e de lecture est.":"1 minute"},"schema":{"@context":"https:\/\/schema.org","@graph":[{"@type":"WebPage","@id":"https:\/\/vancleven.be\/fr\/cellules-de-refroidissement-agro\/","url":"https:\/\/vancleven.be\/fr\/cellules-de-refroidissement-agro\/","name":"Cellules de refroidissement agro | Van Cleven Refroidissemment","isPartOf":{"@id":"https:\/\/vancleven.be\/fr\/#website"},"datePublished":"2022-05-16T13:25:25+00:00","dateModified":"2022-06-10T09:07:15+00:00","description":"Nous vous fournissons des chambres d\u2019environnement, des cellules de refroidissement et de cong\u00e9lation pour une conservation et un traitement optimaux des fruits et l\u00e9gumes Les murs et plafonds ont une grande valeur d\u2019isolation, sont imperm\u00e9ables \u00e0 la vapeur, r\u00e9sistants \u00e0 la corrosion et aux bact\u00e9ries","breadcrumb":{"@id":"https:\/\/vancleven.be\/fr\/cellules-de-refroidissement-agro\/#breadcrumb"},"inLanguage":"fr-BE","potentialAction":[{"@type":"ReadAction","target":["https:\/\/vancleven.be\/fr\/cellules-de-refroidissement-agro\/"]}]},{"@type":"BreadcrumbList","@id":"https:\/\/vancleven.be\/fr\/cellules-de-refroidissement-agro\/#breadcrumb","itemListElement":[{"@type":"ListItem","position":1,"name":"Home","item":"https:\/\/vancleven.be\/fr\/"},{"@type":"ListItem","position":2,"name":"Cellules de refroidissement (agro)"}]},{"@type":"WebSite","@id":"https:\/\/vancleven.be\/fr\/#website","url":"https:\/\/vancleven.be\/fr\/","name":"Van Cleven","description":"","potentialAction":[{"@type":"SearchAction","target":{"@type":"EntryPoint","urlTemplate":"https:\/\/vancleven.be\/fr\/?s={search_term_string}"},"query-input":{"@type":"PropertyValueSpecification","valueRequired":true,"valueName":"search_term_string"}}],"inLanguage":"fr-BE"}]}},"_links":{"self":[{"href":"https:\/\/vancleven.be\/fr\/wp-json\/wp\/v2\/pages\/1047","targetHints":{"allow":["GET"]}}],"collection":[{"href":"https:\/\/vancleven.be\/fr\/wp-json\/wp\/v2\/pages"}],"about":[{"href":"https:\/\/vancleven.be\/fr\/wp-json\/wp\/v2\/types\/page"}],"author":[{"embeddable":true,"href":"https:\/\/vancleven.be\/fr\/wp-json\/wp\/v2\/users\/1"}],"replies":[{"embeddable":true,"href":"https:\/\/vancleven.be\/fr\/wp-json\/wp\/v2\/comments?post=1047"}],"version-history":[{"count":4,"href":"https:\/\/vancleven.be\/fr\/wp-json\/wp\/v2\/pages\/1047\/revisions"}],"predecessor-version":[{"id":1233,"href":"https:\/\/vancleven.be\/fr\/wp-json\/wp\/v2\/pages\/1047\/revisions\/1233"}],"wp:attachment":[{"href":"https:\/\/vancleven.be\/fr\/wp-json\/wp\/v2\/media?parent=1047"}],"curies":[{"name":"wp","href":"https:\/\/api.w.org\/{rel}","templated":true}]}}