{"id":1050,"date":"2022-05-16T15:25:25","date_gmt":"2022-05-16T13:25:25","guid":{"rendered":"https:\/\/vancleven.be\/koel-vriescellen-industrieel\/"},"modified":"2022-06-10T11:13:37","modified_gmt":"2022-06-10T09:13:37","slug":"cellules-de-refroidissement-industrielles","status":"publish","type":"page","link":"https:\/\/vancleven.be\/fr\/cellules-de-refroidissement-industrielles\/","title":{"rendered":"Cellules de refroidissement (industrielles)"},"content":{"rendered":"<section class=\"l-section wpb_row us_custom_317d847f height_auto\"><div class=\"l-section-h i-cf\"><div class=\"g-cols vc_row via_flex valign_top type_default stacking_default\"><div class=\"vc_col-sm-12 wpb_column vc_column_container\"><div class=\"vc_column-inner\"><div class=\"wpb_wrapper\"><\/div><\/div><\/div><\/div><\/div><\/section><section class=\"l-section wpb_row height_medium\"><div class=\"l-section-h i-cf\"><div class=\"g-cols vc_row via_flex valign_top type_default stacking_default\"><div class=\"vc_col-sm-12 wpb_column vc_column_container\"><div class=\"vc_column-inner\"><div class=\"wpb_wrapper\"><div class=\"wpb_text_column us_custom_6745946f has_text_color\"><div class=\"wpb_wrapper\"><h1>Cellules de refroidissement industrielles<\/h1>\n<\/div><\/div><div class=\"w-separator us_custom_29a0f245 margin0 size_small with_line width_50 thick_1 style_solid color_secondary align_center\"><div class=\"w-separator-h\"><\/div><\/div><\/div><\/div><\/div><div class=\"vc_col-sm-8 wpb_column vc_column_container\"><div class=\"vc_column-inner\"><div class=\"wpb_wrapper\"><div class=\"wpb_text_column us_custom_1e9d6bf7 has_text_color\"><div class=\"wpb_wrapper\"><h2>Des solutions de refroidissement efficaces et durables pour l\u2019industrie<\/h2>\n<\/div><\/div><div class=\"w-separator size_small\"><\/div><div class=\"wpb_text_column\"><div class=\"wpb_wrapper\"><p>Gr\u00e2ce \u00e0 notre <strong>connaissance des techniques de refroidissement<\/strong>, nous pouvons offrir <strong>une solution de refroidissement et de cong\u00e9lation personnalis\u00e9e \u00e0 toute entreprise industrielle<\/strong>. Van Cleven est le sp\u00e9cialiste du travail sur mesure pour les <strong>cellules de refroidissement industriels<\/strong>, les cellules de cong\u00e9lation, le refroidissement rapide, les refroidisseurs, les centrales de refroidissement et plus encore.<\/p>\n<p>Pour les entreprises industrielles, alimentaires, pharmaceutiques, l\u2019horeca et d&rsquo;autres secteurs, nous concevons, produisons, installons et entretenons notamment des :<\/p>\n<ul>\n<li><strong>Chambres de refroidissement et de cong\u00e9lation<\/strong><\/li>\n<li><strong>Refroidisseurs rapides et tunnels de cong\u00e9lation<\/strong><\/li>\n<li><strong>Cellules de refroidissement IND, AC et ULO<\/strong><\/li>\n<li><strong>Compresseurs frigorifiques et humidificateurs<\/strong><\/li>\n<\/ul>\n<p>Nous vous proposons une installation qui garantit une dur\u00e9e de conservation de vos produits plus longue et cr\u00e9e les bonnes conditions pour vos proc\u00e9dures de traitement.<\/p>\n<p><strong><a href=\"https:\/\/vancleven.be\/fr\/contact\/\">Prenez contact<\/a> avec Van Cleven pour de plus amples informations sur votre solution de refroidissement !<\/strong><\/p>\n<\/div><\/div><\/div><\/div><\/div><div class=\"vc_col-sm-4 wpb_column vc_column_container\"><div class=\"vc_column-inner\"><div class=\"wpb_wrapper\"><section class=\"l-section wpb_row height_auto\"><div class=\"l-section-h i-cf\"><div class=\"g-cols vc_row via_flex valign_top type_default stacking_default\" style=\"--additional-gap:10px;\"><div class=\"vc_col-sm-12 wpb_column vc_column_container has_bg_color\"><div class=\"vc_column-inner us_custom_a4c66758\"><div class=\"wpb_wrapper\"><div class=\"wpb_text_column us_custom_4e55af8d has_text_color\"><div class=\"wpb_wrapper\"><h2 class=\"smallsubtitle\">Pourquoi choisir Van Cleven ?<\/h2>\n<\/div><\/div><div class=\"w-separator size_small\"><\/div><div class=\"w-iconbox iconpos_left style_default color_primary align_left no_text\"><div class=\"w-iconbox-icon\" style=\"font-size:1rem;\"><i class=\"fas fa-check\"><\/i><\/div><div class=\"w-iconbox-meta\"><p class=\"w-iconbox-title\">Propre service de conception<\/p><\/div><\/div><div class=\"w-iconbox iconpos_left style_default color_primary align_left no_text\"><div class=\"w-iconbox-icon\" style=\"font-size:1rem;\"><i class=\"fas fa-check\"><\/i><\/div><div class=\"w-iconbox-meta\"><p class=\"w-iconbox-title\">Propre service de placement<\/p><\/div><\/div><div class=\"w-iconbox iconpos_left style_default color_primary align_left no_text\"><div class=\"w-iconbox-icon\" style=\"font-size:1rem;\"><i class=\"fas fa-check\"><\/i><\/div><div class=\"w-iconbox-meta\"><p class=\"w-iconbox-title\">Propre service de r\u00e9paration<\/p><\/div><\/div><\/div><\/div><\/div><div class=\"vc_col-sm-12 wpb_column vc_column_container\"><div class=\"vc_column-inner us_custom_8591a7b2\"><div class=\"wpb_wrapper\"><div class=\"w-btn-wrapper width_full\"><a class=\"w-btn us-btn-style_4 icon_atleft\" title=\"R\u00e9alisations\" href=\"http:\/\/vancleven.be\/fr\/realisations\/\"><i class=\"fas fa-chevron-right\"><\/i><span class=\"w-btn-label\">D\u00e9couvrez nos realisations<\/span><\/a><\/div><div class=\"w-btn-wrapper width_full\"><a class=\"w-btn us-btn-style_2 icon_atleft\" title=\"Contact\" href=\"http:\/\/vancleven.be\/fr\/contact\/\"><i class=\"fas fa-chevron-right\"><\/i><span class=\"w-btn-label\">Demandez votre devis<\/span><\/a><\/div><\/div><\/div><\/div><\/div><\/div><\/section>\n<\/div><\/div><\/div><\/div><\/div><\/section>\n","protected":false},"excerpt":{"rendered":"Cellules de refroidissement industrielles Des solutions de refroidissement efficaces et durables pour l\u2019industrie Gr\u00e2ce \u00e0 notre connaissance des techniques de refroidissement, nous pouvons offrir une solution de refroidissement et de cong\u00e9lation personnalis\u00e9e \u00e0 toute entreprise industrielle. Van Cleven est le sp\u00e9cialiste du travail sur mesure pour les cellules de refroidissement industriels, les cellules de cong\u00e9lation,...","protected":false},"author":1,"featured_media":0,"parent":0,"menu_order":1,"comment_status":"closed","ping_status":"closed","template":"","meta":{"footnotes":""},"class_list":["post-1050","page","type-page","status-publish","hentry"],"yoast_head":"<!-- This site is optimized with the Yoast SEO plugin v27.4 - https:\/\/yoast.com\/product\/yoast-seo-wordpress\/ -->\n<title>Cellules de refroidissement industrielles | Van Cleven Refroidissemment<\/title>\n<meta name=\"description\" content=\"Gr\u00e2ce \u00e0 notre connaissance des techniques de refroidissement, nous pouvons offrir une solution de refroidissement et de cong\u00e9lation personnalis\u00e9e \u00e0 toute entreprise industrielle Van Cleven est le sp\u00e9cialiste du travail sur mesure pour les cellules de refroidissement industriels, les cellules de cong\u00e9lation, le refroidissement rapide, les refroidisseurs, les centrales de refroidissement et plus encore\" \/>\n<meta name=\"robots\" content=\"index, follow, max-snippet:-1, max-image-preview:large, max-video-preview:-1\" \/>\n<link rel=\"canonical\" href=\"https:\/\/vancleven.be\/fr\/cellules-de-refroidissement-industrielles\/\" \/>\n<meta property=\"og:locale\" content=\"fr_FR\" \/>\n<meta property=\"og:type\" content=\"article\" \/>\n<meta property=\"og:title\" content=\"Cellules de refroidissement industrielles | Van Cleven Refroidissemment\" \/>\n<meta property=\"og:description\" content=\"Gr\u00e2ce \u00e0 notre connaissance des techniques de refroidissement, nous pouvons offrir une solution de refroidissement et de cong\u00e9lation personnalis\u00e9e \u00e0 toute entreprise industrielle Van Cleven est le sp\u00e9cialiste du travail sur mesure pour les cellules de refroidissement industriels, les cellules de cong\u00e9lation, le refroidissement rapide, les refroidisseurs, les centrales de refroidissement et plus encore\" \/>\n<meta property=\"og:url\" content=\"https:\/\/vancleven.be\/fr\/cellules-de-refroidissement-industrielles\/\" \/>\n<meta property=\"og:site_name\" content=\"Van Cleven\" \/>\n<meta property=\"article:modified_time\" content=\"2022-06-10T09:13:37+00:00\" \/>\n<meta name=\"twitter:card\" content=\"summary_large_image\" \/>\n<meta name=\"twitter:label1\" content=\"Dur\u00e9e de lecture est.\" \/>\n\t<meta name=\"twitter:data1\" content=\"1 minute\" \/>\n<script type=\"application\/ld+json\" class=\"yoast-schema-graph\">{\"@context\":\"https:\\\/\\\/schema.org\",\"@graph\":[{\"@type\":\"WebPage\",\"@id\":\"https:\\\/\\\/vancleven.be\\\/fr\\\/cellules-de-refroidissement-industrielles\\\/\",\"url\":\"https:\\\/\\\/vancleven.be\\\/fr\\\/cellules-de-refroidissement-industrielles\\\/\",\"name\":\"Cellules de refroidissement industrielles | Van Cleven Refroidissemment\",\"isPartOf\":{\"@id\":\"https:\\\/\\\/vancleven.be\\\/fr\\\/#website\"},\"datePublished\":\"2022-05-16T13:25:25+00:00\",\"dateModified\":\"2022-06-10T09:13:37+00:00\",\"description\":\"Gr\u00e2ce \u00e0 notre connaissance des techniques de refroidissement, nous pouvons offrir une solution de refroidissement et de cong\u00e9lation personnalis\u00e9e \u00e0 toute entreprise industrielle Van Cleven est le sp\u00e9cialiste du travail sur mesure pour les cellules de refroidissement industriels, les cellules de cong\u00e9lation, le refroidissement rapide, les refroidisseurs, les centrales de refroidissement et plus encore\",\"breadcrumb\":{\"@id\":\"https:\\\/\\\/vancleven.be\\\/fr\\\/cellules-de-refroidissement-industrielles\\\/#breadcrumb\"},\"inLanguage\":\"fr-BE\",\"potentialAction\":[{\"@type\":\"ReadAction\",\"target\":[\"https:\\\/\\\/vancleven.be\\\/fr\\\/cellules-de-refroidissement-industrielles\\\/\"]}]},{\"@type\":\"BreadcrumbList\",\"@id\":\"https:\\\/\\\/vancleven.be\\\/fr\\\/cellules-de-refroidissement-industrielles\\\/#breadcrumb\",\"itemListElement\":[{\"@type\":\"ListItem\",\"position\":1,\"name\":\"Home\",\"item\":\"https:\\\/\\\/vancleven.be\\\/fr\\\/\"},{\"@type\":\"ListItem\",\"position\":2,\"name\":\"Cellules de refroidissement (industrielles)\"}]},{\"@type\":\"WebSite\",\"@id\":\"https:\\\/\\\/vancleven.be\\\/fr\\\/#website\",\"url\":\"https:\\\/\\\/vancleven.be\\\/fr\\\/\",\"name\":\"Van Cleven\",\"description\":\"\",\"potentialAction\":[{\"@type\":\"SearchAction\",\"target\":{\"@type\":\"EntryPoint\",\"urlTemplate\":\"https:\\\/\\\/vancleven.be\\\/fr\\\/?s={search_term_string}\"},\"query-input\":{\"@type\":\"PropertyValueSpecification\",\"valueRequired\":true,\"valueName\":\"search_term_string\"}}],\"inLanguage\":\"fr-BE\"}]}<\/script>\n<!-- \/ Yoast SEO plugin. -->","yoast_head_json":{"title":"Cellules de refroidissement industrielles | Van Cleven Refroidissemment","description":"Gr\u00e2ce \u00e0 notre connaissance des techniques de refroidissement, nous pouvons offrir une solution de refroidissement et de cong\u00e9lation personnalis\u00e9e \u00e0 toute entreprise industrielle Van Cleven est le sp\u00e9cialiste du travail sur mesure pour les cellules de refroidissement industriels, les cellules de cong\u00e9lation, le refroidissement rapide, les refroidisseurs, les centrales de refroidissement et plus encore","robots":{"index":"index","follow":"follow","max-snippet":"max-snippet:-1","max-image-preview":"max-image-preview:large","max-video-preview":"max-video-preview:-1"},"canonical":"https:\/\/vancleven.be\/fr\/cellules-de-refroidissement-industrielles\/","og_locale":"fr_FR","og_type":"article","og_title":"Cellules de refroidissement industrielles | Van Cleven Refroidissemment","og_description":"Gr\u00e2ce \u00e0 notre connaissance des techniques de refroidissement, nous pouvons offrir une solution de refroidissement et de cong\u00e9lation personnalis\u00e9e \u00e0 toute entreprise industrielle Van Cleven est le sp\u00e9cialiste du travail sur mesure pour les cellules de refroidissement industriels, les cellules de cong\u00e9lation, le refroidissement rapide, les refroidisseurs, les centrales de refroidissement et plus encore","og_url":"https:\/\/vancleven.be\/fr\/cellules-de-refroidissement-industrielles\/","og_site_name":"Van Cleven","article_modified_time":"2022-06-10T09:13:37+00:00","twitter_card":"summary_large_image","twitter_misc":{"Dur\u00e9e de lecture est.":"1 minute"},"schema":{"@context":"https:\/\/schema.org","@graph":[{"@type":"WebPage","@id":"https:\/\/vancleven.be\/fr\/cellules-de-refroidissement-industrielles\/","url":"https:\/\/vancleven.be\/fr\/cellules-de-refroidissement-industrielles\/","name":"Cellules de refroidissement industrielles | Van Cleven Refroidissemment","isPartOf":{"@id":"https:\/\/vancleven.be\/fr\/#website"},"datePublished":"2022-05-16T13:25:25+00:00","dateModified":"2022-06-10T09:13:37+00:00","description":"Gr\u00e2ce \u00e0 notre connaissance des techniques de refroidissement, nous pouvons offrir une solution de refroidissement et de cong\u00e9lation personnalis\u00e9e \u00e0 toute entreprise industrielle Van Cleven est le sp\u00e9cialiste du travail sur mesure pour les cellules de refroidissement industriels, les cellules de cong\u00e9lation, le refroidissement rapide, les refroidisseurs, les centrales de refroidissement et plus encore","breadcrumb":{"@id":"https:\/\/vancleven.be\/fr\/cellules-de-refroidissement-industrielles\/#breadcrumb"},"inLanguage":"fr-BE","potentialAction":[{"@type":"ReadAction","target":["https:\/\/vancleven.be\/fr\/cellules-de-refroidissement-industrielles\/"]}]},{"@type":"BreadcrumbList","@id":"https:\/\/vancleven.be\/fr\/cellules-de-refroidissement-industrielles\/#breadcrumb","itemListElement":[{"@type":"ListItem","position":1,"name":"Home","item":"https:\/\/vancleven.be\/fr\/"},{"@type":"ListItem","position":2,"name":"Cellules de refroidissement (industrielles)"}]},{"@type":"WebSite","@id":"https:\/\/vancleven.be\/fr\/#website","url":"https:\/\/vancleven.be\/fr\/","name":"Van Cleven","description":"","potentialAction":[{"@type":"SearchAction","target":{"@type":"EntryPoint","urlTemplate":"https:\/\/vancleven.be\/fr\/?s={search_term_string}"},"query-input":{"@type":"PropertyValueSpecification","valueRequired":true,"valueName":"search_term_string"}}],"inLanguage":"fr-BE"}]}},"_links":{"self":[{"href":"https:\/\/vancleven.be\/fr\/wp-json\/wp\/v2\/pages\/1050","targetHints":{"allow":["GET"]}}],"collection":[{"href":"https:\/\/vancleven.be\/fr\/wp-json\/wp\/v2\/pages"}],"about":[{"href":"https:\/\/vancleven.be\/fr\/wp-json\/wp\/v2\/types\/page"}],"author":[{"embeddable":true,"href":"https:\/\/vancleven.be\/fr\/wp-json\/wp\/v2\/users\/1"}],"replies":[{"embeddable":true,"href":"https:\/\/vancleven.be\/fr\/wp-json\/wp\/v2\/comments?post=1050"}],"version-history":[{"count":4,"href":"https:\/\/vancleven.be\/fr\/wp-json\/wp\/v2\/pages\/1050\/revisions"}],"predecessor-version":[{"id":1247,"href":"https:\/\/vancleven.be\/fr\/wp-json\/wp\/v2\/pages\/1050\/revisions\/1247"}],"wp:attachment":[{"href":"https:\/\/vancleven.be\/fr\/wp-json\/wp\/v2\/media?parent=1050"}],"curies":[{"name":"wp","href":"https:\/\/api.w.org\/{rel}","templated":true}]}}