{"id":1056,"date":"2022-05-16T15:24:29","date_gmt":"2022-05-16T13:24:29","guid":{"rendered":"https:\/\/vancleven.be\/installations\/refroidissement\/klimaatkamers\/"},"modified":"2022-06-10T11:09:35","modified_gmt":"2022-06-10T09:09:35","slug":"chambres-denvironnement","status":"publish","type":"page","link":"https:\/\/vancleven.be\/fr\/installations\/refroidissement\/chambres-denvironnement\/","title":{"rendered":"Chambres d&rsquo;environnement"},"content":{"rendered":"<section class=\"l-section wpb_row us_custom_317d847f height_auto\"><div class=\"l-section-h i-cf\"><div class=\"g-cols vc_row via_flex valign_top type_default stacking_default\"><div class=\"vc_col-sm-12 wpb_column vc_column_container\"><div class=\"vc_column-inner\"><div class=\"wpb_wrapper\"><\/div><\/div><\/div><\/div><\/div><\/section><section class=\"l-section wpb_row height_medium\"><div class=\"l-section-h i-cf\"><div class=\"g-cols vc_row via_flex valign_top type_default stacking_default\"><div class=\"vc_col-sm-12 wpb_column vc_column_container\"><div class=\"vc_column-inner\"><div class=\"wpb_wrapper\"><div class=\"wpb_text_column us_custom_6745946f has_text_color\"><div class=\"wpb_wrapper\"><h1>Chambres d&rsquo;environnement<\/h1>\n<\/div><\/div><div class=\"w-separator us_custom_29a0f245 margin0 size_small with_line width_50 thick_1 style_solid color_secondary align_center\"><div class=\"w-separator-h\"><\/div><\/div><\/div><\/div><\/div><div class=\"vc_col-sm-8 wpb_column vc_column_container\"><div class=\"vc_column-inner\"><div class=\"wpb_wrapper\"><div class=\"wpb_text_column us_custom_1e9d6bf7 has_text_color\"><div class=\"wpb_wrapper\"><h2>Une chambre d\u2019environnement parfaitement adapt\u00e9e \u00e0 vos essais<\/h2>\n<\/div><\/div><div class=\"w-separator size_small\"><\/div><div class=\"wpb_text_column\"><div class=\"wpb_wrapper\"><p>Certains essais doivent \u00eatre effectu\u00e9s dans des conditions tr\u00e8s strictes pour garantir des r\u00e9sultats fiables. Van Cleven fournit des <strong>chambres d\u2019environnement<\/strong>, des <strong>chambres d\u2019essais de stabilisation<\/strong> et des <strong>chambres d\u2019essais climatiques<\/strong> parfaitement <strong>adapt\u00e9es \u00e0 vos essais<\/strong>. Nous am\u00e9nageons la chambre pour que vous puissiez effectuer vos essais en laboratoire dans un climat d\u00e9termin\u00e9. Vous pouvez refroidir ou chauffer l\u2019espace, le rendre plus humide ou plus sec.<\/p>\n<p>Nous r\u00e9alisons des chambres d\u2019environnement pour les laboratoires de divers secteurs industriels comme le secteur pharmaceutique, l\u2019\u00e9nergie, l\u2019aviation, l\u2019automobile et l\u2019\u00e9lectronique. Elles existent en versions walk-in et drive-in.<\/p>\n<p><strong><a href=\"https:\/\/vancleven.be\/fr\/contact\/\">Demandez de plus amples informations<\/a> sur les essais et simulations dans nos chambres d\u2019environnement !<\/strong><\/p>\n<\/div><\/div><\/div><\/div><\/div><div class=\"vc_col-sm-4 wpb_column vc_column_container\"><div class=\"vc_column-inner\"><div class=\"wpb_wrapper\"><section class=\"l-section wpb_row height_auto\"><div class=\"l-section-h i-cf\"><div class=\"g-cols vc_row via_flex valign_top type_default stacking_default\" style=\"--additional-gap:10px;\"><div class=\"vc_col-sm-12 wpb_column vc_column_container has_bg_color\"><div class=\"vc_column-inner us_custom_a4c66758\"><div class=\"wpb_wrapper\"><div class=\"wpb_text_column us_custom_4e55af8d has_text_color\"><div class=\"wpb_wrapper\"><h2 class=\"smallsubtitle\">Pourquoi choisir Van Cleven ?<\/h2>\n<\/div><\/div><div class=\"w-separator size_small\"><\/div><div class=\"w-iconbox iconpos_left style_default color_primary align_left no_text\"><div class=\"w-iconbox-icon\" style=\"font-size:1rem;\"><i class=\"fas fa-check\"><\/i><\/div><div class=\"w-iconbox-meta\"><p class=\"w-iconbox-title\">Propre service de conception<\/p><\/div><\/div><div class=\"w-iconbox iconpos_left style_default color_primary align_left no_text\"><div class=\"w-iconbox-icon\" style=\"font-size:1rem;\"><i class=\"fas fa-check\"><\/i><\/div><div class=\"w-iconbox-meta\"><p class=\"w-iconbox-title\">Propre service de placement<\/p><\/div><\/div><div class=\"w-iconbox iconpos_left style_default color_primary align_left no_text\"><div class=\"w-iconbox-icon\" style=\"font-size:1rem;\"><i class=\"fas fa-check\"><\/i><\/div><div class=\"w-iconbox-meta\"><p class=\"w-iconbox-title\">Propre service de r\u00e9paration<\/p><\/div><\/div><\/div><\/div><\/div><div class=\"vc_col-sm-12 wpb_column vc_column_container\"><div class=\"vc_column-inner us_custom_8591a7b2\"><div class=\"wpb_wrapper\"><div class=\"w-btn-wrapper width_full\"><a class=\"w-btn us-btn-style_4 icon_atleft\" title=\"R\u00e9alisations\" href=\"http:\/\/vancleven.be\/fr\/realisations\/\"><i class=\"fas fa-chevron-right\"><\/i><span class=\"w-btn-label\">D\u00e9couvrez nos realisations<\/span><\/a><\/div><div class=\"w-btn-wrapper width_full\"><a class=\"w-btn us-btn-style_2 icon_atleft\" title=\"Contact\" href=\"http:\/\/vancleven.be\/fr\/contact\/\"><i class=\"fas fa-chevron-right\"><\/i><span class=\"w-btn-label\">Demandez votre devis<\/span><\/a><\/div><\/div><\/div><\/div><\/div><\/div><\/section>\n<\/div><\/div><\/div><\/div><\/div><\/section>\n","protected":false},"excerpt":{"rendered":"Chambres d&rsquo;environnement Une chambre d\u2019environnement parfaitement adapt\u00e9e \u00e0 vos essais Certains essais doivent \u00eatre effectu\u00e9s dans des conditions tr\u00e8s strictes pour garantir des r\u00e9sultats fiables. Van Cleven fournit des chambres d\u2019environnement, des chambres d\u2019essais de stabilisation et des chambres d\u2019essais climatiques parfaitement adapt\u00e9es \u00e0 vos essais. Nous am\u00e9nageons la chambre pour que vous puissiez effectuer...","protected":false},"author":1,"featured_media":0,"parent":1035,"menu_order":4,"comment_status":"closed","ping_status":"closed","template":"","meta":{"footnotes":""},"class_list":["post-1056","page","type-page","status-publish","hentry"],"yoast_head":"<!-- This site is optimized with the Yoast SEO plugin v27.5 - https:\/\/yoast.com\/product\/yoast-seo-wordpress\/ -->\n<title>Chambres d&#039;environnement | Van Cleven Refroidissemment<\/title>\n<meta name=\"description\" content=\"Van Cleven fournit des chambres d\u2019environnement, des chambres d\u2019essais de stabilisation et des chambres d\u2019essais climatiques parfaitement adapt\u00e9es \u00e0 vos essais Nous am\u00e9nageons la chambre pour que vous puissiez effectuer vos essais en laboratoire dans un climat d\u00e9termin\u00e9 Vous pouvez refroidir ou chauffer l\u2019espace, le rendre plus humide ou plus sec\" \/>\n<meta name=\"robots\" content=\"index, follow, max-snippet:-1, max-image-preview:large, max-video-preview:-1\" \/>\n<link rel=\"canonical\" href=\"https:\/\/vancleven.be\/fr\/installations\/refroidissement\/chambres-denvironnement\/\" \/>\n<meta property=\"og:locale\" content=\"fr_FR\" \/>\n<meta property=\"og:type\" content=\"article\" \/>\n<meta property=\"og:title\" content=\"Chambres d&#039;environnement | Van Cleven Refroidissemment\" \/>\n<meta property=\"og:description\" content=\"Van Cleven fournit des chambres d\u2019environnement, des chambres d\u2019essais de stabilisation et des chambres d\u2019essais climatiques parfaitement adapt\u00e9es \u00e0 vos essais Nous am\u00e9nageons la chambre pour que vous puissiez effectuer vos essais en laboratoire dans un climat d\u00e9termin\u00e9 Vous pouvez refroidir ou chauffer l\u2019espace, le rendre plus humide ou plus sec\" \/>\n<meta property=\"og:url\" content=\"https:\/\/vancleven.be\/fr\/installations\/refroidissement\/chambres-denvironnement\/\" \/>\n<meta property=\"og:site_name\" content=\"Van Cleven\" \/>\n<meta property=\"article:modified_time\" content=\"2022-06-10T09:09:35+00:00\" \/>\n<meta name=\"twitter:card\" content=\"summary_large_image\" \/>\n<meta name=\"twitter:label1\" content=\"Dur\u00e9e de lecture est.\" \/>\n\t<meta name=\"twitter:data1\" content=\"1 minute\" \/>\n<script type=\"application\/ld+json\" class=\"yoast-schema-graph\">{\"@context\":\"https:\\\/\\\/schema.org\",\"@graph\":[{\"@type\":\"WebPage\",\"@id\":\"https:\\\/\\\/vancleven.be\\\/fr\\\/installations\\\/refroidissement\\\/chambres-denvironnement\\\/\",\"url\":\"https:\\\/\\\/vancleven.be\\\/fr\\\/installations\\\/refroidissement\\\/chambres-denvironnement\\\/\",\"name\":\"Chambres d'environnement | Van Cleven Refroidissemment\",\"isPartOf\":{\"@id\":\"https:\\\/\\\/vancleven.be\\\/fr\\\/#website\"},\"datePublished\":\"2022-05-16T13:24:29+00:00\",\"dateModified\":\"2022-06-10T09:09:35+00:00\",\"description\":\"Van Cleven fournit des chambres d\u2019environnement, des chambres d\u2019essais de stabilisation et des chambres d\u2019essais climatiques parfaitement adapt\u00e9es \u00e0 vos essais Nous am\u00e9nageons la chambre pour que vous puissiez effectuer vos essais en laboratoire dans un climat d\u00e9termin\u00e9 Vous pouvez refroidir ou chauffer l\u2019espace, le rendre plus humide ou plus sec\",\"breadcrumb\":{\"@id\":\"https:\\\/\\\/vancleven.be\\\/fr\\\/installations\\\/refroidissement\\\/chambres-denvironnement\\\/#breadcrumb\"},\"inLanguage\":\"fr-BE\",\"potentialAction\":[{\"@type\":\"ReadAction\",\"target\":[\"https:\\\/\\\/vancleven.be\\\/fr\\\/installations\\\/refroidissement\\\/chambres-denvironnement\\\/\"]}]},{\"@type\":\"BreadcrumbList\",\"@id\":\"https:\\\/\\\/vancleven.be\\\/fr\\\/installations\\\/refroidissement\\\/chambres-denvironnement\\\/#breadcrumb\",\"itemListElement\":[{\"@type\":\"ListItem\",\"position\":1,\"name\":\"Home\",\"item\":\"https:\\\/\\\/vancleven.be\\\/fr\\\/\"},{\"@type\":\"ListItem\",\"position\":2,\"name\":\"Installations\",\"item\":\"https:\\\/\\\/vancleven.be\\\/fr\\\/installations\\\/\"},{\"@type\":\"ListItem\",\"position\":3,\"name\":\"Refroidissement\",\"item\":\"https:\\\/\\\/vancleven.be\\\/fr\\\/installations\\\/refroidissement\\\/\"},{\"@type\":\"ListItem\",\"position\":4,\"name\":\"Chambres d&rsquo;environnement\"}]},{\"@type\":\"WebSite\",\"@id\":\"https:\\\/\\\/vancleven.be\\\/fr\\\/#website\",\"url\":\"https:\\\/\\\/vancleven.be\\\/fr\\\/\",\"name\":\"Van Cleven\",\"description\":\"\",\"potentialAction\":[{\"@type\":\"SearchAction\",\"target\":{\"@type\":\"EntryPoint\",\"urlTemplate\":\"https:\\\/\\\/vancleven.be\\\/fr\\\/?s={search_term_string}\"},\"query-input\":{\"@type\":\"PropertyValueSpecification\",\"valueRequired\":true,\"valueName\":\"search_term_string\"}}],\"inLanguage\":\"fr-BE\"}]}<\/script>\n<!-- \/ Yoast SEO plugin. -->","yoast_head_json":{"title":"Chambres d'environnement | Van Cleven Refroidissemment","description":"Van Cleven fournit des chambres d\u2019environnement, des chambres d\u2019essais de stabilisation et des chambres d\u2019essais climatiques parfaitement adapt\u00e9es \u00e0 vos essais Nous am\u00e9nageons la chambre pour que vous puissiez effectuer vos essais en laboratoire dans un climat d\u00e9termin\u00e9 Vous pouvez refroidir ou chauffer l\u2019espace, le rendre plus humide ou plus sec","robots":{"index":"index","follow":"follow","max-snippet":"max-snippet:-1","max-image-preview":"max-image-preview:large","max-video-preview":"max-video-preview:-1"},"canonical":"https:\/\/vancleven.be\/fr\/installations\/refroidissement\/chambres-denvironnement\/","og_locale":"fr_FR","og_type":"article","og_title":"Chambres d'environnement | Van Cleven Refroidissemment","og_description":"Van Cleven fournit des chambres d\u2019environnement, des chambres d\u2019essais de stabilisation et des chambres d\u2019essais climatiques parfaitement adapt\u00e9es \u00e0 vos essais Nous am\u00e9nageons la chambre pour que vous puissiez effectuer vos essais en laboratoire dans un climat d\u00e9termin\u00e9 Vous pouvez refroidir ou chauffer l\u2019espace, le rendre plus humide ou plus sec","og_url":"https:\/\/vancleven.be\/fr\/installations\/refroidissement\/chambres-denvironnement\/","og_site_name":"Van Cleven","article_modified_time":"2022-06-10T09:09:35+00:00","twitter_card":"summary_large_image","twitter_misc":{"Dur\u00e9e de lecture est.":"1 minute"},"schema":{"@context":"https:\/\/schema.org","@graph":[{"@type":"WebPage","@id":"https:\/\/vancleven.be\/fr\/installations\/refroidissement\/chambres-denvironnement\/","url":"https:\/\/vancleven.be\/fr\/installations\/refroidissement\/chambres-denvironnement\/","name":"Chambres d'environnement | Van Cleven Refroidissemment","isPartOf":{"@id":"https:\/\/vancleven.be\/fr\/#website"},"datePublished":"2022-05-16T13:24:29+00:00","dateModified":"2022-06-10T09:09:35+00:00","description":"Van Cleven fournit des chambres d\u2019environnement, des chambres d\u2019essais de stabilisation et des chambres d\u2019essais climatiques parfaitement adapt\u00e9es \u00e0 vos essais Nous am\u00e9nageons la chambre pour que vous puissiez effectuer vos essais en laboratoire dans un climat d\u00e9termin\u00e9 Vous pouvez refroidir ou chauffer l\u2019espace, le rendre plus humide ou plus sec","breadcrumb":{"@id":"https:\/\/vancleven.be\/fr\/installations\/refroidissement\/chambres-denvironnement\/#breadcrumb"},"inLanguage":"fr-BE","potentialAction":[{"@type":"ReadAction","target":["https:\/\/vancleven.be\/fr\/installations\/refroidissement\/chambres-denvironnement\/"]}]},{"@type":"BreadcrumbList","@id":"https:\/\/vancleven.be\/fr\/installations\/refroidissement\/chambres-denvironnement\/#breadcrumb","itemListElement":[{"@type":"ListItem","position":1,"name":"Home","item":"https:\/\/vancleven.be\/fr\/"},{"@type":"ListItem","position":2,"name":"Installations","item":"https:\/\/vancleven.be\/fr\/installations\/"},{"@type":"ListItem","position":3,"name":"Refroidissement","item":"https:\/\/vancleven.be\/fr\/installations\/refroidissement\/"},{"@type":"ListItem","position":4,"name":"Chambres d&rsquo;environnement"}]},{"@type":"WebSite","@id":"https:\/\/vancleven.be\/fr\/#website","url":"https:\/\/vancleven.be\/fr\/","name":"Van Cleven","description":"","potentialAction":[{"@type":"SearchAction","target":{"@type":"EntryPoint","urlTemplate":"https:\/\/vancleven.be\/fr\/?s={search_term_string}"},"query-input":{"@type":"PropertyValueSpecification","valueRequired":true,"valueName":"search_term_string"}}],"inLanguage":"fr-BE"}]}},"_links":{"self":[{"href":"https:\/\/vancleven.be\/fr\/wp-json\/wp\/v2\/pages\/1056","targetHints":{"allow":["GET"]}}],"collection":[{"href":"https:\/\/vancleven.be\/fr\/wp-json\/wp\/v2\/pages"}],"about":[{"href":"https:\/\/vancleven.be\/fr\/wp-json\/wp\/v2\/types\/page"}],"author":[{"embeddable":true,"href":"https:\/\/vancleven.be\/fr\/wp-json\/wp\/v2\/users\/1"}],"replies":[{"embeddable":true,"href":"https:\/\/vancleven.be\/fr\/wp-json\/wp\/v2\/comments?post=1056"}],"version-history":[{"count":4,"href":"https:\/\/vancleven.be\/fr\/wp-json\/wp\/v2\/pages\/1056\/revisions"}],"predecessor-version":[{"id":1238,"href":"https:\/\/vancleven.be\/fr\/wp-json\/wp\/v2\/pages\/1056\/revisions\/1238"}],"up":[{"embeddable":true,"href":"https:\/\/vancleven.be\/fr\/wp-json\/wp\/v2\/pages\/1035"}],"wp:attachment":[{"href":"https:\/\/vancleven.be\/fr\/wp-json\/wp\/v2\/media?parent=1056"}],"curies":[{"name":"wp","href":"https:\/\/api.w.org\/{rel}","templated":true}]}}