{"id":1062,"date":"2022-05-16T15:25:53","date_gmt":"2022-05-16T13:25:53","guid":{"rendered":"https:\/\/vancleven.be\/installations\/air-conditionne\/industriele-airco\/"},"modified":"2022-06-10T11:10:42","modified_gmt":"2022-06-10T09:10:42","slug":"air-conditionne-industriel","status":"publish","type":"page","link":"https:\/\/vancleven.be\/fr\/installations\/air-conditionne\/air-conditionne-industriel\/","title":{"rendered":"Air conditionn\u00e9 industriel"},"content":{"rendered":"<section class=\"l-section wpb_row us_custom_317d847f height_auto\"><div class=\"l-section-h i-cf\"><div class=\"g-cols vc_row via_flex valign_top type_default stacking_default\"><div class=\"vc_col-sm-12 wpb_column vc_column_container\"><div class=\"vc_column-inner\"><div class=\"wpb_wrapper\"><\/div><\/div><\/div><\/div><\/div><\/section><section class=\"l-section wpb_row height_medium\"><div class=\"l-section-h i-cf\"><div class=\"g-cols vc_row via_flex valign_top type_default stacking_default\"><div class=\"vc_col-sm-12 wpb_column vc_column_container\"><div class=\"vc_column-inner\"><div class=\"wpb_wrapper\"><div class=\"wpb_text_column us_custom_6745946f has_text_color\"><div class=\"wpb_wrapper\"><h1>Air conditionn\u00e9 industriel<\/h1>\n<\/div><\/div><div class=\"w-separator us_custom_29a0f245 margin0 size_small with_line width_50 thick_1 style_solid color_secondary align_center\"><div class=\"w-separator-h\"><\/div><\/div><\/div><\/div><\/div><div class=\"vc_col-sm-8 wpb_column vc_column_container\"><div class=\"vc_column-inner\"><div class=\"wpb_wrapper\"><div class=\"wpb_text_column us_custom_1e9d6bf7 has_text_color\"><div class=\"wpb_wrapper\"><h2>R\u00e9glez l\u2019environnement de vie et de travail \u00e0 la virgule pr\u00e8s<\/h2>\n<\/div><\/div><div class=\"w-separator size_small\"><\/div><div class=\"wpb_text_column\"><div class=\"wpb_wrapper\"><p>Il existe pour les secteurs de <strong>l\u2019industrie<\/strong>, de la <strong>logistique<\/strong> et de la <strong>distribution<\/strong> des normes \u00e9tablies en <strong>mati\u00e8re de qualit\u00e9 de l\u2019air<\/strong> dans les usines, les lieux de travail et autres grands espaces. Van Cleven, expert en <strong>traitement de l\u2019air industriel<\/strong> depuis plus de cinquante ans, <strong>con\u00e7oit, installe et entretient des installations d&rsquo;environnement adapt\u00e9es \u00e0 vos bureaux ou \u00e0 votre b\u00e2timent de production.<\/strong><\/p>\n<p>Nos solutions personnalis\u00e9es incluent l\u2019<strong>air conditionn\u00e9<\/strong> industriel, le refroidissement et le chauffage et nous en contr\u00f4lons continuellement la temp\u00e9rature, la stabilit\u00e9 du taux d\u2019humidit\u00e9, la pollution, et les \u00e9missions d\u2019odeurs et de substances. Nos syst\u00e8mes d&rsquo;alarme sonores permettent de garantir un climat int\u00e9rieur qui r\u00e9pond \u00e0 toutes les exigences et qui est agr\u00e9able pour vos employ\u00e9s et vos visiteurs.<\/p>\n<p>Nous ex\u00e9cutons \u00e9galement des projets clefs en main et nous nous chargeons \u00e9galement du nettoyage int\u00e9rieur des boitiers et conduits des installations de traitement de l\u2019air.<\/p>\n<p><strong>Van Cleven : une installation d\u2019air conditionn\u00e9 pour tout b\u00e2timent industriel,quel que soit le secteur !<\/strong><\/p>\n<\/div><\/div><\/div><\/div><\/div><div class=\"vc_col-sm-4 wpb_column vc_column_container\"><div class=\"vc_column-inner\"><div class=\"wpb_wrapper\"><section class=\"l-section wpb_row height_auto\"><div class=\"l-section-h i-cf\"><div class=\"g-cols vc_row via_flex valign_top type_default stacking_default\" style=\"--additional-gap:10px;\"><div class=\"vc_col-sm-12 wpb_column vc_column_container has_bg_color\"><div class=\"vc_column-inner us_custom_a4c66758\"><div class=\"wpb_wrapper\"><div class=\"wpb_text_column us_custom_4e55af8d has_text_color\"><div class=\"wpb_wrapper\"><h2 class=\"smallsubtitle\">Pourquoi choisir Van Cleven ?<\/h2>\n<\/div><\/div><div class=\"w-separator size_small\"><\/div><div class=\"w-iconbox iconpos_left style_default color_primary align_left no_text\"><div class=\"w-iconbox-icon\" style=\"font-size:1rem;\"><i class=\"fas fa-check\"><\/i><\/div><div class=\"w-iconbox-meta\"><p class=\"w-iconbox-title\">Propre service de conception<\/p><\/div><\/div><div class=\"w-iconbox iconpos_left style_default color_primary align_left no_text\"><div class=\"w-iconbox-icon\" style=\"font-size:1rem;\"><i class=\"fas fa-check\"><\/i><\/div><div class=\"w-iconbox-meta\"><p class=\"w-iconbox-title\">Propre service de placement<\/p><\/div><\/div><div class=\"w-iconbox iconpos_left style_default color_primary align_left no_text\"><div class=\"w-iconbox-icon\" style=\"font-size:1rem;\"><i class=\"fas fa-check\"><\/i><\/div><div class=\"w-iconbox-meta\"><p class=\"w-iconbox-title\">Propre service de r\u00e9paration<\/p><\/div><\/div><\/div><\/div><\/div><div class=\"vc_col-sm-12 wpb_column vc_column_container\"><div class=\"vc_column-inner us_custom_8591a7b2\"><div class=\"wpb_wrapper\"><div class=\"w-btn-wrapper width_full\"><a class=\"w-btn us-btn-style_4 icon_atleft\" title=\"R\u00e9alisations\" href=\"http:\/\/vancleven.be\/fr\/realisations\/\"><i class=\"fas fa-chevron-right\"><\/i><span class=\"w-btn-label\">D\u00e9couvrez nos realisations<\/span><\/a><\/div><div class=\"w-btn-wrapper width_full\"><a class=\"w-btn us-btn-style_2 icon_atleft\" title=\"Contact\" href=\"http:\/\/vancleven.be\/fr\/contact\/\"><i class=\"fas fa-chevron-right\"><\/i><span class=\"w-btn-label\">Demandez votre devis<\/span><\/a><\/div><\/div><\/div><\/div><\/div><\/div><\/section>\n<\/div><\/div><\/div><\/div><\/div><\/section>\n","protected":false},"excerpt":{"rendered":"Air conditionn\u00e9 industriel R\u00e9glez l\u2019environnement de vie et de travail \u00e0 la virgule pr\u00e8s Il existe pour les secteurs de l\u2019industrie, de la logistique et de la distribution des normes \u00e9tablies en mati\u00e8re de qualit\u00e9 de l\u2019air dans les usines, les lieux de travail et autres grands espaces. Van Cleven, expert en traitement de l\u2019air...","protected":false},"author":1,"featured_media":0,"parent":1059,"menu_order":0,"comment_status":"closed","ping_status":"closed","template":"","meta":{"footnotes":""},"class_list":["post-1062","page","type-page","status-publish","hentry"],"yoast_head":"<!-- This site is optimized with the Yoast SEO plugin v27.6 - https:\/\/yoast.com\/product\/yoast-seo-wordpress\/ -->\n<title>Air conditionn\u00e9 industriel | Van Cleven Refroidissemment<\/title>\n<meta name=\"description\" content=\"Nos solutions personnalis\u00e9es incluent l\u2019air conditionn\u00e9 industriel, le refroidissement et le chauffage et nous en contr\u00f4lons continuellement la temp\u00e9rature, la stabilit\u00e9 du taux d\u2019humidit\u00e9, la pollution, et les \u00e9missions d\u2019odeurs et de substances Nos syst\u00e8mes d alarme sonores permettent de garantir un climat int\u00e9rieur qui r\u00e9pond \u00e0 toutes les exigences et qui est agr\u00e9able pour vos employ\u00e9s et vos visiteurs\" \/>\n<meta name=\"robots\" content=\"index, follow, max-snippet:-1, max-image-preview:large, max-video-preview:-1\" \/>\n<link rel=\"canonical\" href=\"https:\/\/vancleven.be\/fr\/installations\/air-conditionne\/air-conditionne-industriel\/\" \/>\n<meta property=\"og:locale\" content=\"fr_FR\" \/>\n<meta property=\"og:type\" content=\"article\" \/>\n<meta property=\"og:title\" content=\"Air conditionn\u00e9 industriel | Van Cleven Refroidissemment\" \/>\n<meta property=\"og:description\" content=\"Nos solutions personnalis\u00e9es incluent l\u2019air conditionn\u00e9 industriel, le refroidissement et le chauffage et nous en contr\u00f4lons continuellement la temp\u00e9rature, la stabilit\u00e9 du taux d\u2019humidit\u00e9, la pollution, et les \u00e9missions d\u2019odeurs et de substances Nos syst\u00e8mes d alarme sonores permettent de garantir un climat int\u00e9rieur qui r\u00e9pond \u00e0 toutes les exigences et qui est agr\u00e9able pour vos employ\u00e9s et vos visiteurs\" \/>\n<meta property=\"og:url\" content=\"https:\/\/vancleven.be\/fr\/installations\/air-conditionne\/air-conditionne-industriel\/\" \/>\n<meta property=\"og:site_name\" content=\"Van Cleven\" \/>\n<meta property=\"article:modified_time\" content=\"2022-06-10T09:10:42+00:00\" \/>\n<meta name=\"twitter:card\" content=\"summary_large_image\" \/>\n<meta name=\"twitter:label1\" content=\"Dur\u00e9e de lecture est.\" \/>\n\t<meta name=\"twitter:data1\" content=\"1 minute\" \/>\n<script type=\"application\/ld+json\" class=\"yoast-schema-graph\">{\"@context\":\"https:\\\/\\\/schema.org\",\"@graph\":[{\"@type\":\"WebPage\",\"@id\":\"https:\\\/\\\/vancleven.be\\\/fr\\\/installations\\\/air-conditionne\\\/air-conditionne-industriel\\\/\",\"url\":\"https:\\\/\\\/vancleven.be\\\/fr\\\/installations\\\/air-conditionne\\\/air-conditionne-industriel\\\/\",\"name\":\"Air conditionn\u00e9 industriel | Van Cleven Refroidissemment\",\"isPartOf\":{\"@id\":\"https:\\\/\\\/vancleven.be\\\/fr\\\/#website\"},\"datePublished\":\"2022-05-16T13:25:53+00:00\",\"dateModified\":\"2022-06-10T09:10:42+00:00\",\"description\":\"Nos solutions personnalis\u00e9es incluent l\u2019air conditionn\u00e9 industriel, le refroidissement et le chauffage et nous en contr\u00f4lons continuellement la temp\u00e9rature, la stabilit\u00e9 du taux d\u2019humidit\u00e9, la pollution, et les \u00e9missions d\u2019odeurs et de substances Nos syst\u00e8mes d alarme sonores permettent de garantir un climat int\u00e9rieur qui r\u00e9pond \u00e0 toutes les exigences et qui est agr\u00e9able pour vos employ\u00e9s et vos visiteurs\",\"breadcrumb\":{\"@id\":\"https:\\\/\\\/vancleven.be\\\/fr\\\/installations\\\/air-conditionne\\\/air-conditionne-industriel\\\/#breadcrumb\"},\"inLanguage\":\"fr-BE\",\"potentialAction\":[{\"@type\":\"ReadAction\",\"target\":[\"https:\\\/\\\/vancleven.be\\\/fr\\\/installations\\\/air-conditionne\\\/air-conditionne-industriel\\\/\"]}]},{\"@type\":\"BreadcrumbList\",\"@id\":\"https:\\\/\\\/vancleven.be\\\/fr\\\/installations\\\/air-conditionne\\\/air-conditionne-industriel\\\/#breadcrumb\",\"itemListElement\":[{\"@type\":\"ListItem\",\"position\":1,\"name\":\"Home\",\"item\":\"https:\\\/\\\/vancleven.be\\\/fr\\\/\"},{\"@type\":\"ListItem\",\"position\":2,\"name\":\"Installations\",\"item\":\"https:\\\/\\\/vancleven.be\\\/fr\\\/installations\\\/\"},{\"@type\":\"ListItem\",\"position\":3,\"name\":\"Air conditionn\u00e9\",\"item\":\"https:\\\/\\\/vancleven.be\\\/fr\\\/installations\\\/air-conditionne\\\/\"},{\"@type\":\"ListItem\",\"position\":4,\"name\":\"Air conditionn\u00e9 industriel\"}]},{\"@type\":\"WebSite\",\"@id\":\"https:\\\/\\\/vancleven.be\\\/fr\\\/#website\",\"url\":\"https:\\\/\\\/vancleven.be\\\/fr\\\/\",\"name\":\"Van Cleven\",\"description\":\"\",\"potentialAction\":[{\"@type\":\"SearchAction\",\"target\":{\"@type\":\"EntryPoint\",\"urlTemplate\":\"https:\\\/\\\/vancleven.be\\\/fr\\\/?s={search_term_string}\"},\"query-input\":{\"@type\":\"PropertyValueSpecification\",\"valueRequired\":true,\"valueName\":\"search_term_string\"}}],\"inLanguage\":\"fr-BE\"}]}<\/script>\n<!-- \/ Yoast SEO plugin. -->","yoast_head_json":{"title":"Air conditionn\u00e9 industriel | Van Cleven Refroidissemment","description":"Nos solutions personnalis\u00e9es incluent l\u2019air conditionn\u00e9 industriel, le refroidissement et le chauffage et nous en contr\u00f4lons continuellement la temp\u00e9rature, la stabilit\u00e9 du taux d\u2019humidit\u00e9, la pollution, et les \u00e9missions d\u2019odeurs et de substances Nos syst\u00e8mes d alarme sonores permettent de garantir un climat int\u00e9rieur qui r\u00e9pond \u00e0 toutes les exigences et qui est agr\u00e9able pour vos employ\u00e9s et vos visiteurs","robots":{"index":"index","follow":"follow","max-snippet":"max-snippet:-1","max-image-preview":"max-image-preview:large","max-video-preview":"max-video-preview:-1"},"canonical":"https:\/\/vancleven.be\/fr\/installations\/air-conditionne\/air-conditionne-industriel\/","og_locale":"fr_FR","og_type":"article","og_title":"Air conditionn\u00e9 industriel | Van Cleven Refroidissemment","og_description":"Nos solutions personnalis\u00e9es incluent l\u2019air conditionn\u00e9 industriel, le refroidissement et le chauffage et nous en contr\u00f4lons continuellement la temp\u00e9rature, la stabilit\u00e9 du taux d\u2019humidit\u00e9, la pollution, et les \u00e9missions d\u2019odeurs et de substances Nos syst\u00e8mes d alarme sonores permettent de garantir un climat int\u00e9rieur qui r\u00e9pond \u00e0 toutes les exigences et qui est agr\u00e9able pour vos employ\u00e9s et vos visiteurs","og_url":"https:\/\/vancleven.be\/fr\/installations\/air-conditionne\/air-conditionne-industriel\/","og_site_name":"Van Cleven","article_modified_time":"2022-06-10T09:10:42+00:00","twitter_card":"summary_large_image","twitter_misc":{"Dur\u00e9e de lecture est.":"1 minute"},"schema":{"@context":"https:\/\/schema.org","@graph":[{"@type":"WebPage","@id":"https:\/\/vancleven.be\/fr\/installations\/air-conditionne\/air-conditionne-industriel\/","url":"https:\/\/vancleven.be\/fr\/installations\/air-conditionne\/air-conditionne-industriel\/","name":"Air conditionn\u00e9 industriel | Van Cleven Refroidissemment","isPartOf":{"@id":"https:\/\/vancleven.be\/fr\/#website"},"datePublished":"2022-05-16T13:25:53+00:00","dateModified":"2022-06-10T09:10:42+00:00","description":"Nos solutions personnalis\u00e9es incluent l\u2019air conditionn\u00e9 industriel, le refroidissement et le chauffage et nous en contr\u00f4lons continuellement la temp\u00e9rature, la stabilit\u00e9 du taux d\u2019humidit\u00e9, la pollution, et les \u00e9missions d\u2019odeurs et de substances Nos syst\u00e8mes d alarme sonores permettent de garantir un climat int\u00e9rieur qui r\u00e9pond \u00e0 toutes les exigences et qui est agr\u00e9able pour vos employ\u00e9s et vos visiteurs","breadcrumb":{"@id":"https:\/\/vancleven.be\/fr\/installations\/air-conditionne\/air-conditionne-industriel\/#breadcrumb"},"inLanguage":"fr-BE","potentialAction":[{"@type":"ReadAction","target":["https:\/\/vancleven.be\/fr\/installations\/air-conditionne\/air-conditionne-industriel\/"]}]},{"@type":"BreadcrumbList","@id":"https:\/\/vancleven.be\/fr\/installations\/air-conditionne\/air-conditionne-industriel\/#breadcrumb","itemListElement":[{"@type":"ListItem","position":1,"name":"Home","item":"https:\/\/vancleven.be\/fr\/"},{"@type":"ListItem","position":2,"name":"Installations","item":"https:\/\/vancleven.be\/fr\/installations\/"},{"@type":"ListItem","position":3,"name":"Air conditionn\u00e9","item":"https:\/\/vancleven.be\/fr\/installations\/air-conditionne\/"},{"@type":"ListItem","position":4,"name":"Air conditionn\u00e9 industriel"}]},{"@type":"WebSite","@id":"https:\/\/vancleven.be\/fr\/#website","url":"https:\/\/vancleven.be\/fr\/","name":"Van Cleven","description":"","potentialAction":[{"@type":"SearchAction","target":{"@type":"EntryPoint","urlTemplate":"https:\/\/vancleven.be\/fr\/?s={search_term_string}"},"query-input":{"@type":"PropertyValueSpecification","valueRequired":true,"valueName":"search_term_string"}}],"inLanguage":"fr-BE"}]}},"_links":{"self":[{"href":"https:\/\/vancleven.be\/fr\/wp-json\/wp\/v2\/pages\/1062","targetHints":{"allow":["GET"]}}],"collection":[{"href":"https:\/\/vancleven.be\/fr\/wp-json\/wp\/v2\/pages"}],"about":[{"href":"https:\/\/vancleven.be\/fr\/wp-json\/wp\/v2\/types\/page"}],"author":[{"embeddable":true,"href":"https:\/\/vancleven.be\/fr\/wp-json\/wp\/v2\/users\/1"}],"replies":[{"embeddable":true,"href":"https:\/\/vancleven.be\/fr\/wp-json\/wp\/v2\/comments?post=1062"}],"version-history":[{"count":4,"href":"https:\/\/vancleven.be\/fr\/wp-json\/wp\/v2\/pages\/1062\/revisions"}],"predecessor-version":[{"id":1240,"href":"https:\/\/vancleven.be\/fr\/wp-json\/wp\/v2\/pages\/1062\/revisions\/1240"}],"up":[{"embeddable":true,"href":"https:\/\/vancleven.be\/fr\/wp-json\/wp\/v2\/pages\/1059"}],"wp:attachment":[{"href":"https:\/\/vancleven.be\/fr\/wp-json\/wp\/v2\/media?parent=1062"}],"curies":[{"name":"wp","href":"https:\/\/api.w.org\/{rel}","templated":true}]}}