{"id":1074,"date":"2022-05-16T15:26:26","date_gmt":"2022-05-16T13:26:26","guid":{"rendered":"https:\/\/vancleven.be\/installations\/traitement-de-lair\/industriele-luchtfilters\/"},"modified":"2022-06-10T11:12:33","modified_gmt":"2022-06-10T09:12:33","slug":"filtres-a-air-industriels","status":"publish","type":"page","link":"https:\/\/vancleven.be\/fr\/installations\/traitement-de-lair\/filtres-a-air-industriels\/","title":{"rendered":"Filtres \u00e0 air industriels"},"content":{"rendered":"<section class=\"l-section wpb_row us_custom_317d847f height_auto\"><div class=\"l-section-h i-cf\"><div class=\"g-cols vc_row via_flex valign_top type_default stacking_default\"><div class=\"vc_col-sm-12 wpb_column vc_column_container\"><div class=\"vc_column-inner\"><div class=\"wpb_wrapper\"><\/div><\/div><\/div><\/div><\/div><\/section><section class=\"l-section wpb_row height_medium\"><div class=\"l-section-h i-cf\"><div class=\"g-cols vc_row via_flex valign_top type_default stacking_default\"><div class=\"vc_col-sm-12 wpb_column vc_column_container\"><div class=\"vc_column-inner\"><div class=\"wpb_wrapper\"><div class=\"wpb_text_column us_custom_6745946f has_text_color\"><div class=\"wpb_wrapper\"><h1>Filtres \u00e0 air industriels<\/h1>\n<\/div><\/div><div class=\"w-separator us_custom_29a0f245 margin0 size_small with_line width_50 thick_1 style_solid color_secondary align_center\"><div class=\"w-separator-h\"><\/div><\/div><\/div><\/div><\/div><div class=\"vc_col-sm-8 wpb_column vc_column_container\"><div class=\"vc_column-inner\"><div class=\"wpb_wrapper\"><div class=\"wpb_text_column us_custom_1e9d6bf7 has_text_color\"><div class=\"wpb_wrapper\"><h2>Filtration assur\u00e9e, quel qu\u2019en soit le but<\/h2>\n<\/div><\/div><div class=\"w-separator size_small\"><\/div><div class=\"wpb_text_column\"><div class=\"wpb_wrapper\"><p>En tant que sp\u00e9cialiste du traitement de l&rsquo;air, Van Cleven propose des <strong>filtres \u00e0 air industriels<\/strong> pour diff\u00e9rents types de filtration. Toutes les proc\u00e9dures sont diff\u00e9rentes et chacune a ses propres exigences. Nous fournissons les filtres dont vous avez besoin ainsi que des bo\u00eetiers, des bougies et des pi\u00e8ces pour filtre. Ils r\u00e9pondent parfaitement au type de filtration d\u00e9sir\u00e9 pour les proc\u00e9dures ou les syst\u00e8mes de votre entreprise. Nous proposons ainsi des solutions pour :<\/p>\n<ul>\n<li>Ventilation<\/li>\n<li>\u00c9vacuation de chaleur<\/li>\n<li>\u00c9vacuation de fum\u00e9e (gaz)<\/li>\n<li>\u00c9vacuation de gaz, de vapeur et d\u2019\u00e9manations<\/li>\n<li>D\u00e9poussi\u00e9rage<\/li>\n<li>Recyclage<\/li>\n<\/ul>\n<p><strong>Rendez-vous chez Van Cleven pour acqu\u00e9rir des filtres de classe G4 \u00e0 H9, des filtres absolus, des filtres \u00e0 charbon actif et des filtres pour environnement dangereux ou explosif. Pour un filtre industriel sur mesure, <a href=\"https:\/\/vancleven.be\/fr\/contact\/\">contactez Van Cleven<\/a> !<\/strong><\/p>\n<p><strong>Van Cleven, \u00e0 Hasselt, propose des filtres pour l\u2019industrie et en assure \u00e9galement le remplacement<\/strong><\/p>\n<\/div><\/div><\/div><\/div><\/div><div class=\"vc_col-sm-4 wpb_column vc_column_container\"><div class=\"vc_column-inner\"><div class=\"wpb_wrapper\"><section class=\"l-section wpb_row height_auto\"><div class=\"l-section-h i-cf\"><div class=\"g-cols vc_row via_flex valign_top type_default stacking_default\" style=\"--additional-gap:10px;\"><div class=\"vc_col-sm-12 wpb_column vc_column_container has_bg_color\"><div class=\"vc_column-inner us_custom_a4c66758\"><div class=\"wpb_wrapper\"><div class=\"wpb_text_column us_custom_4e55af8d has_text_color\"><div class=\"wpb_wrapper\"><h2 class=\"smallsubtitle\">Pourquoi choisir Van Cleven ?<\/h2>\n<\/div><\/div><div class=\"w-separator size_small\"><\/div><div class=\"w-iconbox iconpos_left style_default color_primary align_left no_text\"><div class=\"w-iconbox-icon\" style=\"font-size:1rem;\"><i class=\"fas fa-check\"><\/i><\/div><div class=\"w-iconbox-meta\"><p class=\"w-iconbox-title\">Propre service de conception<\/p><\/div><\/div><div class=\"w-iconbox iconpos_left style_default color_primary align_left no_text\"><div class=\"w-iconbox-icon\" style=\"font-size:1rem;\"><i class=\"fas fa-check\"><\/i><\/div><div class=\"w-iconbox-meta\"><p class=\"w-iconbox-title\">Propre service de placement<\/p><\/div><\/div><div class=\"w-iconbox iconpos_left style_default color_primary align_left no_text\"><div class=\"w-iconbox-icon\" style=\"font-size:1rem;\"><i class=\"fas fa-check\"><\/i><\/div><div class=\"w-iconbox-meta\"><p class=\"w-iconbox-title\">Propre service de r\u00e9paration<\/p><\/div><\/div><\/div><\/div><\/div><div class=\"vc_col-sm-12 wpb_column vc_column_container\"><div class=\"vc_column-inner us_custom_8591a7b2\"><div class=\"wpb_wrapper\"><div class=\"w-btn-wrapper width_full\"><a class=\"w-btn us-btn-style_4 icon_atleft\" title=\"R\u00e9alisations\" href=\"http:\/\/vancleven.be\/fr\/realisations\/\"><i class=\"fas fa-chevron-right\"><\/i><span class=\"w-btn-label\">D\u00e9couvrez nos realisations<\/span><\/a><\/div><div class=\"w-btn-wrapper width_full\"><a class=\"w-btn us-btn-style_2 icon_atleft\" title=\"Contact\" href=\"http:\/\/vancleven.be\/fr\/contact\/\"><i class=\"fas fa-chevron-right\"><\/i><span class=\"w-btn-label\">Demandez votre devis<\/span><\/a><\/div><\/div><\/div><\/div><\/div><\/div><\/section>\n<\/div><\/div><\/div><\/div><\/div><\/section>\n","protected":false},"excerpt":{"rendered":"Filtres \u00e0 air industriels Filtration assur\u00e9e, quel qu\u2019en soit le but En tant que sp\u00e9cialiste du traitement de l&rsquo;air, Van Cleven propose des filtres \u00e0 air industriels pour diff\u00e9rents types de filtration. Toutes les proc\u00e9dures sont diff\u00e9rentes et chacune a ses propres exigences. Nous fournissons les filtres dont vous avez besoin ainsi que des bo\u00eetiers,...","protected":false},"author":1,"featured_media":0,"parent":1068,"menu_order":1,"comment_status":"closed","ping_status":"closed","template":"","meta":{"footnotes":""},"class_list":["post-1074","page","type-page","status-publish","hentry"],"yoast_head":"<!-- This site is optimized with the Yoast SEO plugin v27.4 - https:\/\/yoast.com\/product\/yoast-seo-wordpress\/ -->\n<title>Filtres \u00e0 air industriels, ventilation | Van Cleven Refroidissemment<\/title>\n<meta name=\"description\" content=\"En tant que sp\u00e9cialiste du traitement de l air, Van Cleven propose des filtres industriels pour diff\u00e9rents types de filtration Toutes les proc\u00e9dures sont diff\u00e9rentes et chacune a ses propres exigences Nous fournissons les filtres dont vous avez besoin ainsi que des bo\u00eetiers, des bougies et des pi\u00e8ces pour filtre\" \/>\n<meta name=\"robots\" content=\"index, follow, max-snippet:-1, max-image-preview:large, max-video-preview:-1\" \/>\n<link rel=\"canonical\" href=\"https:\/\/vancleven.be\/fr\/installations\/traitement-de-lair\/filtres-a-air-industriels\/\" \/>\n<meta property=\"og:locale\" content=\"fr_FR\" \/>\n<meta property=\"og:type\" content=\"article\" \/>\n<meta property=\"og:title\" content=\"Filtres \u00e0 air industriels, ventilation | Van Cleven Refroidissemment\" \/>\n<meta property=\"og:description\" content=\"En tant que sp\u00e9cialiste du traitement de l air, Van Cleven propose des filtres industriels pour diff\u00e9rents types de filtration Toutes les proc\u00e9dures sont diff\u00e9rentes et chacune a ses propres exigences Nous fournissons les filtres dont vous avez besoin ainsi que des bo\u00eetiers, des bougies et des pi\u00e8ces pour filtre\" \/>\n<meta property=\"og:url\" content=\"https:\/\/vancleven.be\/fr\/installations\/traitement-de-lair\/filtres-a-air-industriels\/\" \/>\n<meta property=\"og:site_name\" content=\"Van Cleven\" \/>\n<meta property=\"article:modified_time\" content=\"2022-06-10T09:12:33+00:00\" \/>\n<meta name=\"twitter:card\" content=\"summary_large_image\" \/>\n<meta name=\"twitter:label1\" content=\"Dur\u00e9e de lecture est.\" \/>\n\t<meta name=\"twitter:data1\" content=\"1 minute\" \/>\n<script type=\"application\/ld+json\" class=\"yoast-schema-graph\">{\"@context\":\"https:\\\/\\\/schema.org\",\"@graph\":[{\"@type\":\"WebPage\",\"@id\":\"https:\\\/\\\/vancleven.be\\\/fr\\\/installations\\\/traitement-de-lair\\\/filtres-a-air-industriels\\\/\",\"url\":\"https:\\\/\\\/vancleven.be\\\/fr\\\/installations\\\/traitement-de-lair\\\/filtres-a-air-industriels\\\/\",\"name\":\"Filtres \u00e0 air industriels, ventilation | Van Cleven Refroidissemment\",\"isPartOf\":{\"@id\":\"https:\\\/\\\/vancleven.be\\\/fr\\\/#website\"},\"datePublished\":\"2022-05-16T13:26:26+00:00\",\"dateModified\":\"2022-06-10T09:12:33+00:00\",\"description\":\"En tant que sp\u00e9cialiste du traitement de l air, Van Cleven propose des filtres industriels pour diff\u00e9rents types de filtration Toutes les proc\u00e9dures sont diff\u00e9rentes et chacune a ses propres exigences Nous fournissons les filtres dont vous avez besoin ainsi que des bo\u00eetiers, des bougies et des pi\u00e8ces pour filtre\",\"breadcrumb\":{\"@id\":\"https:\\\/\\\/vancleven.be\\\/fr\\\/installations\\\/traitement-de-lair\\\/filtres-a-air-industriels\\\/#breadcrumb\"},\"inLanguage\":\"fr-BE\",\"potentialAction\":[{\"@type\":\"ReadAction\",\"target\":[\"https:\\\/\\\/vancleven.be\\\/fr\\\/installations\\\/traitement-de-lair\\\/filtres-a-air-industriels\\\/\"]}]},{\"@type\":\"BreadcrumbList\",\"@id\":\"https:\\\/\\\/vancleven.be\\\/fr\\\/installations\\\/traitement-de-lair\\\/filtres-a-air-industriels\\\/#breadcrumb\",\"itemListElement\":[{\"@type\":\"ListItem\",\"position\":1,\"name\":\"Home\",\"item\":\"https:\\\/\\\/vancleven.be\\\/fr\\\/\"},{\"@type\":\"ListItem\",\"position\":2,\"name\":\"Installations\",\"item\":\"https:\\\/\\\/vancleven.be\\\/fr\\\/installations\\\/\"},{\"@type\":\"ListItem\",\"position\":3,\"name\":\"Traitement de l\u2019air\",\"item\":\"https:\\\/\\\/vancleven.be\\\/fr\\\/installations\\\/traitement-de-lair\\\/\"},{\"@type\":\"ListItem\",\"position\":4,\"name\":\"Filtres \u00e0 air industriels\"}]},{\"@type\":\"WebSite\",\"@id\":\"https:\\\/\\\/vancleven.be\\\/fr\\\/#website\",\"url\":\"https:\\\/\\\/vancleven.be\\\/fr\\\/\",\"name\":\"Van Cleven\",\"description\":\"\",\"potentialAction\":[{\"@type\":\"SearchAction\",\"target\":{\"@type\":\"EntryPoint\",\"urlTemplate\":\"https:\\\/\\\/vancleven.be\\\/fr\\\/?s={search_term_string}\"},\"query-input\":{\"@type\":\"PropertyValueSpecification\",\"valueRequired\":true,\"valueName\":\"search_term_string\"}}],\"inLanguage\":\"fr-BE\"}]}<\/script>\n<!-- \/ Yoast SEO plugin. -->","yoast_head_json":{"title":"Filtres \u00e0 air industriels, ventilation | Van Cleven Refroidissemment","description":"En tant que sp\u00e9cialiste du traitement de l air, Van Cleven propose des filtres industriels pour diff\u00e9rents types de filtration Toutes les proc\u00e9dures sont diff\u00e9rentes et chacune a ses propres exigences Nous fournissons les filtres dont vous avez besoin ainsi que des bo\u00eetiers, des bougies et des pi\u00e8ces pour filtre","robots":{"index":"index","follow":"follow","max-snippet":"max-snippet:-1","max-image-preview":"max-image-preview:large","max-video-preview":"max-video-preview:-1"},"canonical":"https:\/\/vancleven.be\/fr\/installations\/traitement-de-lair\/filtres-a-air-industriels\/","og_locale":"fr_FR","og_type":"article","og_title":"Filtres \u00e0 air industriels, ventilation | Van Cleven Refroidissemment","og_description":"En tant que sp\u00e9cialiste du traitement de l air, Van Cleven propose des filtres industriels pour diff\u00e9rents types de filtration Toutes les proc\u00e9dures sont diff\u00e9rentes et chacune a ses propres exigences Nous fournissons les filtres dont vous avez besoin ainsi que des bo\u00eetiers, des bougies et des pi\u00e8ces pour filtre","og_url":"https:\/\/vancleven.be\/fr\/installations\/traitement-de-lair\/filtres-a-air-industriels\/","og_site_name":"Van Cleven","article_modified_time":"2022-06-10T09:12:33+00:00","twitter_card":"summary_large_image","twitter_misc":{"Dur\u00e9e de lecture est.":"1 minute"},"schema":{"@context":"https:\/\/schema.org","@graph":[{"@type":"WebPage","@id":"https:\/\/vancleven.be\/fr\/installations\/traitement-de-lair\/filtres-a-air-industriels\/","url":"https:\/\/vancleven.be\/fr\/installations\/traitement-de-lair\/filtres-a-air-industriels\/","name":"Filtres \u00e0 air industriels, ventilation | Van Cleven Refroidissemment","isPartOf":{"@id":"https:\/\/vancleven.be\/fr\/#website"},"datePublished":"2022-05-16T13:26:26+00:00","dateModified":"2022-06-10T09:12:33+00:00","description":"En tant que sp\u00e9cialiste du traitement de l air, Van Cleven propose des filtres industriels pour diff\u00e9rents types de filtration Toutes les proc\u00e9dures sont diff\u00e9rentes et chacune a ses propres exigences Nous fournissons les filtres dont vous avez besoin ainsi que des bo\u00eetiers, des bougies et des pi\u00e8ces pour filtre","breadcrumb":{"@id":"https:\/\/vancleven.be\/fr\/installations\/traitement-de-lair\/filtres-a-air-industriels\/#breadcrumb"},"inLanguage":"fr-BE","potentialAction":[{"@type":"ReadAction","target":["https:\/\/vancleven.be\/fr\/installations\/traitement-de-lair\/filtres-a-air-industriels\/"]}]},{"@type":"BreadcrumbList","@id":"https:\/\/vancleven.be\/fr\/installations\/traitement-de-lair\/filtres-a-air-industriels\/#breadcrumb","itemListElement":[{"@type":"ListItem","position":1,"name":"Home","item":"https:\/\/vancleven.be\/fr\/"},{"@type":"ListItem","position":2,"name":"Installations","item":"https:\/\/vancleven.be\/fr\/installations\/"},{"@type":"ListItem","position":3,"name":"Traitement de l\u2019air","item":"https:\/\/vancleven.be\/fr\/installations\/traitement-de-lair\/"},{"@type":"ListItem","position":4,"name":"Filtres \u00e0 air industriels"}]},{"@type":"WebSite","@id":"https:\/\/vancleven.be\/fr\/#website","url":"https:\/\/vancleven.be\/fr\/","name":"Van Cleven","description":"","potentialAction":[{"@type":"SearchAction","target":{"@type":"EntryPoint","urlTemplate":"https:\/\/vancleven.be\/fr\/?s={search_term_string}"},"query-input":{"@type":"PropertyValueSpecification","valueRequired":true,"valueName":"search_term_string"}}],"inLanguage":"fr-BE"}]}},"_links":{"self":[{"href":"https:\/\/vancleven.be\/fr\/wp-json\/wp\/v2\/pages\/1074","targetHints":{"allow":["GET"]}}],"collection":[{"href":"https:\/\/vancleven.be\/fr\/wp-json\/wp\/v2\/pages"}],"about":[{"href":"https:\/\/vancleven.be\/fr\/wp-json\/wp\/v2\/types\/page"}],"author":[{"embeddable":true,"href":"https:\/\/vancleven.be\/fr\/wp-json\/wp\/v2\/users\/1"}],"replies":[{"embeddable":true,"href":"https:\/\/vancleven.be\/fr\/wp-json\/wp\/v2\/comments?post=1074"}],"version-history":[{"count":5,"href":"https:\/\/vancleven.be\/fr\/wp-json\/wp\/v2\/pages\/1074\/revisions"}],"predecessor-version":[{"id":1244,"href":"https:\/\/vancleven.be\/fr\/wp-json\/wp\/v2\/pages\/1074\/revisions\/1244"}],"up":[{"embeddable":true,"href":"https:\/\/vancleven.be\/fr\/wp-json\/wp\/v2\/pages\/1068"}],"wp:attachment":[{"href":"https:\/\/vancleven.be\/fr\/wp-json\/wp\/v2\/media?parent=1074"}],"curies":[{"name":"wp","href":"https:\/\/api.w.org\/{rel}","templated":true}]}}