{"id":1077,"date":"2022-05-16T15:22:15","date_gmt":"2022-05-16T13:22:15","guid":{"rendered":"https:\/\/vancleven.be\/installations\/cleanrooms\/"},"modified":"2022-06-10T11:12:56","modified_gmt":"2022-06-10T09:12:56","slug":"salles-blanches","status":"publish","type":"page","link":"https:\/\/vancleven.be\/fr\/installations\/salles-blanches\/","title":{"rendered":"Salles blanches"},"content":{"rendered":"<section class=\"l-section wpb_row us_custom_317d847f height_auto\"><div class=\"l-section-h i-cf\"><div class=\"g-cols vc_row via_flex valign_top type_default stacking_default\"><div class=\"vc_col-sm-12 wpb_column vc_column_container\"><div class=\"vc_column-inner\"><div class=\"wpb_wrapper\"><\/div><\/div><\/div><\/div><\/div><\/section><section class=\"l-section wpb_row height_medium\"><div class=\"l-section-h i-cf\"><div class=\"g-cols vc_row via_flex valign_top type_default stacking_default\"><div class=\"vc_col-sm-12 wpb_column vc_column_container\"><div class=\"vc_column-inner\"><div class=\"wpb_wrapper\"><div class=\"wpb_text_column us_custom_6745946f has_text_color\"><div class=\"wpb_wrapper\"><h1>Salles blanches<\/h1>\n<\/div><\/div><div class=\"w-separator us_custom_29a0f245 margin0 size_small with_line width_50 thick_1 style_solid color_secondary align_center\"><div class=\"w-separator-h\"><\/div><\/div><\/div><\/div><\/div><div class=\"vc_col-sm-8 wpb_column vc_column_container\"><div class=\"vc_column-inner\"><div class=\"wpb_wrapper\"><div class=\"wpb_text_column us_custom_1e9d6bf7 has_text_color\"><div class=\"wpb_wrapper\"><h2>Du sur mesure, sans poussi\u00e8re, adapt\u00e9 \u00e0 votre usage sp\u00e9cifique<\/h2>\n<\/div><\/div><div class=\"w-separator size_small\"><\/div><div class=\"wpb_text_column\"><div class=\"wpb_wrapper\"><p><a href=\"https:\/\/vancleven.be\/fr\/\">Van Cleven<\/a>, \u00e0 Hasselt (Limbourg), a, en tant que sp\u00e9cialiste du <a href=\"https:\/\/vancleven.be\/fr\/installations\/traitement-de-lair\/\">traitement de l\u2019air<\/a>, de nombreuses ann\u00e9es d\u2019exp\u00e9rience dans la <a href=\"https:\/\/vancleven.be\/fr\/installations\/traitement-de-lair\/filtres-a-air-industriels\/\">filtration<\/a> et le <a href=\"https:\/\/vancleven.be\/fr\/installations\/air-conditionne\/air-conditionne-industriel\/\">conditionnement de l\u2019air<\/a> dans les locaux d\u2019entreprises. En collaboration avec des fournisseurs fixes, nous proposons des <strong>salles blanches<\/strong> pour le secteur m\u00e9dical et l\u2019industrie pharmaceutique, la biotechnologie, l\u2019industrie agroalimentaire, l\u2019optique et l\u2019\u00e9lectronique.<\/p>\n<p>Nous suivons de tr\u00e8s pr\u00e8s tous les d\u00e9veloppements en la mati\u00e8re pour limiter au maximum, voire \u00e9liminer totalement, gr\u00e2ce aux derni\u00e8res techniques, la contamination ou la pollution lors du d\u00e9roulement de la proc\u00e9dure de recherche ou de production dans la salle blanche. Nous livrons du sur mesure adapt\u00e9 \u00e0 chaque utilisation R&amp;D ou industrielle.<\/p>\n<p><strong>Les salles blanches de Van Cleven ? Un pur travail sur mesure !<\/strong><\/p>\n<\/div><\/div><\/div><\/div><\/div><div class=\"vc_col-sm-4 wpb_column vc_column_container\"><div class=\"vc_column-inner\"><div class=\"wpb_wrapper\"><section class=\"l-section wpb_row height_auto\"><div class=\"l-section-h i-cf\"><div class=\"g-cols vc_row via_flex valign_top type_default stacking_default\" style=\"--additional-gap:10px;\"><div class=\"vc_col-sm-12 wpb_column vc_column_container has_bg_color\"><div class=\"vc_column-inner us_custom_a4c66758\"><div class=\"wpb_wrapper\"><div class=\"wpb_text_column us_custom_4e55af8d has_text_color\"><div class=\"wpb_wrapper\"><h2 class=\"smallsubtitle\">Pourquoi choisir Van Cleven ?<\/h2>\n<\/div><\/div><div class=\"w-separator size_small\"><\/div><div class=\"w-iconbox iconpos_left style_default color_primary align_left no_text\"><div class=\"w-iconbox-icon\" style=\"font-size:1rem;\"><i class=\"fas fa-check\"><\/i><\/div><div class=\"w-iconbox-meta\"><p class=\"w-iconbox-title\">Propre service de conception<\/p><\/div><\/div><div class=\"w-iconbox iconpos_left style_default color_primary align_left no_text\"><div class=\"w-iconbox-icon\" style=\"font-size:1rem;\"><i class=\"fas fa-check\"><\/i><\/div><div class=\"w-iconbox-meta\"><p class=\"w-iconbox-title\">Propre service de placement<\/p><\/div><\/div><div class=\"w-iconbox iconpos_left style_default color_primary align_left no_text\"><div class=\"w-iconbox-icon\" style=\"font-size:1rem;\"><i class=\"fas fa-check\"><\/i><\/div><div class=\"w-iconbox-meta\"><p class=\"w-iconbox-title\">Propre service de r\u00e9paration<\/p><\/div><\/div><\/div><\/div><\/div><div class=\"vc_col-sm-12 wpb_column vc_column_container\"><div class=\"vc_column-inner us_custom_8591a7b2\"><div class=\"wpb_wrapper\"><div class=\"w-btn-wrapper width_full\"><a class=\"w-btn us-btn-style_4 icon_atleft\" title=\"R\u00e9alisations\" href=\"http:\/\/vancleven.be\/fr\/realisations\/\"><i class=\"fas fa-chevron-right\"><\/i><span class=\"w-btn-label\">D\u00e9couvrez nos realisations<\/span><\/a><\/div><div class=\"w-btn-wrapper width_full\"><a class=\"w-btn us-btn-style_2 icon_atleft\" title=\"Contact\" href=\"http:\/\/vancleven.be\/fr\/contact\/\"><i class=\"fas fa-chevron-right\"><\/i><span class=\"w-btn-label\">Demandez votre devis<\/span><\/a><\/div><\/div><\/div><\/div><\/div><\/div><\/section>\n<\/div><\/div><\/div><\/div><\/div><\/section>\n","protected":false},"excerpt":{"rendered":"Salles blanches Du sur mesure, sans poussi\u00e8re, adapt\u00e9 \u00e0 votre usage sp\u00e9cifique Van Cleven, \u00e0 Hasselt (Limbourg), a, en tant que sp\u00e9cialiste du traitement de l\u2019air, de nombreuses ann\u00e9es d\u2019exp\u00e9rience dans la filtration et le conditionnement de l\u2019air dans les locaux d\u2019entreprises. En collaboration avec des fournisseurs fixes, nous proposons des salles blanches pour le...","protected":false},"author":1,"featured_media":182,"parent":1004,"menu_order":4,"comment_status":"closed","ping_status":"closed","template":"","meta":{"footnotes":""},"class_list":["post-1077","page","type-page","status-publish","has-post-thumbnail","hentry"],"yoast_head":"<!-- This site is optimized with the Yoast SEO plugin v27.4 - https:\/\/yoast.com\/product\/yoast-seo-wordpress\/ -->\n<title>Salles blanches | Van Cleven Refroidissemment<\/title>\n<meta name=\"description\" content=\"En collaboration avec des fournisseurs fixes, nous proposons des salles blanches pour le secteur m\u00e9dical et l\u2019industrie pharmaceutique, la biotechnologie, l\u2019industrie agroalimentaire, l\u2019optique et l\u2019\u00e9lectronique\" \/>\n<meta name=\"robots\" content=\"index, follow, max-snippet:-1, max-image-preview:large, max-video-preview:-1\" \/>\n<link rel=\"canonical\" href=\"https:\/\/vancleven.be\/fr\/installations\/salles-blanches\/\" \/>\n<meta property=\"og:locale\" content=\"fr_FR\" \/>\n<meta property=\"og:type\" content=\"article\" \/>\n<meta property=\"og:title\" content=\"Salles blanches | Van Cleven Refroidissemment\" \/>\n<meta property=\"og:description\" content=\"En collaboration avec des fournisseurs fixes, nous proposons des salles blanches pour le secteur m\u00e9dical et l\u2019industrie pharmaceutique, la biotechnologie, l\u2019industrie agroalimentaire, l\u2019optique et l\u2019\u00e9lectronique\" \/>\n<meta property=\"og:url\" content=\"https:\/\/vancleven.be\/fr\/installations\/salles-blanches\/\" \/>\n<meta property=\"og:site_name\" content=\"Van Cleven\" \/>\n<meta property=\"article:modified_time\" content=\"2022-06-10T09:12:56+00:00\" \/>\n<meta property=\"og:image\" content=\"https:\/\/vancleven.be\/wp-content\/uploads\/2022\/05\/2.jpg\" \/>\n\t<meta property=\"og:image:width\" content=\"360\" \/>\n\t<meta property=\"og:image:height\" content=\"158\" \/>\n\t<meta property=\"og:image:type\" content=\"image\/jpeg\" \/>\n<meta name=\"twitter:card\" content=\"summary_large_image\" \/>\n<meta name=\"twitter:label1\" content=\"Dur\u00e9e de lecture est.\" \/>\n\t<meta name=\"twitter:data1\" content=\"1 minute\" \/>\n<script type=\"application\/ld+json\" class=\"yoast-schema-graph\">{\"@context\":\"https:\\\/\\\/schema.org\",\"@graph\":[{\"@type\":\"WebPage\",\"@id\":\"https:\\\/\\\/vancleven.be\\\/fr\\\/installations\\\/salles-blanches\\\/\",\"url\":\"https:\\\/\\\/vancleven.be\\\/fr\\\/installations\\\/salles-blanches\\\/\",\"name\":\"Salles blanches | Van Cleven Refroidissemment\",\"isPartOf\":{\"@id\":\"https:\\\/\\\/vancleven.be\\\/fr\\\/#website\"},\"primaryImageOfPage\":{\"@id\":\"https:\\\/\\\/vancleven.be\\\/fr\\\/installations\\\/salles-blanches\\\/#primaryimage\"},\"image\":{\"@id\":\"https:\\\/\\\/vancleven.be\\\/fr\\\/installations\\\/salles-blanches\\\/#primaryimage\"},\"thumbnailUrl\":\"https:\\\/\\\/vancleven.be\\\/wp-content\\\/uploads\\\/2022\\\/05\\\/2.jpg\",\"datePublished\":\"2022-05-16T13:22:15+00:00\",\"dateModified\":\"2022-06-10T09:12:56+00:00\",\"description\":\"En collaboration avec des fournisseurs fixes, nous proposons des salles blanches pour le secteur m\u00e9dical et l\u2019industrie pharmaceutique, la biotechnologie, l\u2019industrie agroalimentaire, l\u2019optique et l\u2019\u00e9lectronique\",\"breadcrumb\":{\"@id\":\"https:\\\/\\\/vancleven.be\\\/fr\\\/installations\\\/salles-blanches\\\/#breadcrumb\"},\"inLanguage\":\"fr-BE\",\"potentialAction\":[{\"@type\":\"ReadAction\",\"target\":[\"https:\\\/\\\/vancleven.be\\\/fr\\\/installations\\\/salles-blanches\\\/\"]}]},{\"@type\":\"ImageObject\",\"inLanguage\":\"fr-BE\",\"@id\":\"https:\\\/\\\/vancleven.be\\\/fr\\\/installations\\\/salles-blanches\\\/#primaryimage\",\"url\":\"https:\\\/\\\/vancleven.be\\\/wp-content\\\/uploads\\\/2022\\\/05\\\/2.jpg\",\"contentUrl\":\"https:\\\/\\\/vancleven.be\\\/wp-content\\\/uploads\\\/2022\\\/05\\\/2.jpg\",\"width\":360,\"height\":158},{\"@type\":\"BreadcrumbList\",\"@id\":\"https:\\\/\\\/vancleven.be\\\/fr\\\/installations\\\/salles-blanches\\\/#breadcrumb\",\"itemListElement\":[{\"@type\":\"ListItem\",\"position\":1,\"name\":\"Home\",\"item\":\"https:\\\/\\\/vancleven.be\\\/fr\\\/\"},{\"@type\":\"ListItem\",\"position\":2,\"name\":\"Installations\",\"item\":\"https:\\\/\\\/vancleven.be\\\/fr\\\/installations\\\/\"},{\"@type\":\"ListItem\",\"position\":3,\"name\":\"Salles blanches\"}]},{\"@type\":\"WebSite\",\"@id\":\"https:\\\/\\\/vancleven.be\\\/fr\\\/#website\",\"url\":\"https:\\\/\\\/vancleven.be\\\/fr\\\/\",\"name\":\"Van Cleven\",\"description\":\"\",\"potentialAction\":[{\"@type\":\"SearchAction\",\"target\":{\"@type\":\"EntryPoint\",\"urlTemplate\":\"https:\\\/\\\/vancleven.be\\\/fr\\\/?s={search_term_string}\"},\"query-input\":{\"@type\":\"PropertyValueSpecification\",\"valueRequired\":true,\"valueName\":\"search_term_string\"}}],\"inLanguage\":\"fr-BE\"}]}<\/script>\n<!-- \/ Yoast SEO plugin. -->","yoast_head_json":{"title":"Salles blanches | Van Cleven Refroidissemment","description":"En collaboration avec des fournisseurs fixes, nous proposons des salles blanches pour le secteur m\u00e9dical et l\u2019industrie pharmaceutique, la biotechnologie, l\u2019industrie agroalimentaire, l\u2019optique et l\u2019\u00e9lectronique","robots":{"index":"index","follow":"follow","max-snippet":"max-snippet:-1","max-image-preview":"max-image-preview:large","max-video-preview":"max-video-preview:-1"},"canonical":"https:\/\/vancleven.be\/fr\/installations\/salles-blanches\/","og_locale":"fr_FR","og_type":"article","og_title":"Salles blanches | Van Cleven Refroidissemment","og_description":"En collaboration avec des fournisseurs fixes, nous proposons des salles blanches pour le secteur m\u00e9dical et l\u2019industrie pharmaceutique, la biotechnologie, l\u2019industrie agroalimentaire, l\u2019optique et l\u2019\u00e9lectronique","og_url":"https:\/\/vancleven.be\/fr\/installations\/salles-blanches\/","og_site_name":"Van Cleven","article_modified_time":"2022-06-10T09:12:56+00:00","og_image":[{"width":360,"height":158,"url":"https:\/\/vancleven.be\/wp-content\/uploads\/2022\/05\/2.jpg","type":"image\/jpeg"}],"twitter_card":"summary_large_image","twitter_misc":{"Dur\u00e9e de lecture est.":"1 minute"},"schema":{"@context":"https:\/\/schema.org","@graph":[{"@type":"WebPage","@id":"https:\/\/vancleven.be\/fr\/installations\/salles-blanches\/","url":"https:\/\/vancleven.be\/fr\/installations\/salles-blanches\/","name":"Salles blanches | Van Cleven Refroidissemment","isPartOf":{"@id":"https:\/\/vancleven.be\/fr\/#website"},"primaryImageOfPage":{"@id":"https:\/\/vancleven.be\/fr\/installations\/salles-blanches\/#primaryimage"},"image":{"@id":"https:\/\/vancleven.be\/fr\/installations\/salles-blanches\/#primaryimage"},"thumbnailUrl":"https:\/\/vancleven.be\/wp-content\/uploads\/2022\/05\/2.jpg","datePublished":"2022-05-16T13:22:15+00:00","dateModified":"2022-06-10T09:12:56+00:00","description":"En collaboration avec des fournisseurs fixes, nous proposons des salles blanches pour le secteur m\u00e9dical et l\u2019industrie pharmaceutique, la biotechnologie, l\u2019industrie agroalimentaire, l\u2019optique et l\u2019\u00e9lectronique","breadcrumb":{"@id":"https:\/\/vancleven.be\/fr\/installations\/salles-blanches\/#breadcrumb"},"inLanguage":"fr-BE","potentialAction":[{"@type":"ReadAction","target":["https:\/\/vancleven.be\/fr\/installations\/salles-blanches\/"]}]},{"@type":"ImageObject","inLanguage":"fr-BE","@id":"https:\/\/vancleven.be\/fr\/installations\/salles-blanches\/#primaryimage","url":"https:\/\/vancleven.be\/wp-content\/uploads\/2022\/05\/2.jpg","contentUrl":"https:\/\/vancleven.be\/wp-content\/uploads\/2022\/05\/2.jpg","width":360,"height":158},{"@type":"BreadcrumbList","@id":"https:\/\/vancleven.be\/fr\/installations\/salles-blanches\/#breadcrumb","itemListElement":[{"@type":"ListItem","position":1,"name":"Home","item":"https:\/\/vancleven.be\/fr\/"},{"@type":"ListItem","position":2,"name":"Installations","item":"https:\/\/vancleven.be\/fr\/installations\/"},{"@type":"ListItem","position":3,"name":"Salles blanches"}]},{"@type":"WebSite","@id":"https:\/\/vancleven.be\/fr\/#website","url":"https:\/\/vancleven.be\/fr\/","name":"Van Cleven","description":"","potentialAction":[{"@type":"SearchAction","target":{"@type":"EntryPoint","urlTemplate":"https:\/\/vancleven.be\/fr\/?s={search_term_string}"},"query-input":{"@type":"PropertyValueSpecification","valueRequired":true,"valueName":"search_term_string"}}],"inLanguage":"fr-BE"}]}},"_links":{"self":[{"href":"https:\/\/vancleven.be\/fr\/wp-json\/wp\/v2\/pages\/1077","targetHints":{"allow":["GET"]}}],"collection":[{"href":"https:\/\/vancleven.be\/fr\/wp-json\/wp\/v2\/pages"}],"about":[{"href":"https:\/\/vancleven.be\/fr\/wp-json\/wp\/v2\/types\/page"}],"author":[{"embeddable":true,"href":"https:\/\/vancleven.be\/fr\/wp-json\/wp\/v2\/users\/1"}],"replies":[{"embeddable":true,"href":"https:\/\/vancleven.be\/fr\/wp-json\/wp\/v2\/comments?post=1077"}],"version-history":[{"count":4,"href":"https:\/\/vancleven.be\/fr\/wp-json\/wp\/v2\/pages\/1077\/revisions"}],"predecessor-version":[{"id":1245,"href":"https:\/\/vancleven.be\/fr\/wp-json\/wp\/v2\/pages\/1077\/revisions\/1245"}],"up":[{"embeddable":true,"href":"https:\/\/vancleven.be\/fr\/wp-json\/wp\/v2\/pages\/1004"}],"wp:featuredmedia":[{"embeddable":true,"href":"https:\/\/vancleven.be\/fr\/wp-json\/wp\/v2\/media\/182"}],"wp:attachment":[{"href":"https:\/\/vancleven.be\/fr\/wp-json\/wp\/v2\/media?parent=1077"}],"curies":[{"name":"wp","href":"https:\/\/api.w.org\/{rel}","templated":true}]}}