{"id":1080,"date":"2022-05-16T15:22:15","date_gmt":"2022-05-16T13:22:15","guid":{"rendered":"https:\/\/vancleven.be\/installations\/isotherme-constructies\/"},"modified":"2022-06-10T11:13:15","modified_gmt":"2022-06-10T09:13:15","slug":"constructions-isotherme","status":"publish","type":"page","link":"https:\/\/vancleven.be\/fr\/installations\/constructions-isotherme\/","title":{"rendered":"Constructions isotherme"},"content":{"rendered":"<section class=\"l-section wpb_row us_custom_317d847f height_auto\"><div class=\"l-section-h i-cf\"><div class=\"g-cols vc_row via_flex valign_top type_default stacking_default\"><div class=\"vc_col-sm-12 wpb_column vc_column_container\"><div class=\"vc_column-inner\"><div class=\"wpb_wrapper\"><\/div><\/div><\/div><\/div><\/div><\/section><section class=\"l-section wpb_row height_medium\"><div class=\"l-section-h i-cf\"><div class=\"g-cols vc_row via_flex valign_top type_default stacking_default\"><div class=\"vc_col-sm-12 wpb_column vc_column_container\"><div class=\"vc_column-inner\"><div class=\"wpb_wrapper\"><div class=\"wpb_text_column us_custom_6745946f has_text_color\"><div class=\"wpb_wrapper\"><h1>Constructions isotherme<\/h1>\n<\/div><\/div><div class=\"w-separator us_custom_29a0f245 margin0 size_small with_line width_50 thick_1 style_solid color_secondary align_center\"><div class=\"w-separator-h\"><\/div><\/div><\/div><\/div><\/div><div class=\"vc_col-sm-8 wpb_column vc_column_container\"><div class=\"vc_column-inner\"><div class=\"wpb_wrapper\"><div class=\"wpb_text_column us_custom_1e9d6bf7 has_text_color\"><div class=\"wpb_wrapper\"><h2>Nos panneaux \u00e0 fixer au mur ou au plafond : le refroidissement sur mesure<\/h2>\n<\/div><\/div><div class=\"w-separator size_small\"><\/div><div class=\"wpb_text_column\"><div class=\"wpb_wrapper\"><p>Nous avons d\u00e9j\u00e0 plus de <strong>cinquante ans d\u2019exp\u00e9rience dans les solutions de refroidissement<\/strong>. <a href=\"https:\/\/vancleven.be\/fr\/\">Van Cleven, \u00e0 Hasselt<\/a> dans le Limbourg, est le fournisseur \u00e0 qui faire confiance si vous souhaitez une solution sur mesure pour <a href=\"https:\/\/vancleven.be\/fr\/cellules-de-refroidissement-industrielles\/\">cellules de refroidissement<\/a>, cellules de cong\u00e9lation, cellules \u00e0 essais, espaces de mesure, <a href=\"https:\/\/vancleven.be\/fr\/installations\/refroidissement\/chambres-denvironnement\/\">chambres d\u2019environnement<\/a> et <a href=\"https:\/\/vancleven.be\/fr\/installations\/salles-blanches\/\">salles blanches<\/a>.<\/p>\n<p>Gr\u00e2ce \u00e0 notre connaissance des techniques d\u2019isolation, nous construisons des cellules ISO et IND sur mesure avec des panneaux sandwiches isothermes d\u00e9montables. Ces panneaux en mousse isolante (PUR, PIR, laine de roche) \u00e0 fixer au mur ou au plafond ont une tr\u00e8s grande r\u00e9sistance \u00e0 la chaleur, ce qui permet au froid de rester \u00e0 l\u2019int\u00e9rieur et la chaleur \u00e0 l\u2019ext\u00e9rieur. Diff\u00e9rentes \u00e9paisseurs de panneaux et divers types de portes sont disponibles. Nos <strong>constructions isothermes<\/strong> sont d&rsquo;une qualit\u00e9 sup\u00e9rieure.<\/p>\n<p><strong>Demandez de plus amples informations sur les solutions personnalis\u00e9es de Van Cleven !<\/strong><\/p>\n<\/div><\/div><\/div><\/div><\/div><div class=\"vc_col-sm-4 wpb_column vc_column_container\"><div class=\"vc_column-inner\"><div class=\"wpb_wrapper\"><section class=\"l-section wpb_row height_auto\"><div class=\"l-section-h i-cf\"><div class=\"g-cols vc_row via_flex valign_top type_default stacking_default\" style=\"--additional-gap:10px;\"><div class=\"vc_col-sm-12 wpb_column vc_column_container has_bg_color\"><div class=\"vc_column-inner us_custom_a4c66758\"><div class=\"wpb_wrapper\"><div class=\"wpb_text_column us_custom_4e55af8d has_text_color\"><div class=\"wpb_wrapper\"><h2 class=\"smallsubtitle\">Pourquoi choisir Van Cleven ?<\/h2>\n<\/div><\/div><div class=\"w-separator size_small\"><\/div><div class=\"w-iconbox iconpos_left style_default color_primary align_left no_text\"><div class=\"w-iconbox-icon\" style=\"font-size:1rem;\"><i class=\"fas fa-check\"><\/i><\/div><div class=\"w-iconbox-meta\"><p class=\"w-iconbox-title\">Propre service de conception<\/p><\/div><\/div><div class=\"w-iconbox iconpos_left style_default color_primary align_left no_text\"><div class=\"w-iconbox-icon\" style=\"font-size:1rem;\"><i class=\"fas fa-check\"><\/i><\/div><div class=\"w-iconbox-meta\"><p class=\"w-iconbox-title\">Propre service de placement<\/p><\/div><\/div><div class=\"w-iconbox iconpos_left style_default color_primary align_left no_text\"><div class=\"w-iconbox-icon\" style=\"font-size:1rem;\"><i class=\"fas fa-check\"><\/i><\/div><div class=\"w-iconbox-meta\"><p class=\"w-iconbox-title\">Propre service de r\u00e9paration<\/p><\/div><\/div><\/div><\/div><\/div><div class=\"vc_col-sm-12 wpb_column vc_column_container\"><div class=\"vc_column-inner us_custom_8591a7b2\"><div class=\"wpb_wrapper\"><div class=\"w-btn-wrapper width_full\"><a class=\"w-btn us-btn-style_4 icon_atleft\" title=\"R\u00e9alisations\" href=\"http:\/\/vancleven.be\/fr\/realisations\/\"><i class=\"fas fa-chevron-right\"><\/i><span class=\"w-btn-label\">D\u00e9couvrez nos realisations<\/span><\/a><\/div><div class=\"w-btn-wrapper width_full\"><a class=\"w-btn us-btn-style_2 icon_atleft\" title=\"Contact\" href=\"http:\/\/vancleven.be\/fr\/contact\/\"><i class=\"fas fa-chevron-right\"><\/i><span class=\"w-btn-label\">Demandez votre devis<\/span><\/a><\/div><\/div><\/div><\/div><\/div><\/div><\/section>\n<\/div><\/div><\/div><\/div><\/div><\/section>\n","protected":false},"excerpt":{"rendered":"Constructions isotherme Nos panneaux \u00e0 fixer au mur ou au plafond : le refroidissement sur mesure Nous avons d\u00e9j\u00e0 plus de cinquante ans d\u2019exp\u00e9rience dans les solutions de refroidissement. Van Cleven, \u00e0 Hasselt dans le Limbourg, est le fournisseur \u00e0 qui faire confiance si vous souhaitez une solution sur mesure pour cellules de refroidissement, cellules...","protected":false},"author":1,"featured_media":180,"parent":1004,"menu_order":5,"comment_status":"closed","ping_status":"closed","template":"","meta":{"footnotes":""},"class_list":["post-1080","page","type-page","status-publish","has-post-thumbnail","hentry"],"yoast_head":"<!-- This site is optimized with the Yoast SEO plugin v27.4 - https:\/\/yoast.com\/product\/yoast-seo-wordpress\/ -->\n<title>Construction isotherme | Van Cleven Refroidissemment<\/title>\n<meta name=\"description\" content=\"Gr\u00e2ce \u00e0 notre connaissance des techniques d\u2019isolation, nous construisons des cellules ISO et IND sur mesure avec des panneaux sandwiches isothermes d\u00e9montables Ces panneaux en mousse isolante PUR, PIR, laine de roche \u00e0 fixer au mur ou au plafond ont une tr\u00e8s grande r\u00e9sistance \u00e0 la chaleur\" \/>\n<meta name=\"robots\" content=\"index, follow, max-snippet:-1, max-image-preview:large, max-video-preview:-1\" \/>\n<link rel=\"canonical\" href=\"https:\/\/vancleven.be\/fr\/installations\/constructions-isotherme\/\" \/>\n<meta property=\"og:locale\" content=\"fr_FR\" \/>\n<meta property=\"og:type\" content=\"article\" \/>\n<meta property=\"og:title\" content=\"Construction isotherme | Van Cleven Refroidissemment\" \/>\n<meta property=\"og:description\" content=\"Gr\u00e2ce \u00e0 notre connaissance des techniques d\u2019isolation, nous construisons des cellules ISO et IND sur mesure avec des panneaux sandwiches isothermes d\u00e9montables Ces panneaux en mousse isolante PUR, PIR, laine de roche \u00e0 fixer au mur ou au plafond ont une tr\u00e8s grande r\u00e9sistance \u00e0 la chaleur\" \/>\n<meta property=\"og:url\" content=\"https:\/\/vancleven.be\/fr\/installations\/constructions-isotherme\/\" \/>\n<meta property=\"og:site_name\" content=\"Van Cleven\" \/>\n<meta property=\"article:modified_time\" content=\"2022-06-10T09:13:15+00:00\" \/>\n<meta property=\"og:image\" content=\"https:\/\/vancleven.be\/wp-content\/uploads\/2022\/05\/4.jpg\" \/>\n\t<meta property=\"og:image:width\" content=\"360\" \/>\n\t<meta property=\"og:image:height\" content=\"158\" \/>\n\t<meta property=\"og:image:type\" content=\"image\/jpeg\" \/>\n<meta name=\"twitter:card\" content=\"summary_large_image\" \/>\n<meta name=\"twitter:label1\" content=\"Dur\u00e9e de lecture est.\" \/>\n\t<meta name=\"twitter:data1\" content=\"1 minute\" \/>\n<script type=\"application\/ld+json\" class=\"yoast-schema-graph\">{\"@context\":\"https:\\\/\\\/schema.org\",\"@graph\":[{\"@type\":\"WebPage\",\"@id\":\"https:\\\/\\\/vancleven.be\\\/fr\\\/installations\\\/constructions-isotherme\\\/\",\"url\":\"https:\\\/\\\/vancleven.be\\\/fr\\\/installations\\\/constructions-isotherme\\\/\",\"name\":\"Construction isotherme | Van Cleven Refroidissemment\",\"isPartOf\":{\"@id\":\"https:\\\/\\\/vancleven.be\\\/fr\\\/#website\"},\"primaryImageOfPage\":{\"@id\":\"https:\\\/\\\/vancleven.be\\\/fr\\\/installations\\\/constructions-isotherme\\\/#primaryimage\"},\"image\":{\"@id\":\"https:\\\/\\\/vancleven.be\\\/fr\\\/installations\\\/constructions-isotherme\\\/#primaryimage\"},\"thumbnailUrl\":\"https:\\\/\\\/vancleven.be\\\/wp-content\\\/uploads\\\/2022\\\/05\\\/4.jpg\",\"datePublished\":\"2022-05-16T13:22:15+00:00\",\"dateModified\":\"2022-06-10T09:13:15+00:00\",\"description\":\"Gr\u00e2ce \u00e0 notre connaissance des techniques d\u2019isolation, nous construisons des cellules ISO et IND sur mesure avec des panneaux sandwiches isothermes d\u00e9montables Ces panneaux en mousse isolante PUR, PIR, laine de roche \u00e0 fixer au mur ou au plafond ont une tr\u00e8s grande r\u00e9sistance \u00e0 la chaleur\",\"breadcrumb\":{\"@id\":\"https:\\\/\\\/vancleven.be\\\/fr\\\/installations\\\/constructions-isotherme\\\/#breadcrumb\"},\"inLanguage\":\"fr-BE\",\"potentialAction\":[{\"@type\":\"ReadAction\",\"target\":[\"https:\\\/\\\/vancleven.be\\\/fr\\\/installations\\\/constructions-isotherme\\\/\"]}]},{\"@type\":\"ImageObject\",\"inLanguage\":\"fr-BE\",\"@id\":\"https:\\\/\\\/vancleven.be\\\/fr\\\/installations\\\/constructions-isotherme\\\/#primaryimage\",\"url\":\"https:\\\/\\\/vancleven.be\\\/wp-content\\\/uploads\\\/2022\\\/05\\\/4.jpg\",\"contentUrl\":\"https:\\\/\\\/vancleven.be\\\/wp-content\\\/uploads\\\/2022\\\/05\\\/4.jpg\",\"width\":360,\"height\":158},{\"@type\":\"BreadcrumbList\",\"@id\":\"https:\\\/\\\/vancleven.be\\\/fr\\\/installations\\\/constructions-isotherme\\\/#breadcrumb\",\"itemListElement\":[{\"@type\":\"ListItem\",\"position\":1,\"name\":\"Home\",\"item\":\"https:\\\/\\\/vancleven.be\\\/fr\\\/\"},{\"@type\":\"ListItem\",\"position\":2,\"name\":\"Installations\",\"item\":\"https:\\\/\\\/vancleven.be\\\/fr\\\/installations\\\/\"},{\"@type\":\"ListItem\",\"position\":3,\"name\":\"Constructions isotherme\"}]},{\"@type\":\"WebSite\",\"@id\":\"https:\\\/\\\/vancleven.be\\\/fr\\\/#website\",\"url\":\"https:\\\/\\\/vancleven.be\\\/fr\\\/\",\"name\":\"Van Cleven\",\"description\":\"\",\"potentialAction\":[{\"@type\":\"SearchAction\",\"target\":{\"@type\":\"EntryPoint\",\"urlTemplate\":\"https:\\\/\\\/vancleven.be\\\/fr\\\/?s={search_term_string}\"},\"query-input\":{\"@type\":\"PropertyValueSpecification\",\"valueRequired\":true,\"valueName\":\"search_term_string\"}}],\"inLanguage\":\"fr-BE\"}]}<\/script>\n<!-- \/ Yoast SEO plugin. -->","yoast_head_json":{"title":"Construction isotherme | Van Cleven Refroidissemment","description":"Gr\u00e2ce \u00e0 notre connaissance des techniques d\u2019isolation, nous construisons des cellules ISO et IND sur mesure avec des panneaux sandwiches isothermes d\u00e9montables Ces panneaux en mousse isolante PUR, PIR, laine de roche \u00e0 fixer au mur ou au plafond ont une tr\u00e8s grande r\u00e9sistance \u00e0 la chaleur","robots":{"index":"index","follow":"follow","max-snippet":"max-snippet:-1","max-image-preview":"max-image-preview:large","max-video-preview":"max-video-preview:-1"},"canonical":"https:\/\/vancleven.be\/fr\/installations\/constructions-isotherme\/","og_locale":"fr_FR","og_type":"article","og_title":"Construction isotherme | Van Cleven Refroidissemment","og_description":"Gr\u00e2ce \u00e0 notre connaissance des techniques d\u2019isolation, nous construisons des cellules ISO et IND sur mesure avec des panneaux sandwiches isothermes d\u00e9montables Ces panneaux en mousse isolante PUR, PIR, laine de roche \u00e0 fixer au mur ou au plafond ont une tr\u00e8s grande r\u00e9sistance \u00e0 la chaleur","og_url":"https:\/\/vancleven.be\/fr\/installations\/constructions-isotherme\/","og_site_name":"Van Cleven","article_modified_time":"2022-06-10T09:13:15+00:00","og_image":[{"width":360,"height":158,"url":"https:\/\/vancleven.be\/wp-content\/uploads\/2022\/05\/4.jpg","type":"image\/jpeg"}],"twitter_card":"summary_large_image","twitter_misc":{"Dur\u00e9e de lecture est.":"1 minute"},"schema":{"@context":"https:\/\/schema.org","@graph":[{"@type":"WebPage","@id":"https:\/\/vancleven.be\/fr\/installations\/constructions-isotherme\/","url":"https:\/\/vancleven.be\/fr\/installations\/constructions-isotherme\/","name":"Construction isotherme | Van Cleven Refroidissemment","isPartOf":{"@id":"https:\/\/vancleven.be\/fr\/#website"},"primaryImageOfPage":{"@id":"https:\/\/vancleven.be\/fr\/installations\/constructions-isotherme\/#primaryimage"},"image":{"@id":"https:\/\/vancleven.be\/fr\/installations\/constructions-isotherme\/#primaryimage"},"thumbnailUrl":"https:\/\/vancleven.be\/wp-content\/uploads\/2022\/05\/4.jpg","datePublished":"2022-05-16T13:22:15+00:00","dateModified":"2022-06-10T09:13:15+00:00","description":"Gr\u00e2ce \u00e0 notre connaissance des techniques d\u2019isolation, nous construisons des cellules ISO et IND sur mesure avec des panneaux sandwiches isothermes d\u00e9montables Ces panneaux en mousse isolante PUR, PIR, laine de roche \u00e0 fixer au mur ou au plafond ont une tr\u00e8s grande r\u00e9sistance \u00e0 la chaleur","breadcrumb":{"@id":"https:\/\/vancleven.be\/fr\/installations\/constructions-isotherme\/#breadcrumb"},"inLanguage":"fr-BE","potentialAction":[{"@type":"ReadAction","target":["https:\/\/vancleven.be\/fr\/installations\/constructions-isotherme\/"]}]},{"@type":"ImageObject","inLanguage":"fr-BE","@id":"https:\/\/vancleven.be\/fr\/installations\/constructions-isotherme\/#primaryimage","url":"https:\/\/vancleven.be\/wp-content\/uploads\/2022\/05\/4.jpg","contentUrl":"https:\/\/vancleven.be\/wp-content\/uploads\/2022\/05\/4.jpg","width":360,"height":158},{"@type":"BreadcrumbList","@id":"https:\/\/vancleven.be\/fr\/installations\/constructions-isotherme\/#breadcrumb","itemListElement":[{"@type":"ListItem","position":1,"name":"Home","item":"https:\/\/vancleven.be\/fr\/"},{"@type":"ListItem","position":2,"name":"Installations","item":"https:\/\/vancleven.be\/fr\/installations\/"},{"@type":"ListItem","position":3,"name":"Constructions isotherme"}]},{"@type":"WebSite","@id":"https:\/\/vancleven.be\/fr\/#website","url":"https:\/\/vancleven.be\/fr\/","name":"Van Cleven","description":"","potentialAction":[{"@type":"SearchAction","target":{"@type":"EntryPoint","urlTemplate":"https:\/\/vancleven.be\/fr\/?s={search_term_string}"},"query-input":{"@type":"PropertyValueSpecification","valueRequired":true,"valueName":"search_term_string"}}],"inLanguage":"fr-BE"}]}},"_links":{"self":[{"href":"https:\/\/vancleven.be\/fr\/wp-json\/wp\/v2\/pages\/1080","targetHints":{"allow":["GET"]}}],"collection":[{"href":"https:\/\/vancleven.be\/fr\/wp-json\/wp\/v2\/pages"}],"about":[{"href":"https:\/\/vancleven.be\/fr\/wp-json\/wp\/v2\/types\/page"}],"author":[{"embeddable":true,"href":"https:\/\/vancleven.be\/fr\/wp-json\/wp\/v2\/users\/1"}],"replies":[{"embeddable":true,"href":"https:\/\/vancleven.be\/fr\/wp-json\/wp\/v2\/comments?post=1080"}],"version-history":[{"count":4,"href":"https:\/\/vancleven.be\/fr\/wp-json\/wp\/v2\/pages\/1080\/revisions"}],"predecessor-version":[{"id":1246,"href":"https:\/\/vancleven.be\/fr\/wp-json\/wp\/v2\/pages\/1080\/revisions\/1246"}],"up":[{"embeddable":true,"href":"https:\/\/vancleven.be\/fr\/wp-json\/wp\/v2\/pages\/1004"}],"wp:featuredmedia":[{"embeddable":true,"href":"https:\/\/vancleven.be\/fr\/wp-json\/wp\/v2\/media\/180"}],"wp:attachment":[{"href":"https:\/\/vancleven.be\/fr\/wp-json\/wp\/v2\/media?parent=1080"}],"curies":[{"name":"wp","href":"https:\/\/api.w.org\/{rel}","templated":true}]}}